{"id":37631,"date":"2023-01-13T14:33:06","date_gmt":"2023-01-13T14:33:06","guid":{"rendered":"https:\/\/www.mysexualfantasy.eu\/?post_type=product&#038;p=37631"},"modified":"2023-12-06T15:19:08","modified_gmt":"2023-12-06T15:19:08","slug":"diablo-picante-guia-con-juegos-como-mejorar-tu-vida-sexual","status":"publish","type":"product","link":"https:\/\/www.mysexualfantasy.eu\/en\/product\/diablo-picante-guia-con-juegos-como-mejorar-tu-vida-sexual\/","title":{"rendered":"DIABLO PICANTE &#8211; GU\u00cdA CON JUEGOS C\u00d3MO MEJORAR TU VIDA SEXUAL"},"content":{"rendered":"<p><strong>GU\u00cdA CON JUEGOS C\u00d3MO MEJORAR TU VIDA SEXUAL<\/strong><\/p>\n<p>ESTE LIBRO CON JUEGOS EXTRAORDINARIAMENTE PRACTICO PARA ENQUIQUECER NUESTRA SEXUALIDAD. Lejos de la mera satisfacci\u00f3n biol\u00f3gica, la plenitud sexual resulta un factor fundamental en la felicidad humana. Pero alcanzarla no es tarea f\u00e1cil. El libro de la doctora Copolan es un gu\u00eda muy \u00fatil para mejorar cualquier aspecto de la sexualidad y por tanto alcanzar un grado de madurez satisfactorio. Se puede tener sexo apasionado con el c\u00f3nyuge? Se puede transformar lo habitual en extraordinario? Cu\u00e1les son los secretos de los grandes amantes de la historia?<\/p>\n<p>T\u00c9CNICAS Y CONSEJOS PRACTICOS PARA PODER A SER BUENOS AMANTES Y EVITAR LA MONOTON\u00cdA EN LA PAREJA. INCLUYE EJERCICIOS, INTRUCCIONES. CINTA DE BONDAGE, VENDA PARA LOS OJOS Y PLUMA ESTIMULANTE PARA QUE LO UTILICES CUANDO TE APETEZCA PARA AUMENTAR EL PLACER Y PROLONGAR EL ACTO SEXUAL.<\/p>\n<p>Idioma: Espa\u00f1ol<\/p>\n<p><strong>Diablo Picante<\/strong>, pioneros en Espa\u00f1a en la fabricaci\u00f3n\u00a0de art\u00edculos divertidos con tem\u00e1tica er\u00f3tica para todo tipo de celebraciones:\u00a0despedidas, cumplea\u00f1os, jubilaciones, bromas, fiestas y cualquier otro evento con amigos y compa\u00f1eros.<\/p>","protected":false},"excerpt":{"rendered":"<p>DIABLO PICANTE &#8211; GAME GUIDE HOW TO IMPROVE YOUR SEXUAL LIFE<\/p>","protected":false},"featured_media":68962,"comment_status":"open","ping_status":"closed","template":"","meta":{"_monsterinsights_skip_tracking":false,"_monsterinsights_sitenote_active":false,"_monsterinsights_sitenote_note":"","_monsterinsights_sitenote_category":0,"_joinchat":[]},"product_brand":[],"product_cat":[1240,616,1266,1253],"product_tag":[],"class_list":{"0":"post-37631","1":"product","2":"type-product","3":"status-publish","4":"has-post-thumbnail","6":"product_cat-articulos-varios","7":"product_cat-juegos","8":"product_cat-juegos-juegos-preliminares","9":"product_cat-articulos-varioslibreria-erotica","10":"yith_product_brand-diverty-sexdiablo-picante","11":"yith_product_brand-diverty-sex","13":"first","14":"instock","15":"taxable","16":"shipping-taxable","17":"purchasable","18":"product-type-simple"},"aioseo_notices":[],"_links":{"self":[{"href":"https:\/\/www.mysexualfantasy.eu\/en\/wp-json\/wp\/v2\/product\/37631","targetHints":{"allow":["GET"]}}],"collection":[{"href":"https:\/\/www.mysexualfantasy.eu\/en\/wp-json\/wp\/v2\/product"}],"about":[{"href":"https:\/\/www.mysexualfantasy.eu\/en\/wp-json\/wp\/v2\/types\/product"}],"replies":[{"embeddable":true,"href":"https:\/\/www.mysexualfantasy.eu\/en\/wp-json\/wp\/v2\/comments?post=37631"}],"wp:featuredmedia":[{"embeddable":true,"href":"https:\/\/www.mysexualfantasy.eu\/en\/wp-json\/wp\/v2\/media\/68962"}],"wp:attachment":[{"href":"https:\/\/www.mysexualfantasy.eu\/en\/wp-json\/wp\/v2\/media?parent=37631"}],"wp:term":[{"taxonomy":"product_brand","embeddable":true,"href":"https:\/\/www.mysexualfantasy.eu\/en\/wp-json\/wp\/v2\/product_brand?post=37631"},{"taxonomy":"product_cat","embeddable":true,"href":"https:\/\/www.mysexualfantasy.eu\/en\/wp-json\/wp\/v2\/product_cat?post=37631"},{"taxonomy":"product_tag","embeddable":true,"href":"https:\/\/www.mysexualfantasy.eu\/en\/wp-json\/wp\/v2\/product_tag?post=37631"}],"curies":[{"name":"wp","href":"https:\/\/api.w.org\/{rel}","templated":true}]}}