{"id":37634,"date":"2023-01-13T14:33:06","date_gmt":"2023-01-13T14:33:06","guid":{"rendered":"https:\/\/www.mysexualfantasy.eu\/?post_type=product&#038;p=37634"},"modified":"2023-12-06T15:19:08","modified_gmt":"2023-12-06T15:19:08","slug":"diablo-picante-guia-con-juegos-los-secretos-del-placer","status":"publish","type":"product","link":"https:\/\/www.mysexualfantasy.eu\/en\/product\/diablo-picante-guia-con-juegos-los-secretos-del-placer\/","title":{"rendered":"DIABLO PICANTE &#8211; GU\u00cdA CON JUEGOS LOS SECRETOS DEL PLACER"},"content":{"rendered":"<p><strong>GU\u00cdA CON JUEGOS LOS SECRETOS DEL PLACER<\/strong><\/p>\n<p>ESTE LIBRO CON JUEGOS REVELADOR Y APASIONENTE. COMO ALZANZAR LA PLENITUD SEXUAL. Nos introduce en las emociones de la uni\u00f3n de los cuerpos. Desde la seducci\u00f3n al orgasmo, pasando por el nacimiento del deseo, los gestos amorosos, los besos y las caricias, domine las t\u00e9cnicas del placer para disfrutar plena y satisfactoriamente de su sensualidad, convirti\u00e9ndose en el amante que su pareja espera y desea. Con 52 ilustraciones de las posiciones b\u00e1sicas para hacer el amor.<\/p>\n<p>INCLUYE EJERCICIOS, INTRUCCIONES, CINTA DE BONDAGE, VENDA PARA LOS OJOS Y PLUMA ESTIMULANTE PARA QUE LO UTILICES CUANDO TE APETEZCA PARA AUMENTAR EL PLACER Y PROLONGAR EL ACTO SEXUAL. DESCUBRA SU INFINITO POTENCIAL EROTICO.<\/p>\n<p>Idioma: Espa\u00f1ol<\/p>\n<p><strong>Diablo Picante<\/strong>, pioneros en Espa\u00f1a en la fabricaci\u00f3n\u00a0de art\u00edculos divertidos con tem\u00e1tica er\u00f3tica para todo tipo de celebraciones:\u00a0despedidas, cumplea\u00f1os, jubilaciones, bromas, fiestas y cualquier otro evento con amigos y compa\u00f1eros.<\/p>","protected":false},"excerpt":{"rendered":"<p>DIABLO PICANTE &#8211; GAME GUIDE SECRETS OF PLEASURE<\/p>","protected":false},"featured_media":68963,"comment_status":"open","ping_status":"closed","template":"","meta":{"_monsterinsights_skip_tracking":false,"_monsterinsights_sitenote_active":false,"_monsterinsights_sitenote_note":"","_monsterinsights_sitenote_category":0,"_joinchat":[]},"product_brand":[],"product_cat":[1240,616,1266,1253],"product_tag":[],"class_list":{"0":"post-37634","1":"product","2":"type-product","3":"status-publish","4":"has-post-thumbnail","6":"product_cat-articulos-varios","7":"product_cat-juegos","8":"product_cat-juegos-juegos-preliminares","9":"product_cat-articulos-varioslibreria-erotica","10":"yith_product_brand-diverty-sexdiablo-picante","11":"yith_product_brand-diverty-sex","13":"first","14":"instock","15":"taxable","16":"shipping-taxable","17":"purchasable","18":"product-type-simple"},"aioseo_notices":[],"_links":{"self":[{"href":"https:\/\/www.mysexualfantasy.eu\/en\/wp-json\/wp\/v2\/product\/37634","targetHints":{"allow":["GET"]}}],"collection":[{"href":"https:\/\/www.mysexualfantasy.eu\/en\/wp-json\/wp\/v2\/product"}],"about":[{"href":"https:\/\/www.mysexualfantasy.eu\/en\/wp-json\/wp\/v2\/types\/product"}],"replies":[{"embeddable":true,"href":"https:\/\/www.mysexualfantasy.eu\/en\/wp-json\/wp\/v2\/comments?post=37634"}],"wp:featuredmedia":[{"embeddable":true,"href":"https:\/\/www.mysexualfantasy.eu\/en\/wp-json\/wp\/v2\/media\/68963"}],"wp:attachment":[{"href":"https:\/\/www.mysexualfantasy.eu\/en\/wp-json\/wp\/v2\/media?parent=37634"}],"wp:term":[{"taxonomy":"product_brand","embeddable":true,"href":"https:\/\/www.mysexualfantasy.eu\/en\/wp-json\/wp\/v2\/product_brand?post=37634"},{"taxonomy":"product_cat","embeddable":true,"href":"https:\/\/www.mysexualfantasy.eu\/en\/wp-json\/wp\/v2\/product_cat?post=37634"},{"taxonomy":"product_tag","embeddable":true,"href":"https:\/\/www.mysexualfantasy.eu\/en\/wp-json\/wp\/v2\/product_tag?post=37634"}],"curies":[{"name":"wp","href":"https:\/\/api.w.org\/{rel}","templated":true}]}}