{"id":37635,"date":"2023-01-13T14:33:07","date_gmt":"2023-01-13T14:33:07","guid":{"rendered":"https:\/\/www.mysexualfantasy.eu\/?post_type=product&#038;p=37635"},"modified":"2023-12-06T15:19:09","modified_gmt":"2023-12-06T15:19:09","slug":"diablo-picante-guia-con-juegos-como-satisfacer-a-una-mujer","status":"publish","type":"product","link":"https:\/\/www.mysexualfantasy.eu\/en\/product\/diablo-picante-guia-con-juegos-como-satisfacer-a-una-mujer\/","title":{"rendered":"DIABLO PICANTE &#8211; GU\u00cdA CON JUEGOS C\u00d3MO SATISFACER A UNA MUJER"},"content":{"rendered":"<p><strong>GU\u00cdA CON JUEGOS C\u00d3MO SATISFACER A UNA MUJER<\/strong><\/p>\n<p>EN ESTE LIBRO CON JUEGOS ENCONTRAS LA LLAVE DE LA SEXUALIDAD FEMENINA. INCLUYE EJERCICIOS, INTRUCCIONES, CINTA DE BONDAGE, VENDA PARA LOS OJOS Y PLUMA ESTIMULANTE PARA QUE LO UTILICES CUANDO TE APETEZCA PARA AUMENTAR EL PLACER Y PROLONGAR EL ACTO SEXUAL.DESCUBRA SU INFINITO POTENCIAL EROTICO.<\/p>\n<p>Un breve y sugerente manual que le permitir\u00e1 conocer los secretos del placer para disfrutar plenamente de sus encuentros sexuales. El contacto f\u00edsico es una parte esencial del acto sexual y a las mujeres les gustan los hombres que saben utilizar las manos. Pero mientras algunos hombres tienen un don instintivo para tocar, a otros les cuesta m\u00e1s provocar una respuesta. Cuando el acto de tocar y la sensaci\u00f3n se funden como un medio de experiencia y expresi\u00f3n y el acto amoroso se convierte en un profundo intercambio f\u00edsico y emocional que nos revitaliza podemos decir que la practica sexual es satisfactoria. A trav\u00e9s de las p\u00e1ginas de este breve manual, el lector aprender\u00e1 todo cuanto debe saber acerca de la sexualidad femenina y del cuerpo de la mujer: su anatom\u00eda, su funcionamiento, las t\u00e9cnicas de estimulaci\u00f3n m\u00e1s efectivas y, sobre todo, las claves para disfrutar al m\u00e1ximo del sexo.<\/p>\n<p>Idioma: Espa\u00f1ol<\/p>\n<p><strong>Diablo Picante<\/strong>, pioneros en Espa\u00f1a en la fabricaci\u00f3n\u00a0de art\u00edculos divertidos con tem\u00e1tica er\u00f3tica para todo tipo de celebraciones:\u00a0despedidas, cumplea\u00f1os, jubilaciones, bromas, fiestas y cualquier otro evento con amigos y compa\u00f1eros.<\/p>","protected":false},"excerpt":{"rendered":"<p>DIABLO PICANTE &#8211; GAME GUIDE HOW TO SATISFY A WOMAN<\/p>","protected":false},"featured_media":68964,"comment_status":"open","ping_status":"closed","template":"","meta":{"_monsterinsights_skip_tracking":false,"_monsterinsights_sitenote_active":false,"_monsterinsights_sitenote_note":"","_monsterinsights_sitenote_category":0,"_joinchat":[]},"product_brand":[],"product_cat":[1240,616,1266,1253],"product_tag":[],"class_list":{"0":"post-37635","1":"product","2":"type-product","3":"status-publish","4":"has-post-thumbnail","6":"product_cat-articulos-varios","7":"product_cat-juegos","8":"product_cat-juegos-juegos-preliminares","9":"product_cat-articulos-varioslibreria-erotica","10":"yith_product_brand-diverty-sexdiablo-picante","11":"yith_product_brand-diverty-sex","13":"first","14":"instock","15":"taxable","16":"shipping-taxable","17":"purchasable","18":"product-type-simple"},"aioseo_notices":[],"_links":{"self":[{"href":"https:\/\/www.mysexualfantasy.eu\/en\/wp-json\/wp\/v2\/product\/37635","targetHints":{"allow":["GET"]}}],"collection":[{"href":"https:\/\/www.mysexualfantasy.eu\/en\/wp-json\/wp\/v2\/product"}],"about":[{"href":"https:\/\/www.mysexualfantasy.eu\/en\/wp-json\/wp\/v2\/types\/product"}],"replies":[{"embeddable":true,"href":"https:\/\/www.mysexualfantasy.eu\/en\/wp-json\/wp\/v2\/comments?post=37635"}],"wp:featuredmedia":[{"embeddable":true,"href":"https:\/\/www.mysexualfantasy.eu\/en\/wp-json\/wp\/v2\/media\/68964"}],"wp:attachment":[{"href":"https:\/\/www.mysexualfantasy.eu\/en\/wp-json\/wp\/v2\/media?parent=37635"}],"wp:term":[{"taxonomy":"product_brand","embeddable":true,"href":"https:\/\/www.mysexualfantasy.eu\/en\/wp-json\/wp\/v2\/product_brand?post=37635"},{"taxonomy":"product_cat","embeddable":true,"href":"https:\/\/www.mysexualfantasy.eu\/en\/wp-json\/wp\/v2\/product_cat?post=37635"},{"taxonomy":"product_tag","embeddable":true,"href":"https:\/\/www.mysexualfantasy.eu\/en\/wp-json\/wp\/v2\/product_tag?post=37635"}],"curies":[{"name":"wp","href":"https:\/\/api.w.org\/{rel}","templated":true}]}}