{"id":37652,"date":"2023-01-13T14:33:13","date_gmt":"2023-01-13T14:33:13","guid":{"rendered":"https:\/\/www.mysexualfantasy.eu\/?post_type=product&#038;p=37652"},"modified":"2023-12-06T16:21:10","modified_gmt":"2023-12-06T16:21:10","slug":"diablo-picante-benjamin-dore-para-una-noche-de-placer","status":"publish","type":"product","link":"https:\/\/www.mysexualfantasy.eu\/en\/product\/diablo-picante-benjamin-dore-para-una-noche-de-placer\/","title":{"rendered":"DIABLO PICANTE &#8211; BENJAM\u00cdN DORE PARA UNA NOCHE DE PLACER"},"content":{"rendered":"<p><strong>BENJAM\u00cdN DORE CON LAMINAS DE ORO 22 KILATES PARA UNA NOCHE DE PLACER<\/strong><\/p>\n<p>ESTUCHE con un BENJAMIN DORE CON LAMINAS DE ORO DE 22 KILATES de car\u00e1cter afrutado, fresco y joven, compuesto por un vino espumoso muy selecto CON LAMINAS DE ORO de 22 KILATES PARA UNA NOCHE DE PLACER.<\/p>\n<p>Adem\u00e1s, contiene el JUEGO DE LAS ANILLAS que tirando las anillas y acertando dentro del benjam\u00edn el jugador QUE M\u00c1S ACIERTE tendr\u00e1 un privilegio en utilizar los ARTICULOS CUANDO QUIERA. Tambi\u00e9n contiene\u00a0CINTA DE BONDAGE, VENDA PARA LOS OJOS, PLUMA ESTIMULANTE, DADO blanco de gran calidad y un MINI VIBRADOR.<\/p>\n<p><strong>Diablo Picante<\/strong>, pioneros en Espa\u00f1a en la fabricaci\u00f3n\u00a0de art\u00edculos divertidos con tem\u00e1tica er\u00f3tica para todo tipo de celebraciones:\u00a0despedidas, cumplea\u00f1os, jubilaciones, bromas, fiestas y cualquier otro evento con amigos y compa\u00f1eros.<\/p>","protected":false},"excerpt":{"rendered":"<p>DIABLO PICANTE &#8211; BENJAMIN DORE FOR A NIGHT OF PLEASURE<\/p>","protected":false},"featured_media":68979,"comment_status":"open","ping_status":"closed","template":"","meta":{"_monsterinsights_skip_tracking":false,"_monsterinsights_sitenote_active":false,"_monsterinsights_sitenote_note":"","_monsterinsights_sitenote_category":0,"_joinchat":[]},"product_brand":[],"product_cat":[1240,616,1267,1383],"product_tag":[],"class_list":{"0":"post-37652","1":"product","2":"type-product","3":"status-publish","4":"has-post-thumbnail","6":"product_cat-articulos-varios","7":"product_cat-juegos","8":"product_cat-juegos-juegos-en-espanol","9":"product_cat-articulos-varioskits-parejas","10":"yith_product_brand-diverty-sexdiablo-picante","11":"yith_product_brand-diverty-sex","13":"first","14":"instock","15":"taxable","16":"shipping-taxable","17":"purchasable","18":"product-type-simple"},"aioseo_notices":[],"_links":{"self":[{"href":"https:\/\/www.mysexualfantasy.eu\/en\/wp-json\/wp\/v2\/product\/37652","targetHints":{"allow":["GET"]}}],"collection":[{"href":"https:\/\/www.mysexualfantasy.eu\/en\/wp-json\/wp\/v2\/product"}],"about":[{"href":"https:\/\/www.mysexualfantasy.eu\/en\/wp-json\/wp\/v2\/types\/product"}],"replies":[{"embeddable":true,"href":"https:\/\/www.mysexualfantasy.eu\/en\/wp-json\/wp\/v2\/comments?post=37652"}],"wp:featuredmedia":[{"embeddable":true,"href":"https:\/\/www.mysexualfantasy.eu\/en\/wp-json\/wp\/v2\/media\/68979"}],"wp:attachment":[{"href":"https:\/\/www.mysexualfantasy.eu\/en\/wp-json\/wp\/v2\/media?parent=37652"}],"wp:term":[{"taxonomy":"product_brand","embeddable":true,"href":"https:\/\/www.mysexualfantasy.eu\/en\/wp-json\/wp\/v2\/product_brand?post=37652"},{"taxonomy":"product_cat","embeddable":true,"href":"https:\/\/www.mysexualfantasy.eu\/en\/wp-json\/wp\/v2\/product_cat?post=37652"},{"taxonomy":"product_tag","embeddable":true,"href":"https:\/\/www.mysexualfantasy.eu\/en\/wp-json\/wp\/v2\/product_tag?post=37652"}],"curies":[{"name":"wp","href":"https:\/\/api.w.org\/{rel}","templated":true}]}}