{"id":37720,"date":"2023-01-13T12:18:02","date_gmt":"2023-01-13T12:18:02","guid":{"rendered":"https:\/\/www.mysexualfantasy.eu\/?post_type=product&#038;p=37720"},"modified":"2023-12-06T16:16:36","modified_gmt":"2023-12-06T16:16:36","slug":"obsessive-yassmyne-tanga-s-m","status":"publish","type":"product","link":"https:\/\/www.mysexualfantasy.eu\/en\/product\/obsessive-yassmyne-tanga-s-m\/","title":{"rendered":"OBSESSIVE &#8211; YASSMYNE TANGA S\/M"},"content":{"rendered":"<p>Lencer\u00eda aparentemente cl\u00e1sica que despertar\u00e1 tu naturaleza tentadora? \u00a1El tanga Yassmyne decorado con encaje azul es una garant\u00eda de un efecto wow! \u00a1Este es exactamente el tipo de lencer\u00eda obsesivamente hermosa que te pondr\u00e1s para tu amante esta noche! No digas que no te advertimos \ud83d\ude09<\/p>\n<p>M\u00e1s detalles:<\/p>\n<ul>\n<li>Sexy tanga yassmyne de encajes: \u00a1se ajustan a todas las formas!<\/li>\n<li>Encaje excepcionalmente encantador en un color azul<\/li>\n<li>Combinaci\u00f3n geom\u00e9trica de correas<\/li>\n<li>Patr\u00f3n floral<\/li>\n<li>Un colgante de plata en la parte delantera<\/li>\n<li>Bordes acabados con encajes<\/li>\n<li>Material con una delicadeza maravillosa (90% poliamida, 10% elastano)<\/li>\n<\/ul>\n<p 1.5=\"\" color:=\"\" font-size:=\"\" line-height:=\"\" margin-top:=\"\" roboto=\"\" style=\"box-sizing: border-box;\">\u00a1Obsessive significa inspiraci\u00f3n en la mujer!\u00a0 Elegancia, sensualidad, amor a la costura&#8230;.significa mucho para la mujer, pocos son los adjetivos que pueden calificar a Obsessive, donde una labor de a\u00f1os han conseguido unir la mejor relaci\u00f3n calidad-precio.<\/p>\n<p 1.5=\"\" color:=\"\" font-size:=\"\" line-height:=\"\" margin-top:=\"\" roboto=\"\" style=\"box-sizing: border-box;\">\u00a1L\u00edderes mundiales en lencer\u00eda, nadie lo hace mejor!<\/p>\n<p>\u00a0<\/p>\n<p style=\"text-align: center;\"><img decoding=\"async\" src=\"https:\/\/store.dreamlove.es\/UserFiles\/images\/SIZES.png\" \/><\/p>","protected":false},"excerpt":{"rendered":"<p>OBSESSIVE &#8211; YASSMYNE THONG S\/M<\/p>","protected":false},"featured_media":48642,"comment_status":"open","ping_status":"closed","template":"","meta":{"_monsterinsights_skip_tracking":false,"_monsterinsights_sitenote_active":false,"_monsterinsights_sitenote_note":"","_monsterinsights_sitenote_category":0,"_joinchat":[]},"product_brand":[],"product_cat":[1325,1196,1199,1166,1326],"product_tag":[],"class_list":{"0":"post-37720","1":"product","2":"type-product","3":"status-publish","4":"has-post-thumbnail","6":"product_cat-moda-lencerialenceria-mujerlenceria-sexybragas-sexys","7":"product_cat-moda-lencerialenceria-mujer","8":"product_cat-moda-lencerialenceria-mujerlenceria-sexy","9":"product_cat-moda-lenceria","10":"product_cat-moda-lencerialenceria-mujerlenceria-sexybragas-sexystangas-mujer","11":"yith_product_brand-obsessive","12":"yith_product_brand-obsessiveobsessive-panties-thong","14":"first","15":"instock","16":"taxable","17":"shipping-taxable","18":"purchasable","19":"product-type-variable"},"aioseo_notices":[],"_links":{"self":[{"href":"https:\/\/www.mysexualfantasy.eu\/en\/wp-json\/wp\/v2\/product\/37720","targetHints":{"allow":["GET"]}}],"collection":[{"href":"https:\/\/www.mysexualfantasy.eu\/en\/wp-json\/wp\/v2\/product"}],"about":[{"href":"https:\/\/www.mysexualfantasy.eu\/en\/wp-json\/wp\/v2\/types\/product"}],"replies":[{"embeddable":true,"href":"https:\/\/www.mysexualfantasy.eu\/en\/wp-json\/wp\/v2\/comments?post=37720"}],"wp:featuredmedia":[{"embeddable":true,"href":"https:\/\/www.mysexualfantasy.eu\/en\/wp-json\/wp\/v2\/media\/48642"}],"wp:attachment":[{"href":"https:\/\/www.mysexualfantasy.eu\/en\/wp-json\/wp\/v2\/media?parent=37720"}],"wp:term":[{"taxonomy":"product_brand","embeddable":true,"href":"https:\/\/www.mysexualfantasy.eu\/en\/wp-json\/wp\/v2\/product_brand?post=37720"},{"taxonomy":"product_cat","embeddable":true,"href":"https:\/\/www.mysexualfantasy.eu\/en\/wp-json\/wp\/v2\/product_cat?post=37720"},{"taxonomy":"product_tag","embeddable":true,"href":"https:\/\/www.mysexualfantasy.eu\/en\/wp-json\/wp\/v2\/product_tag?post=37720"}],"curies":[{"name":"wp","href":"https:\/\/api.w.org\/{rel}","templated":true}]}}