{"id":37721,"date":"2023-01-13T14:33:16","date_gmt":"2023-01-13T14:33:16","guid":{"rendered":"https:\/\/www.mysexualfantasy.eu\/?post_type=product&#038;p=37721"},"modified":"2023-12-06T15:21:42","modified_gmt":"2023-12-06T15:21:42","slug":"diablo-picante-tres-en-raya-kamasutra","status":"publish","type":"product","link":"https:\/\/www.mysexualfantasy.eu\/en\/product\/diablo-picante-tres-en-raya-kamasutra\/","title":{"rendered":"DIABLO PICANTE &#8211; TRES EN RAYA KAMASUTRA"},"content":{"rendered":"<p><strong>TRES EN RAYA DEL KAMASUTRA<\/strong><\/p>\n<p>Es un juego del tres en raya edici\u00f3n KAMASUTRA. Contiene tablero, 3 figuras PITO, 3 figuras TETA y 1 un DADO de gran calidad.<\/p>\n<p><strong>Diablo Picante<\/strong>, pioneros en Espa\u00f1a en la fabricaci\u00f3n\u00a0de art\u00edculos divertidos con tem\u00e1tica er\u00f3tica para todo tipo de celebraciones:\u00a0despedidas, cumplea\u00f1os, jubilaciones, bromas, fiestas y cualquier otro evento con amigos y compa\u00f1eros.<\/p>","protected":false},"excerpt":{"rendered":"<p>DIABLO PICANTE &#8211; KAMASUTRA TIC-TAC-TOE<\/p>","protected":false},"featured_media":68985,"comment_status":"open","ping_status":"closed","template":"","meta":{"_monsterinsights_skip_tracking":false,"_monsterinsights_sitenote_active":false,"_monsterinsights_sitenote_note":"","_monsterinsights_sitenote_category":0,"_joinchat":[]},"product_brand":[],"product_cat":[1243,1240,616,1234,1232,1272,1267,1271,1236,1274,1273,1266],"product_tag":[],"class_list":{"0":"post-37721","1":"product","2":"type-product","3":"status-publish","4":"has-post-thumbnail","6":"product_cat-articulos-variosarticulos-divertidos","7":"product_cat-articulos-varios","8":"product_cat-juegos","9":"product_cat-juegos-juegos-de-mesa","10":"product_cat-juegos-juegos-de-pareja","11":"product_cat-juegos-juegos-en-aleman","12":"product_cat-juegos-juegos-en-espanol","13":"product_cat-juegos-juegos-en-frances","14":"product_cat-juegos-juegos-en-ingles","15":"product_cat-juegos-juegos-en-italiano","16":"product_cat-juegos-juegos-en-portugues","17":"product_cat-juegos-juegos-preliminares","18":"yith_product_brand-diverty-sexdiablo-picante","19":"yith_product_brand-diverty-sex","21":"first","22":"instock","23":"taxable","24":"shipping-taxable","25":"purchasable","26":"product-type-simple"},"aioseo_notices":[],"_links":{"self":[{"href":"https:\/\/www.mysexualfantasy.eu\/en\/wp-json\/wp\/v2\/product\/37721","targetHints":{"allow":["GET"]}}],"collection":[{"href":"https:\/\/www.mysexualfantasy.eu\/en\/wp-json\/wp\/v2\/product"}],"about":[{"href":"https:\/\/www.mysexualfantasy.eu\/en\/wp-json\/wp\/v2\/types\/product"}],"replies":[{"embeddable":true,"href":"https:\/\/www.mysexualfantasy.eu\/en\/wp-json\/wp\/v2\/comments?post=37721"}],"wp:featuredmedia":[{"embeddable":true,"href":"https:\/\/www.mysexualfantasy.eu\/en\/wp-json\/wp\/v2\/media\/68985"}],"wp:attachment":[{"href":"https:\/\/www.mysexualfantasy.eu\/en\/wp-json\/wp\/v2\/media?parent=37721"}],"wp:term":[{"taxonomy":"product_brand","embeddable":true,"href":"https:\/\/www.mysexualfantasy.eu\/en\/wp-json\/wp\/v2\/product_brand?post=37721"},{"taxonomy":"product_cat","embeddable":true,"href":"https:\/\/www.mysexualfantasy.eu\/en\/wp-json\/wp\/v2\/product_cat?post=37721"},{"taxonomy":"product_tag","embeddable":true,"href":"https:\/\/www.mysexualfantasy.eu\/en\/wp-json\/wp\/v2\/product_tag?post=37721"}],"curies":[{"name":"wp","href":"https:\/\/api.w.org\/{rel}","templated":true}]}}