{"id":37739,"date":"2023-01-13T14:33:20","date_gmt":"2023-01-13T14:33:20","guid":{"rendered":"https:\/\/www.mysexualfantasy.eu\/?post_type=product&#038;p=37739"},"modified":"2023-12-06T15:20:20","modified_gmt":"2023-12-06T15:20:20","slug":"diablo-picante-juego-corazon-seductor","status":"publish","type":"product","link":"https:\/\/www.mysexualfantasy.eu\/en\/product\/diablo-picante-juego-corazon-seductor\/","title":{"rendered":"DIABLO PICANTE &#8211; JUEGO CORAZ\u00d3N SEDUCTOR"},"content":{"rendered":"<p><strong>JUEGO DEL CORAZ\u00d3N SEDUCTOR<\/strong><\/p>\n<p>CORAZ\u00d3N SEDUCTOR\u00a0es un juego con tablero y pruebas de seducci\u00f3n y pasi\u00f3n. Vas tirando el dado y avanzando casillas alternativamente, haciendo las pruebas del\u00a0juego y realiz\u00e1ndolas\u00a0sobre la marcha. Esto NO lo hace menos interesante para nada.<\/p>\n<p>En CORAZ\u00d3N SEDUCTOR, por sus caracter\u00edsticas, solo podr\u00e9is controlar el inicio de la partida, para pasar a ser controlados de mente y cuerpo por el embrujo de sus pruebas. Decir he ganado o perdido, no cabe en este juego. Solo hay ganadores. \u00a1Disfr\u00fatalo!<\/p>\n<p>Se aconseja: Antes de comenzar, preparar bebidas de vuestro agrado, hielo, frutas, chuches, cremas, aceite de masaje o pinturas comestibles, todo esto para untar y pod\u00e9rselo comer. Al comenzar, crear un ambiente agradable encendiendo la velita arom\u00e1tica y lo que a vuestra imaginaci\u00f3n se le ocurra. Los distintos obst\u00e1culos, har\u00e1n sensibilizarnos lo suficiente para que sint\u00e1is las sensaciones m\u00e1s excitantes que imagin\u00e9is. La diversi\u00f3n est\u00e1\u00a0servida, de aqu\u00ed, al erotismo, del erotismo a la sensualidad, de la sensualidad al amor y del amor,\u00a0sin lugar a dudas, al cl\u00edmax.<\/p>\n<p>Regla de oro. Hay pruebas que al referirlas se da a entender o se dice directamente que est\u00e9n desnudos o vestidos, en el caso de que la prueba sea desnudos, y est\u00e9is vestidos, o en caso contrario, est\u00e9is desnudos y la prueba sea vestidos, la prueba la realiz\u00e1is como se le indica, pero acto seguido vuelven a estar como al comienzo.<\/p>\n<p>CONTENIDO DEL JUEGO: TABLERO 28&#215;28 cm\u00a0plastificado,\u00a01 figura pito, 1 figura teta,\u00a02 fichas, 2 dados, 2 cubiletes, 1 reloj de arena,\u00a01 CINTA BONDAGE, 1 DADO SEXUAL, 1 PLUMA ESTIMULANTE y 1 VENDA PARA LOS OJOS.<\/p>\n<p><strong>Diablo Picante<\/strong>, pioneros en Espa\u00f1a en la fabricaci\u00f3n\u00a0de art\u00edculos divertidos con tem\u00e1tica er\u00f3tica para todo tipo de celebraciones:\u00a0despedidas, cumplea\u00f1os, jubilaciones, bromas, fiestas y cualquier otro evento con amigos y compa\u00f1eros.<\/p>","protected":false},"excerpt":{"rendered":"<p>DIABLO PICANTE &#8211; SEDUCTIVE HEART GAME<\/p>","protected":false},"featured_media":68994,"comment_status":"open","ping_status":"closed","template":"","meta":{"_monsterinsights_skip_tracking":false,"_monsterinsights_sitenote_active":false,"_monsterinsights_sitenote_note":"","_monsterinsights_sitenote_category":0,"_joinchat":[]},"product_brand":[],"product_cat":[1243,1240,616,1234,1232,1267],"product_tag":[],"class_list":{"0":"post-37739","1":"product","2":"type-product","3":"status-publish","4":"has-post-thumbnail","6":"product_cat-articulos-variosarticulos-divertidos","7":"product_cat-articulos-varios","8":"product_cat-juegos","9":"product_cat-juegos-juegos-de-mesa","10":"product_cat-juegos-juegos-de-pareja","11":"product_cat-juegos-juegos-en-espanol","12":"yith_product_brand-diverty-sexdiablo-picante","13":"yith_product_brand-diverty-sex","15":"first","16":"instock","17":"taxable","18":"shipping-taxable","19":"purchasable","20":"product-type-simple"},"aioseo_notices":[],"_links":{"self":[{"href":"https:\/\/www.mysexualfantasy.eu\/en\/wp-json\/wp\/v2\/product\/37739","targetHints":{"allow":["GET"]}}],"collection":[{"href":"https:\/\/www.mysexualfantasy.eu\/en\/wp-json\/wp\/v2\/product"}],"about":[{"href":"https:\/\/www.mysexualfantasy.eu\/en\/wp-json\/wp\/v2\/types\/product"}],"replies":[{"embeddable":true,"href":"https:\/\/www.mysexualfantasy.eu\/en\/wp-json\/wp\/v2\/comments?post=37739"}],"wp:featuredmedia":[{"embeddable":true,"href":"https:\/\/www.mysexualfantasy.eu\/en\/wp-json\/wp\/v2\/media\/68994"}],"wp:attachment":[{"href":"https:\/\/www.mysexualfantasy.eu\/en\/wp-json\/wp\/v2\/media?parent=37739"}],"wp:term":[{"taxonomy":"product_brand","embeddable":true,"href":"https:\/\/www.mysexualfantasy.eu\/en\/wp-json\/wp\/v2\/product_brand?post=37739"},{"taxonomy":"product_cat","embeddable":true,"href":"https:\/\/www.mysexualfantasy.eu\/en\/wp-json\/wp\/v2\/product_cat?post=37739"},{"taxonomy":"product_tag","embeddable":true,"href":"https:\/\/www.mysexualfantasy.eu\/en\/wp-json\/wp\/v2\/product_tag?post=37739"}],"curies":[{"name":"wp","href":"https:\/\/api.w.org\/{rel}","templated":true}]}}