{"id":37741,"date":"2023-01-13T14:33:22","date_gmt":"2023-01-13T14:33:22","guid":{"rendered":"https:\/\/www.mysexualfantasy.eu\/?post_type=product&#038;p=37741"},"modified":"2023-12-06T15:20:22","modified_gmt":"2023-12-06T15:20:22","slug":"diablo-picante-juego-de-los-chupitos-eroticos","status":"publish","type":"product","link":"https:\/\/www.mysexualfantasy.eu\/en\/product\/diablo-picante-juego-de-los-chupitos-eroticos\/","title":{"rendered":"DIABLO PICANTE &#8211; JUEGO DE LOS CHUPITOS ER\u00d3TICOS"},"content":{"rendered":"<p><strong>JUEGO DEL BONDAGE<\/strong><\/p>\n<p>DIVERTIDO JUEGO PARA DISFRUTAR EN PAREJA O CON AMIGOS. El juego de los chupitos er\u00f3ticos es un juego para empezar los preliminares con varios tipos de besos seg\u00fan donde caigas y acciones y pudiendo utilizar todos los objetos que lleva.<\/p>\n<p>CONTIENE: 4 CHUPITOS, INSTRUCIONES, CINTA DE BONDAGE, VENDA PARA LOS OJOS, PLUMA ESTIMULANTE, UN DADO,\u00a0RELOJ DE ARENA, FIGURA PITO Y FIGURA TETA, 2 FICHAS, 2 CUBILETES, 2 DADOS NUMERICOS Y UN TABLERO PLASTIFICADO A TODO COLOR.<\/p>\n<p>DALE RIENDA SUELTA A TU IMAGINACION. SEXO CON IMAGINACI\u00d3N PARA TODO EL A\u00d1O. \u00a1A JUGAR!<\/p>\n<p><strong>Diablo Picante<\/strong>, pioneros en Espa\u00f1a en la fabricaci\u00f3n\u00a0de art\u00edculos divertidos con tem\u00e1tica er\u00f3tica para todo tipo de celebraciones:\u00a0despedidas, cumplea\u00f1os, jubilaciones, bromas, fiestas y cualquier otro evento con amigos y compa\u00f1eros.<\/p>","protected":false},"excerpt":{"rendered":"<p>DIABLO PICANTE &#8211; EROTIC SHOTS GAME<\/p>","protected":false},"featured_media":68998,"comment_status":"open","ping_status":"closed","template":"","meta":{"_monsterinsights_skip_tracking":false,"_monsterinsights_sitenote_active":false,"_monsterinsights_sitenote_note":"","_monsterinsights_sitenote_category":0,"_joinchat":[]},"product_brand":[],"product_cat":[1243,1240,616,1234,1233,1267,1266],"product_tag":[],"class_list":{"0":"post-37741","1":"product","2":"type-product","3":"status-publish","4":"has-post-thumbnail","6":"product_cat-articulos-variosarticulos-divertidos","7":"product_cat-articulos-varios","8":"product_cat-juegos","9":"product_cat-juegos-juegos-de-mesa","10":"product_cat-juegos-juegos-de-sociedad","11":"product_cat-juegos-juegos-en-espanol","12":"product_cat-juegos-juegos-preliminares","13":"yith_product_brand-diverty-sexdiablo-picante","14":"yith_product_brand-diverty-sex","16":"first","17":"instock","18":"taxable","19":"shipping-taxable","20":"purchasable","21":"product-type-simple"},"aioseo_notices":[],"_links":{"self":[{"href":"https:\/\/www.mysexualfantasy.eu\/en\/wp-json\/wp\/v2\/product\/37741","targetHints":{"allow":["GET"]}}],"collection":[{"href":"https:\/\/www.mysexualfantasy.eu\/en\/wp-json\/wp\/v2\/product"}],"about":[{"href":"https:\/\/www.mysexualfantasy.eu\/en\/wp-json\/wp\/v2\/types\/product"}],"replies":[{"embeddable":true,"href":"https:\/\/www.mysexualfantasy.eu\/en\/wp-json\/wp\/v2\/comments?post=37741"}],"wp:featuredmedia":[{"embeddable":true,"href":"https:\/\/www.mysexualfantasy.eu\/en\/wp-json\/wp\/v2\/media\/68998"}],"wp:attachment":[{"href":"https:\/\/www.mysexualfantasy.eu\/en\/wp-json\/wp\/v2\/media?parent=37741"}],"wp:term":[{"taxonomy":"product_brand","embeddable":true,"href":"https:\/\/www.mysexualfantasy.eu\/en\/wp-json\/wp\/v2\/product_brand?post=37741"},{"taxonomy":"product_cat","embeddable":true,"href":"https:\/\/www.mysexualfantasy.eu\/en\/wp-json\/wp\/v2\/product_cat?post=37741"},{"taxonomy":"product_tag","embeddable":true,"href":"https:\/\/www.mysexualfantasy.eu\/en\/wp-json\/wp\/v2\/product_tag?post=37741"}],"curies":[{"name":"wp","href":"https:\/\/api.w.org\/{rel}","templated":true}]}}