{"id":37794,"date":"2023-01-13T14:44:55","date_gmt":"2023-01-13T14:44:55","guid":{"rendered":"https:\/\/www.mysexualfantasy.eu\/?post_type=product&#038;p=37794"},"modified":"2023-11-28T22:22:31","modified_gmt":"2023-11-28T22:22:31","slug":"obsessive-redessia-set-dos-piezas-s-m","status":"publish","type":"product","link":"https:\/\/www.mysexualfantasy.eu\/en\/product\/obsessive-redessia-set-dos-piezas-s-m\/","title":{"rendered":"OBSESSIVE &#8211; REDESSIA SET DOS PIEZAS S\/M"},"content":{"rendered":"<p>Tienes una velada rom\u00e1ntica con tu ser querido por delante y no tienes idea de con qu\u00e9 sorprenderlo? Echa un vistazo al conjunto Redessia: encaje seductor, lazos de sat\u00e9n y correas el\u00e1sticas que enfatizan perfectamente las caderas. Suponemos que t\u00fa misma\u00a0no esperabas que pudieras enamorarte tan r\u00e1pido, verdad? Ahora presta atenci\u00f3n a la combinaci\u00f3n sexy de negro y rojo, el fenomenal patr\u00f3n floral y el encaje de pesta\u00f1as que completa los bordes.<\/p>\n<p>Redessia te ha robado el coraz\u00f3n con un estilo muy juguet\u00f3n&#8230;<\/p>\n<p>Es hora de conocer m\u00e1s detalles:<\/p>\n<ul>\n<li>El set incluye parte superior y tanga<\/li>\n<li>Top de encaje forrado con tela negra en el busto, hecho para llamar la atenci\u00f3n<\/li>\n<li>Correas ajustables adornadas con lazos de sat\u00e9n<\/li>\n<li>Copas r\u00edgidas<\/li>\n<li>Tanga\u00a0con correas: caderas y gl\u00fateos fenomenalmente enfatizados<\/li>\n<li>Bordes decorados con encaje de pesta\u00f1as<\/li>\n<li>Colgante juguetonamente brillante en el vientre<\/li>\n<li>Una combinaci\u00f3n de colores que trae pensamientos traviesos a la mente: rojo coqueto y negro profundo<\/li>\n<li>Material extremadamente agradable y perfectamente el\u00e1stico (90% poliamida, 10% elastano)<\/li>\n<\/ul>\n<p 1.5=\"\" color:=\"\" font-size:=\"\" line-height:=\"\" margin-top:=\"\" roboto=\"\" style=\"box-sizing: border-box;\">\u00a1Obsessive significa inspiraci\u00f3n en la mujer!\u00a0 Elegancia, sensualidad, amor a la costura&#8230;.significa mucho para la mujer, pocos son los adjetivos que pueden calificar a Obsessive, donde una labor de a\u00f1os han conseguido unir la mejor relaci\u00f3n calidad-precio.<\/p>\n<p 1.5=\"\" color:=\"\" font-size:=\"\" line-height:=\"\" margin-top:=\"\" roboto=\"\" style=\"box-sizing: border-box;\">\u00a1L\u00edderes mundiales en lencer\u00eda, nadie lo hace mejor!<\/p>\n<p style=\"text-align: center;\"><img decoding=\"async\" src=\"https:\/\/store.dreamlove.es\/UserFiles\/images\/SIZES.png\" \/><\/p>","protected":false},"excerpt":{"rendered":"<p>OBSESSIVE &#8211; REDESSIA TWO PIECES SET S\/M<\/p>","protected":false},"featured_media":70924,"comment_status":"open","ping_status":"closed","template":"","meta":{"_monsterinsights_skip_tracking":false,"_monsterinsights_sitenote_active":false,"_monsterinsights_sitenote_note":"","_monsterinsights_sitenote_category":0,"_joinchat":[]},"product_brand":[],"product_cat":[1143,326,948,1139,1149,1147],"product_tag":[],"class_list":{"0":"post-37794","1":"product","2":"type-product","3":"status-publish","4":"has-post-thumbnail","6":"product_cat-lencerialenceria-mujerlenceria-sexyconjuntos-2-piezas","7":"product_cat-lenceria","8":"product_cat-lencerialenceria-mujer","9":"product_cat-lencerialenceria-mujerlenceria-sexy","10":"product_cat-lencerialenceria-mujerlenceria-sexysujetador-y-parte-inferior","11":"product_cat-lencerialenceria-mujerlenceria-sexytangas-culots","12":"yith_product_brand-obsessive","13":"yith_product_brand-obsessiveobsessive-sets","15":"first","16":"instock","17":"taxable","18":"shipping-taxable","19":"product-type-variable"},"aioseo_notices":[],"_links":{"self":[{"href":"https:\/\/www.mysexualfantasy.eu\/en\/wp-json\/wp\/v2\/product\/37794","targetHints":{"allow":["GET"]}}],"collection":[{"href":"https:\/\/www.mysexualfantasy.eu\/en\/wp-json\/wp\/v2\/product"}],"about":[{"href":"https:\/\/www.mysexualfantasy.eu\/en\/wp-json\/wp\/v2\/types\/product"}],"replies":[{"embeddable":true,"href":"https:\/\/www.mysexualfantasy.eu\/en\/wp-json\/wp\/v2\/comments?post=37794"}],"wp:featuredmedia":[{"embeddable":true,"href":"https:\/\/www.mysexualfantasy.eu\/en\/wp-json\/wp\/v2\/media\/70924"}],"wp:attachment":[{"href":"https:\/\/www.mysexualfantasy.eu\/en\/wp-json\/wp\/v2\/media?parent=37794"}],"wp:term":[{"taxonomy":"product_brand","embeddable":true,"href":"https:\/\/www.mysexualfantasy.eu\/en\/wp-json\/wp\/v2\/product_brand?post=37794"},{"taxonomy":"product_cat","embeddable":true,"href":"https:\/\/www.mysexualfantasy.eu\/en\/wp-json\/wp\/v2\/product_cat?post=37794"},{"taxonomy":"product_tag","embeddable":true,"href":"https:\/\/www.mysexualfantasy.eu\/en\/wp-json\/wp\/v2\/product_tag?post=37794"}],"curies":[{"name":"wp","href":"https:\/\/api.w.org\/{rel}","templated":true}]}}