{"id":37813,"date":"2023-01-13T14:33:40","date_gmt":"2023-01-13T14:33:40","guid":{"rendered":"https:\/\/www.mysexualfantasy.eu\/?post_type=product&#038;p=37813"},"modified":"2023-12-06T16:21:08","modified_gmt":"2023-12-06T16:21:08","slug":"recortesona-caja-de-caramelos","status":"publish","type":"product","link":"https:\/\/www.mysexualfantasy.eu\/en\/product\/recortesona-caja-de-caramelos\/","title":{"rendered":"RECORTESONA CAJA DE CARAMELOS."},"content":{"rendered":"<p><strong>CAJA DE MEDICAMENTOS RECORTESONA<\/strong><\/p>\n<p>Elimina subsidios, becas y todo tipo de ayudas. RECORTESONA, alivio sintom\u00e1tico de tu cartera.<\/p>\n<p>Especialmente indicado para tratamientos sanitarios, desempleo e inicio del curso escolar.<\/p>\n<p>Contiene un surtido de caramelos de az\u00facar con aroma a frutas.<\/p>\n<p><strong>Diablo Picante<\/strong>, pioneros en Espa\u00f1a en la fabricaci\u00f3n\u00a0de art\u00edculos divertidos con tem\u00e1tica er\u00f3tica para todo tipo de celebraciones:\u00a0despedidas, cumplea\u00f1os, jubilaciones, bromas, fiestas y cualquier otro evento con amigos y compa\u00f1eros.<\/p>","protected":false},"excerpt":{"rendered":"<p>RECORTESONA CAJA DE CARAMELOS.<\/p>","protected":false},"featured_media":69034,"comment_status":"open","ping_status":"closed","template":"","meta":{"_monsterinsights_skip_tracking":false,"_monsterinsights_sitenote_active":false,"_monsterinsights_sitenote_note":"","_monsterinsights_sitenote_category":0,"_joinchat":[]},"product_brand":[],"product_cat":[1240,1382,1379,148],"product_tag":[],"class_list":{"0":"post-37813","1":"product","2":"type-product","3":"status-publish","4":"has-post-thumbnail","6":"product_cat-articulos-varios","7":"product_cat-articulos-variosdulcescaramelos-divertidos","8":"product_cat-articulos-variosdulces","9":"product_cat-ofertas","10":"yith_product_brand-diverty-sexdiablo-goloso","11":"yith_product_brand-diverty-sex","13":"first","14":"instock","15":"taxable","16":"shipping-taxable","17":"purchasable","18":"product-type-simple"},"aioseo_notices":[],"_links":{"self":[{"href":"https:\/\/www.mysexualfantasy.eu\/en\/wp-json\/wp\/v2\/product\/37813","targetHints":{"allow":["GET"]}}],"collection":[{"href":"https:\/\/www.mysexualfantasy.eu\/en\/wp-json\/wp\/v2\/product"}],"about":[{"href":"https:\/\/www.mysexualfantasy.eu\/en\/wp-json\/wp\/v2\/types\/product"}],"replies":[{"embeddable":true,"href":"https:\/\/www.mysexualfantasy.eu\/en\/wp-json\/wp\/v2\/comments?post=37813"}],"wp:featuredmedia":[{"embeddable":true,"href":"https:\/\/www.mysexualfantasy.eu\/en\/wp-json\/wp\/v2\/media\/69034"}],"wp:attachment":[{"href":"https:\/\/www.mysexualfantasy.eu\/en\/wp-json\/wp\/v2\/media?parent=37813"}],"wp:term":[{"taxonomy":"product_brand","embeddable":true,"href":"https:\/\/www.mysexualfantasy.eu\/en\/wp-json\/wp\/v2\/product_brand?post=37813"},{"taxonomy":"product_cat","embeddable":true,"href":"https:\/\/www.mysexualfantasy.eu\/en\/wp-json\/wp\/v2\/product_cat?post=37813"},{"taxonomy":"product_tag","embeddable":true,"href":"https:\/\/www.mysexualfantasy.eu\/en\/wp-json\/wp\/v2\/product_tag?post=37813"}],"curies":[{"name":"wp","href":"https:\/\/api.w.org\/{rel}","templated":true}]}}