{"id":37831,"date":"2023-01-13T14:40:22","date_gmt":"2023-01-13T14:40:22","guid":{"rendered":"https:\/\/www.mysexualfantasy.eu\/?post_type=product&#038;p=37831"},"modified":"2023-12-06T16:07:36","modified_gmt":"2023-12-06T16:07:36","slug":"online-mini-bala-vibradora-dorada","status":"publish","type":"product","link":"https:\/\/www.mysexualfantasy.eu\/en\/product\/online-mini-bala-vibradora-dorada\/","title":{"rendered":"ONLINE- MINI BALA VIBRADORA  DORADA"},"content":{"rendered":"<p>Peque\u00f1a, discreta y potente. Con 10 Patrones de vibraci\u00f3n diferentes, desde un suave y como masaje hasta uno extremadamente fuerte. Siente la vibraci\u00f3n\u00a0<strong>ONLINE<\/strong>\u00a0en cualquier lugar con esta Mini bala vibradora\u00a0de tacto suave y potente motor\u00a0<\/p>\n<p>Permite que te marquemos el camino de la diversi\u00f3n y el placer y ponte\u00a0<strong>ONLINE!\u00a0<\/strong><\/p>\n<p><strong>Sobre este producto:<\/strong><\/p>\n<ul>\n<li>Mini bala vibradora\u00a0<\/li>\n<li>10 modos de vibraci\u00f3n.<\/li>\n<li>Resistente al agua<\/li>\n<li>Libre de Falatos<\/li>\n<li>Material seguro para el cuerpo, dermatol\u00f3gicamente testado.<\/li>\n<li>Motor Potente<\/li>\n<li>Material Abs<\/li>\n<li>Medidas; 6.2 x 1.9 cm.<\/li>\n<li>Peso; 21 Gramos<\/li>\n<li>Utiliza 3 pilas LR44 incluidas.<\/li>\n<li>1 a\u00f1o de garant\u00eda.<\/li>\n<\/ul>\n<p><strong>La marca<\/strong><\/p>\n<p>Si te gusta estar a la \u00faltima, conectado al mundo y vivir al d\u00eda y el momento, eres como nosotros, \u00a1eres una persona\u00a0<strong>ONLINE!<\/strong><\/p>","protected":false},"excerpt":{"rendered":"<p>ONLINE- MINI BULLET VIBE GOLDEN<\/p>","protected":false},"featured_media":70043,"comment_status":"open","ping_status":"closed","template":"","meta":{"_monsterinsights_skip_tracking":false,"_monsterinsights_sitenote_active":false,"_monsterinsights_sitenote_note":"","_monsterinsights_sitenote_category":0,"_joinchat":[]},"product_brand":[],"product_cat":[1311,1156,1152,1155,1163],"product_tag":[],"class_list":{"0":"post-37831","1":"product","2":"type-product","3":"status-publish","4":"has-post-thumbnail","6":"product_cat-juguetes-bienestar-juguetes-para-mujeresestimuladoresbalas-vibradoras","7":"product_cat-juguetes-bienestar-juguetes-para-mujeresestimuladores","8":"product_cat-juguetes-bienestar","9":"product_cat-juguetes-bienestar-juguetes-para-mujeres","10":"product_cat-juguetes-bienestar-juguetes-para-mujeresestimuladorespara-clitoris","11":"yith_product_brand-online","13":"first","14":"instock","15":"taxable","16":"shipping-taxable","17":"purchasable","18":"product-type-simple"},"aioseo_notices":[],"_links":{"self":[{"href":"https:\/\/www.mysexualfantasy.eu\/en\/wp-json\/wp\/v2\/product\/37831","targetHints":{"allow":["GET"]}}],"collection":[{"href":"https:\/\/www.mysexualfantasy.eu\/en\/wp-json\/wp\/v2\/product"}],"about":[{"href":"https:\/\/www.mysexualfantasy.eu\/en\/wp-json\/wp\/v2\/types\/product"}],"replies":[{"embeddable":true,"href":"https:\/\/www.mysexualfantasy.eu\/en\/wp-json\/wp\/v2\/comments?post=37831"}],"wp:featuredmedia":[{"embeddable":true,"href":"https:\/\/www.mysexualfantasy.eu\/en\/wp-json\/wp\/v2\/media\/70043"}],"wp:attachment":[{"href":"https:\/\/www.mysexualfantasy.eu\/en\/wp-json\/wp\/v2\/media?parent=37831"}],"wp:term":[{"taxonomy":"product_brand","embeddable":true,"href":"https:\/\/www.mysexualfantasy.eu\/en\/wp-json\/wp\/v2\/product_brand?post=37831"},{"taxonomy":"product_cat","embeddable":true,"href":"https:\/\/www.mysexualfantasy.eu\/en\/wp-json\/wp\/v2\/product_cat?post=37831"},{"taxonomy":"product_tag","embeddable":true,"href":"https:\/\/www.mysexualfantasy.eu\/en\/wp-json\/wp\/v2\/product_tag?post=37831"}],"curies":[{"name":"wp","href":"https:\/\/api.w.org\/{rel}","templated":true}]}}