{"id":37839,"date":"2023-01-13T11:41:08","date_gmt":"2023-01-13T11:41:08","guid":{"rendered":"https:\/\/www.mysexualfantasy.eu\/?post_type=product&#038;p=37839"},"modified":"2023-12-06T16:07:42","modified_gmt":"2023-12-06T16:07:42","slug":"online-huevo-vibrador-waterproof-rosa","status":"publish","type":"product","link":"https:\/\/www.mysexualfantasy.eu\/en\/product\/online-huevo-vibrador-waterproof-rosa\/","title":{"rendered":"ONLINE- HUEVO VIBRADOR WATERPROOF ROSA"},"content":{"rendered":"<p>Disfruta de los 10 incre\u00edbles modos de vibraci\u00f3n de este huevo, desde una suave estimulaci\u00f3n hasta una intensa vibraci\u00f3n. Con recubrimiento efecto sedoso y motor potente, silencioso que podr\u00e1s utilizarlo donde quieras.<\/p>\n<ul>\n<li>10 modos de vibraci\u00f3n.<\/li>\n<li>Resistente al agua<\/li>\n<li>Libre de Falatos<\/li>\n<li>Material seguro para el cuerpo, dermatol\u00f3gicamente testado.<\/li>\n<li>Ergon\u00f3mico<\/li>\n<li>Motor Potente<\/li>\n<li>Silicona suave y sedosa.<\/li>\n<li>Medidas Huevo Spirit; 4.8 x 3.7cm<\/li>\n<li>Peso; 38 Gramos<\/li>\n<li>Utiliza dos pilas AAA incluidas.<\/li>\n<\/ul>\n<p><strong>La marca<\/strong><\/p>\n<p>Si te gusta estar a la \u00faltima, conectado al mundo y vivir al d\u00eda y el momento, eres como nosotros, \u00a1eres una persona\u00a0<strong>ONLINE!<\/strong><\/p>","protected":false},"excerpt":{"rendered":"<p>ONLINE- WATERPROOF VIBRATING EGG PINK<\/p>","protected":false},"featured_media":41099,"comment_status":"open","ping_status":"closed","template":"","meta":{"_monsterinsights_skip_tracking":false,"_monsterinsights_sitenote_active":false,"_monsterinsights_sitenote_note":"","_monsterinsights_sitenote_category":0,"_joinchat":[]},"product_brand":[],"product_cat":[1193,1156,1157,1152,1155,1153,1154],"product_tag":[],"class_list":{"0":"post-37839","1":"product","2":"type-product","3":"status-publish","4":"has-post-thumbnail","6":"product_cat-juguetes-bienestar-vibradores100-sumergible","7":"product_cat-juguetes-bienestar-juguetes-para-mujeresestimuladores","8":"product_cat-juguetes-bienestar-juguetes-para-mujeresestimuladoreshuevos-vibradores","9":"product_cat-juguetes-bienestar","10":"product_cat-juguetes-bienestar-juguetes-para-mujeres","11":"product_cat-juguetes-bienestar-vibradores","12":"product_cat-juguetes-bienestar-vibradoresvibradores-control-remoto","13":"yith_product_brand-online","15":"first","16":"instock","17":"taxable","18":"shipping-taxable","19":"purchasable","20":"product-type-simple"},"aioseo_notices":[],"_links":{"self":[{"href":"https:\/\/www.mysexualfantasy.eu\/en\/wp-json\/wp\/v2\/product\/37839","targetHints":{"allow":["GET"]}}],"collection":[{"href":"https:\/\/www.mysexualfantasy.eu\/en\/wp-json\/wp\/v2\/product"}],"about":[{"href":"https:\/\/www.mysexualfantasy.eu\/en\/wp-json\/wp\/v2\/types\/product"}],"replies":[{"embeddable":true,"href":"https:\/\/www.mysexualfantasy.eu\/en\/wp-json\/wp\/v2\/comments?post=37839"}],"wp:featuredmedia":[{"embeddable":true,"href":"https:\/\/www.mysexualfantasy.eu\/en\/wp-json\/wp\/v2\/media\/41099"}],"wp:attachment":[{"href":"https:\/\/www.mysexualfantasy.eu\/en\/wp-json\/wp\/v2\/media?parent=37839"}],"wp:term":[{"taxonomy":"product_brand","embeddable":true,"href":"https:\/\/www.mysexualfantasy.eu\/en\/wp-json\/wp\/v2\/product_brand?post=37839"},{"taxonomy":"product_cat","embeddable":true,"href":"https:\/\/www.mysexualfantasy.eu\/en\/wp-json\/wp\/v2\/product_cat?post=37839"},{"taxonomy":"product_tag","embeddable":true,"href":"https:\/\/www.mysexualfantasy.eu\/en\/wp-json\/wp\/v2\/product_tag?post=37839"}],"curies":[{"name":"wp","href":"https:\/\/api.w.org\/{rel}","templated":true}]}}