{"id":37879,"date":"2023-01-13T12:37:57","date_gmt":"2023-01-13T12:37:57","guid":{"rendered":"https:\/\/www.mysexualfantasy.eu\/?post_type=product&#038;p=37879"},"modified":"2024-07-10T05:35:55","modified_gmt":"2024-07-10T05:35:55","slug":"pjur-basic-lubricante-base-agua-500-ml","status":"publish","type":"product","link":"https:\/\/www.mysexualfantasy.eu\/en\/product\/pjur-basic-lubricante-base-agua-500-ml\/","title":{"rendered":"PJUR BASIC LUBRICANTE BASE AGUA 500 ML"},"content":{"rendered":"<p>Pjur Aqua es un lubricante de base acuosa con excelentes calidades.<\/p>\n<p>Algunas de sus cualidades son;<\/p>\n<ul>\n<li>Composici\u00f3n exclusiva<\/li>\n<li>Lubricaci\u00f3n duradera y econ\u00f3mica.<\/li>\n<li>Sin aceites ni grasas.<\/li>\n<li>Sin perfume.<\/li>\n<\/ul>\n<p>Hidratante, cuida y protege la piel seca y castigada. Tolerancia por la piel y la mucosas. Demostrado dermatol\u00f3gicamente.<\/p>\n<p>No es un anticonceptivo. No contiene sustancias espermicidas.<\/p>\n<p>Disfrute de la sensaci\u00f3n \u00fanica y especial de Pjur Basic Aqua.<\/p>\n<p>Pjur<strong>\u00ae<\/strong> es L\u00edder mundial en la fabricaci\u00f3n de lubricantes anales y vaginales, son de larga duraci\u00f3n, su fiabilidad y durabilidad es un referente en el sector.<\/p>\n<p>Base de Agua<\/p>\n<p>Envase de 500 ml.<\/p>\n<p>\u00a0<\/p>","protected":false},"excerpt":{"rendered":"<p>PACKAGING DISPONIBLE EN: \/es\/en\/fr\/de\/nl\/sv\/no\/da\/lt\/pl\/it\/hu\/pt\/fi\/<\/p>","protected":false},"featured_media":52351,"comment_status":"open","ping_status":"closed","template":"","meta":{"_monsterinsights_skip_tracking":false,"_monsterinsights_sitenote_active":false,"_monsterinsights_sitenote_note":"","_monsterinsights_sitenote_category":0,"_joinchat":[]},"product_brand":[],"product_cat":[1207,1203,1206],"product_tag":[],"class_list":{"0":"post-37879","1":"product","2":"type-product","3":"status-publish","4":"has-post-thumbnail","6":"product_cat-drogueria-lubricantesbase-agua","7":"product_cat-drogueria","8":"product_cat-drogueria-lubricantes","9":"yith_product_brand-pjur","11":"first","12":"instock","13":"taxable","14":"shipping-taxable","15":"purchasable","16":"product-type-simple"},"aioseo_notices":[],"_links":{"self":[{"href":"https:\/\/www.mysexualfantasy.eu\/en\/wp-json\/wp\/v2\/product\/37879","targetHints":{"allow":["GET"]}}],"collection":[{"href":"https:\/\/www.mysexualfantasy.eu\/en\/wp-json\/wp\/v2\/product"}],"about":[{"href":"https:\/\/www.mysexualfantasy.eu\/en\/wp-json\/wp\/v2\/types\/product"}],"replies":[{"embeddable":true,"href":"https:\/\/www.mysexualfantasy.eu\/en\/wp-json\/wp\/v2\/comments?post=37879"}],"wp:featuredmedia":[{"embeddable":true,"href":"https:\/\/www.mysexualfantasy.eu\/en\/wp-json\/wp\/v2\/media\/52351"}],"wp:attachment":[{"href":"https:\/\/www.mysexualfantasy.eu\/en\/wp-json\/wp\/v2\/media?parent=37879"}],"wp:term":[{"taxonomy":"product_brand","embeddable":true,"href":"https:\/\/www.mysexualfantasy.eu\/en\/wp-json\/wp\/v2\/product_brand?post=37879"},{"taxonomy":"product_cat","embeddable":true,"href":"https:\/\/www.mysexualfantasy.eu\/en\/wp-json\/wp\/v2\/product_cat?post=37879"},{"taxonomy":"product_tag","embeddable":true,"href":"https:\/\/www.mysexualfantasy.eu\/en\/wp-json\/wp\/v2\/product_tag?post=37879"}],"curies":[{"name":"wp","href":"https:\/\/api.w.org\/{rel}","templated":true}]}}