{"id":37881,"date":"2023-01-13T12:51:17","date_gmt":"2023-01-13T12:51:17","guid":{"rendered":"https:\/\/www.mysexualfantasy.eu\/?post_type=product&#038;p=37881"},"modified":"2023-12-06T16:19:03","modified_gmt":"2023-12-06T16:19:03","slug":"pjur-superhero-lubricante-retardante-100-ml","status":"publish","type":"product","link":"https:\/\/www.mysexualfantasy.eu\/en\/product\/pjur-superhero-lubricante-retardante-100-ml\/","title":{"rendered":"PJUR SUPERHERO LUBRICANTE RETARDANTE 100 ML"},"content":{"rendered":"<p>Es un lubricante de formulaci\u00f3n ecol\u00f3gica a base de agua con Ginkgo. El mejor lubricante ahora con retardante, para relaciones mas largas y placenteras.<\/p>\n<p>Sus principales cualidades son;<\/p>\n<ul>\n<li>Ginkgo significa crecimiento, fuerza y energ\u00eda.<\/li>\n<li>Potencia la erecci\u00f3n<\/li>\n<li>Sienta la estimulaci\u00f3n er\u00f3tica.<\/li>\n<li>Desarrollado para uso externo en el pene.<\/li>\n<\/ul>\n<p>Mediante sus especiales ingredientes refresca, aumenta la elasticidad e impide hipersensibilidades en el pene, retrasando la eyaculaci\u00f3n y permitiendo disfrutar mucho mas tiempo con su pareja.<\/p>\n<p>Seguro para uso con preservativo.<\/p>\n<p>Ingredientes: Glycerin, Aqua, Hydroxypropyl, Ginkgo Biloba, Benzoic Acid, etc.<\/p>\n<p>Pjur<strong>\u00ae<\/strong> es L\u00edder mundial en la fabricaci\u00f3n de lubricantes anales y vaginales, as\u00ed como de retardantes y potenciadores, son de larga duraci\u00f3n, su fiabilidad y durabilidad es un referente en el sector.<\/p>\n<p>Envase de 100 ml.<\/p>","protected":false},"excerpt":{"rendered":"<p>PACKAGING DISPONIBLE EN: \/es\/en\/fr\/de\/nl\/<\/p>","protected":false},"featured_media":53844,"comment_status":"open","ping_status":"closed","template":"","meta":{"_monsterinsights_skip_tracking":false,"_monsterinsights_sitenote_active":false,"_monsterinsights_sitenote_note":"","_monsterinsights_sitenote_category":0,"_joinchat":[]},"product_brand":[],"product_cat":[1207,1203,1342,1206,1343],"product_tag":[],"class_list":{"0":"post-37881","1":"product","2":"type-product","3":"status-publish","4":"has-post-thumbnail","6":"product_cat-drogueria-lubricantesbase-agua","7":"product_cat-drogueria","8":"product_cat-drogueria-estimulantes-para-ellos","9":"product_cat-drogueria-lubricantes","10":"product_cat-drogueria-estimulantes-para-ellosretardantes","11":"yith_product_brand-pjur","13":"first","14":"instock","15":"taxable","16":"shipping-taxable","17":"purchasable","18":"product-type-simple"},"aioseo_notices":[],"_links":{"self":[{"href":"https:\/\/www.mysexualfantasy.eu\/en\/wp-json\/wp\/v2\/product\/37881","targetHints":{"allow":["GET"]}}],"collection":[{"href":"https:\/\/www.mysexualfantasy.eu\/en\/wp-json\/wp\/v2\/product"}],"about":[{"href":"https:\/\/www.mysexualfantasy.eu\/en\/wp-json\/wp\/v2\/types\/product"}],"replies":[{"embeddable":true,"href":"https:\/\/www.mysexualfantasy.eu\/en\/wp-json\/wp\/v2\/comments?post=37881"}],"wp:featuredmedia":[{"embeddable":true,"href":"https:\/\/www.mysexualfantasy.eu\/en\/wp-json\/wp\/v2\/media\/53844"}],"wp:attachment":[{"href":"https:\/\/www.mysexualfantasy.eu\/en\/wp-json\/wp\/v2\/media?parent=37881"}],"wp:term":[{"taxonomy":"product_brand","embeddable":true,"href":"https:\/\/www.mysexualfantasy.eu\/en\/wp-json\/wp\/v2\/product_brand?post=37881"},{"taxonomy":"product_cat","embeddable":true,"href":"https:\/\/www.mysexualfantasy.eu\/en\/wp-json\/wp\/v2\/product_cat?post=37881"},{"taxonomy":"product_tag","embeddable":true,"href":"https:\/\/www.mysexualfantasy.eu\/en\/wp-json\/wp\/v2\/product_tag?post=37881"}],"curies":[{"name":"wp","href":"https:\/\/api.w.org\/{rel}","templated":true}]}}