{"id":37972,"date":"2023-01-13T14:46:18","date_gmt":"2023-01-13T14:46:18","guid":{"rendered":"https:\/\/www.mysexualfantasy.eu\/?post_type=product&#038;p=37972"},"modified":"2023-12-06T16:20:44","modified_gmt":"2023-12-06T16:20:44","slug":"pjur-limpiador-de-juguetes-spray-100-ml","status":"publish","type":"product","link":"https:\/\/www.mysexualfantasy.eu\/en\/product\/pjur-limpiador-de-juguetes-spray-100-ml\/","title":{"rendered":"PJUR LIMPIADOR DE JUGUETES SPRAY 100 ML"},"content":{"rendered":"<p>El spray limpiador para la limpieza e higiene de art\u00edculos er\u00f3ticos. Tambi\u00e9n es adecuado para materiales sensibles al alcohol como l\u00e1tex, caucho, cristal, silicona y cuero. Reduce los olores y elimina bacterias y hongos.<\/p>\n<p>Aplicaci\u00f3n: Pulverizar directamente sobre el art\u00edculo que se desea limpiar y pasar un trapo si es necesario.<\/p>\n<p>Pjur<strong>\u00ae<\/strong> es L\u00edder mundial en la fabricaci\u00f3n de lubricantes anales y vaginales, as\u00ed como de retardantes y potenciadores, son de larga duraci\u00f3n, su fiabilidad y durabilidad es un referente en el sector.<\/p>\n<p>Envase de 100 ml.<\/p>","protected":false},"excerpt":{"rendered":"<p>PACKAGING DISPONIBLE EN: \/en\/fr\/de\/nl\/<\/p>","protected":false},"featured_media":71222,"comment_status":"open","ping_status":"closed","template":"","meta":{"_monsterinsights_skip_tracking":false,"_monsterinsights_sitenote_active":false,"_monsterinsights_sitenote_note":"","_monsterinsights_sitenote_category":0,"_joinchat":[]},"product_brand":[],"product_cat":[1258,1373,1203],"product_tag":[],"class_list":{"0":"post-37972","1":"product","2":"type-product","3":"status-publish","4":"has-post-thumbnail","6":"product_cat-drogueria-desinfeccion-y-mantenimiento","7":"product_cat-drogueria-desinfeccion-y-mantenimiento-desinfectante-juguetes","8":"product_cat-drogueria","9":"yith_product_brand-pjur","11":"first","12":"instock","13":"taxable","14":"shipping-taxable","15":"purchasable","16":"product-type-simple"},"aioseo_notices":[],"_links":{"self":[{"href":"https:\/\/www.mysexualfantasy.eu\/en\/wp-json\/wp\/v2\/product\/37972","targetHints":{"allow":["GET"]}}],"collection":[{"href":"https:\/\/www.mysexualfantasy.eu\/en\/wp-json\/wp\/v2\/product"}],"about":[{"href":"https:\/\/www.mysexualfantasy.eu\/en\/wp-json\/wp\/v2\/types\/product"}],"replies":[{"embeddable":true,"href":"https:\/\/www.mysexualfantasy.eu\/en\/wp-json\/wp\/v2\/comments?post=37972"}],"wp:featuredmedia":[{"embeddable":true,"href":"https:\/\/www.mysexualfantasy.eu\/en\/wp-json\/wp\/v2\/media\/71222"}],"wp:attachment":[{"href":"https:\/\/www.mysexualfantasy.eu\/en\/wp-json\/wp\/v2\/media?parent=37972"}],"wp:term":[{"taxonomy":"product_brand","embeddable":true,"href":"https:\/\/www.mysexualfantasy.eu\/en\/wp-json\/wp\/v2\/product_brand?post=37972"},{"taxonomy":"product_cat","embeddable":true,"href":"https:\/\/www.mysexualfantasy.eu\/en\/wp-json\/wp\/v2\/product_cat?post=37972"},{"taxonomy":"product_tag","embeddable":true,"href":"https:\/\/www.mysexualfantasy.eu\/en\/wp-json\/wp\/v2\/product_tag?post=37972"}],"curies":[{"name":"wp","href":"https:\/\/api.w.org\/{rel}","templated":true}]}}