{"id":38013,"date":"2023-01-13T14:55:34","date_gmt":"2023-01-13T14:55:34","guid":{"rendered":"https:\/\/www.mysexualfantasy.eu\/?post_type=product&#038;p=38013"},"modified":"2023-12-06T16:08:01","modified_gmt":"2023-12-06T16:08:01","slug":"satisfyer-epic-duo-anillo-vibrador-app-azul","status":"publish","type":"product","link":"https:\/\/www.mysexualfantasy.eu\/en\/product\/satisfyer-epic-duo-anillo-vibrador-app-azul\/","title":{"rendered":"SATISFYER EPIC DUO ANILLO VIBRADOR APP &#8211; AZUL"},"content":{"rendered":"<p>Atr\u00e9vete a probar el nuevo Satisfyer Epic Duo, el anillo\u00a0vibratorio para pene \u00abdoble\u00bb, con un anillo para asegurar y estimular el pene y los test\u00edculos.<\/p>\n<p><strong>Informaci\u00f3n del producto \u00abEpic Duo\u00bb<\/strong><\/p>\n<ul>\n<li>Fabricadas con silicona m\u00e9dica s\u00faper suave e inocua para la piel y con un tacto sedoso y extremadamente higi\u00e9nico<\/li>\n<li>Mayor resistencia gracias al efecto simult\u00e1neo de estancamiento de la sangre en el pene y los test\u00edculos<\/li>\n<li>Ideal para parejas<\/li>\n<li>15 a\u00f1os de garant\u00eda<\/li>\n<li>Vibraci\u00f3n profunda superfuerte<\/li>\n<li>12 programas de vibraci\u00f3n<\/li>\n<li>Modo susurro<\/li>\n<li>Impermeable (IPX7)<\/li>\n<li>Bater\u00eda de iones de litio<\/li>\n<li>F\u00e1cil de limpiar<\/li>\n<li>Cable de carga magn\u00e9tico USB incluido<\/li>\n<li>Silicona inocua para el cuerpo<\/li>\n<\/ul>\n<p><strong>Qu\u00e9 puede ofrecer el Satisfyer Epic Duo? <\/strong><\/p>\n<p>Perfecta para fortalecer y mantener las erecciones mientras aumenta y retrasa el placer, nuestra l\u00ednea Duo no defraudar\u00e1 &#8230; Cada Duo est\u00e1 equipado con un potente motor para transmitir vibraciones a trav\u00e9s de las bandas de silicona y la cabeza del motor, despertando simult\u00e1neamente a su pareja durante la penetraci\u00f3n.<\/p>\n<p><strong><strong>Satisfyer Epic Duo: Anillo para el pene vibrador de silicona <\/strong><\/strong><\/p>\n<p>El Epic Duo es un anillo en forma de l\u00e1grima que est\u00e1 ligeramente curvado y presenta detalles estriados con un bot\u00f3n de encendido de un toque en el centro. Se encuentra en el rango medio de bucles m\u00e1s gruesos entre el d\u00fao espectacular y legendario. \u00a1Este es tambi\u00e9n el \u00fanico dispositivo Duo que est\u00e1 habilitado para la aplicaci\u00f3n Satisfyer Connect para personalizaci\u00f3n y control ilimitados! Disponible en azul oscuro (azul marino).<\/p>","protected":false},"excerpt":{"rendered":"<p>SATISFYER EPIC DUO RING VIBRATOR APP &#8211; BLUE<\/p>","protected":false},"featured_media":72583,"comment_status":"open","ping_status":"closed","template":"","meta":{"_monsterinsights_skip_tracking":false,"_monsterinsights_sitenote_active":false,"_monsterinsights_sitenote_note":"","_monsterinsights_sitenote_category":0,"_joinchat":[]},"product_brand":[],"product_cat":[1170,1172,1171,1156,1152,1160,1155,1163,1153,1275],"product_tag":[],"class_list":{"0":"post-38013","1":"product","2":"type-product","3":"status-publish","4":"has-post-thumbnail","6":"product_cat-juguetes-bienestar-juguetes-para-hombresaccesorios-para-el-pene","7":"product_cat-juguetes-bienestar-juguetes-para-hombresaccesorios-para-el-peneanillos-peneanillos-con-vibracion","8":"product_cat-juguetes-bienestar-juguetes-para-hombresaccesorios-para-el-peneanillos-pene","9":"product_cat-juguetes-bienestar-juguetes-para-mujeresestimuladores","10":"product_cat-juguetes-bienestar","11":"product_cat-juguetes-bienestar-juguetes-para-hombres","12":"product_cat-juguetes-bienestar-juguetes-para-mujeres","13":"product_cat-juguetes-bienestar-juguetes-para-mujeresestimuladorespara-clitoris","14":"product_cat-juguetes-bienestar-vibradores","15":"product_cat-juguetes-bienestar-vibradoresvibradores-con-app","16":"yith_product_brand-satisfyer","17":"yith_product_brand-satisfyer-satisfyer-connect","19":"first","20":"instock","21":"taxable","22":"shipping-taxable","23":"purchasable","24":"product-type-simple"},"aioseo_notices":[],"_links":{"self":[{"href":"https:\/\/www.mysexualfantasy.eu\/en\/wp-json\/wp\/v2\/product\/38013","targetHints":{"allow":["GET"]}}],"collection":[{"href":"https:\/\/www.mysexualfantasy.eu\/en\/wp-json\/wp\/v2\/product"}],"about":[{"href":"https:\/\/www.mysexualfantasy.eu\/en\/wp-json\/wp\/v2\/types\/product"}],"replies":[{"embeddable":true,"href":"https:\/\/www.mysexualfantasy.eu\/en\/wp-json\/wp\/v2\/comments?post=38013"}],"wp:featuredmedia":[{"embeddable":true,"href":"https:\/\/www.mysexualfantasy.eu\/en\/wp-json\/wp\/v2\/media\/72583"}],"wp:attachment":[{"href":"https:\/\/www.mysexualfantasy.eu\/en\/wp-json\/wp\/v2\/media?parent=38013"}],"wp:term":[{"taxonomy":"product_brand","embeddable":true,"href":"https:\/\/www.mysexualfantasy.eu\/en\/wp-json\/wp\/v2\/product_brand?post=38013"},{"taxonomy":"product_cat","embeddable":true,"href":"https:\/\/www.mysexualfantasy.eu\/en\/wp-json\/wp\/v2\/product_cat?post=38013"},{"taxonomy":"product_tag","embeddable":true,"href":"https:\/\/www.mysexualfantasy.eu\/en\/wp-json\/wp\/v2\/product_tag?post=38013"}],"curies":[{"name":"wp","href":"https:\/\/api.w.org\/{rel}","templated":true}]}}