{"id":38019,"date":"2023-01-13T11:38:43","date_gmt":"2023-01-13T11:38:43","guid":{"rendered":"https:\/\/www.mysexualfantasy.eu\/?post_type=product&#038;p=38019"},"modified":"2023-12-06T16:15:47","modified_gmt":"2023-12-06T16:15:47","slug":"icicles-no-75-dildo-vidrio","status":"publish","type":"product","link":"https:\/\/www.mysexualfantasy.eu\/en\/product\/icicles-no-75-dildo-vidrio\/","title":{"rendered":"ICICLES NO.75 DILDO VIDRIO"},"content":{"rendered":"<p>Elegante, exclusivo\u00a0y hecho\u00a0a mano con una incre\u00edble atenci\u00f3n al detalle, esta lujosa l\u00ednea de masajeadores de vidrio lo dejar\u00e1 sin aliento. Cada dildo\u00a0de vidrio Icicle hecho a mano es elegante, \u00fanico\u00a0y est\u00e1 hecha para jugar duro.<\/p>\n<p>El vidrio hipoalerg\u00e9nico no es poroso y seguro para el cuerpo, y cuando se cuida adecuadamente, est\u00e1 dise\u00f1ado para durar toda la vida. Ponlo en\u00a0agua tibia o col\u00f3quelo en el microondas para calentarlo. Enfr\u00edelo bajo agua fr\u00eda o p\u00f3ngalo en el congelador para una sensaci\u00f3n fresca. Dado que el vidrio no es poroso, la limpieza es muy f\u00e1cil.<\/p>\n<p>Use Pipedream Toy Cleaner y agua tibia, o p\u00f3ngalo en el lavavajillas para un lavado sin preocupaciones despu\u00e9s de la diversi\u00f3n.<\/p>\n<ul>\n<li>Super suave\u00a0<\/li>\n<li>\u00danico y artesanal<\/li>\n<li>No poroso<\/li>\n<li>Seguro para el cuerpo<\/li>\n<li>Hipoalerg\u00e9nico<\/li>\n<li>Di\u00e1metro 3.4 cm<\/li>\n<li>Longitud insertable 7.9 cm<\/li>\n<li>Material Vidrio<\/li>\n<\/ul>","protected":false},"excerpt":{"rendered":"<p>ICICLES NO.75  HAND BLOWN GLASS MASSAGER<\/p>","protected":false},"featured_media":40226,"comment_status":"open","ping_status":"closed","template":"","meta":{"_monsterinsights_skip_tracking":false,"_monsterinsights_sitenote_active":false,"_monsterinsights_sitenote_note":"","_monsterinsights_sitenote_category":0,"_joinchat":[]},"product_brand":[],"product_cat":[1190,1182,1320,1152],"product_tag":[],"class_list":{"0":"post-38019","1":"product","2":"type-product","3":"status-publish","4":"has-post-thumbnail","6":"product_cat-juguetes-bienestar-cristal","7":"product_cat-juguetes-bienestar-dildos","8":"product_cat-juguetes-bienestar-fabricado-en-cristal","9":"product_cat-juguetes-bienestar","10":"yith_product_brand-pipedreamsicicles","11":"yith_product_brand-pipedreams","13":"first","14":"instock","15":"taxable","16":"shipping-taxable","17":"purchasable","18":"product-type-simple"},"aioseo_notices":[],"_links":{"self":[{"href":"https:\/\/www.mysexualfantasy.eu\/en\/wp-json\/wp\/v2\/product\/38019","targetHints":{"allow":["GET"]}}],"collection":[{"href":"https:\/\/www.mysexualfantasy.eu\/en\/wp-json\/wp\/v2\/product"}],"about":[{"href":"https:\/\/www.mysexualfantasy.eu\/en\/wp-json\/wp\/v2\/types\/product"}],"replies":[{"embeddable":true,"href":"https:\/\/www.mysexualfantasy.eu\/en\/wp-json\/wp\/v2\/comments?post=38019"}],"wp:featuredmedia":[{"embeddable":true,"href":"https:\/\/www.mysexualfantasy.eu\/en\/wp-json\/wp\/v2\/media\/40226"}],"wp:attachment":[{"href":"https:\/\/www.mysexualfantasy.eu\/en\/wp-json\/wp\/v2\/media?parent=38019"}],"wp:term":[{"taxonomy":"product_brand","embeddable":true,"href":"https:\/\/www.mysexualfantasy.eu\/en\/wp-json\/wp\/v2\/product_brand?post=38019"},{"taxonomy":"product_cat","embeddable":true,"href":"https:\/\/www.mysexualfantasy.eu\/en\/wp-json\/wp\/v2\/product_cat?post=38019"},{"taxonomy":"product_tag","embeddable":true,"href":"https:\/\/www.mysexualfantasy.eu\/en\/wp-json\/wp\/v2\/product_tag?post=38019"}],"curies":[{"name":"wp","href":"https:\/\/api.w.org\/{rel}","templated":true}]}}