{"id":38031,"date":"2023-01-13T13:26:02","date_gmt":"2023-01-13T13:26:02","guid":{"rendered":"https:\/\/www.mysexualfantasy.eu\/?post_type=product&#038;p=38031"},"modified":"2023-12-06T17:27:09","modified_gmt":"2023-12-06T17:27:09","slug":"obsessive-loventy-liguero-s-m","status":"publish","type":"product","link":"https:\/\/www.mysexualfantasy.eu\/en\/product\/obsessive-loventy-liguero-s-m\/","title":{"rendered":"OBSESSIVE &#8211; LOVENTY LIGUERO S\/M"},"content":{"rendered":"<p>Un liguero que te volver\u00e1 loco ya te est\u00e1 esperando en Obsessive. Si crees que no tenemos nada m\u00e1s con lo que sorprenderte, suponemos que no has echado un vistazo a Loventy.<\/p>\n<p>Las correas de dallying y el encaje transl\u00facido se asegurar\u00e1n de que sus curvas se enfaticen con un tinte de coqueter\u00eda. Este liguero es perfecto para aquellas mujeres a las que les gusta calentar el ambiente en su dormitorio y son conscientes de su pasi\u00f3n.<\/p>\n<p>Ver m\u00e1s detalles:<\/p>\n<ul>\n<li>Sutil liguero rojo<\/li>\n<li>Cierre multietapa en la parte posterior<\/li>\n<li>Correas el\u00e1sticas: una adici\u00f3n elegante que garantiza un aspecto picante<\/li>\n<li>Un colgante brillante en la parte delantera<\/li>\n<li>Correas de liga ajustables: comodidad de uso real<\/li>\n<li>Agradable encaje con un patr\u00f3n floral \u00fanico<\/li>\n<li>Material sutilmente transl\u00facido y gl\u00fateos expuestos: formas exquisitamente enfatizadas<\/li>\n<li>Elasticidad ideal del tejido (90% poliamida, 10% elastano)<\/li>\n<\/ul>\n<p 1.5=\"\" color:=\"\" font-size:=\"\" line-height:=\"\" margin-top:=\"\" roboto=\"\" style=\"box-sizing: border-box;\">\u00a1Obsessive significa inspiraci\u00f3n en la mujer!  Elegancia, sensualidad, amor a la costura&#8230;.significa mucho para la mujer, pocos son los adjetivos que pueden calificar a Obsessive, donde una labor de a\u00f1os han conseguido unir la mejor relaci\u00f3n calidad-precio.<\/p>\n<p 1.5=\"\" color:=\"\" font-size:=\"\" line-height:=\"\" margin-top:=\"\" roboto=\"\" style=\"box-sizing: border-box;\">\u00a1L\u00edderes mundiales en lencer\u00eda, nadie lo hace mejor!<\/p>\n<p style=\"text-align: center;\"><img decoding=\"async\" src=\"https:\/\/store.dreamlove.es\/UserFiles\/images\/SIZES.png\" \/><\/p>","protected":false},"excerpt":{"rendered":"<p>OBSESSIVE &#8211; LOVENTY GARTER BELT S\/M<\/p>","protected":false},"featured_media":59151,"comment_status":"open","ping_status":"closed","template":"","meta":{"_monsterinsights_skip_tracking":false,"_monsterinsights_sitenote_active":false,"_monsterinsights_sitenote_note":"","_monsterinsights_sitenote_category":0,"_joinchat":[]},"product_brand":[],"product_cat":[326,948,1139,1140],"product_tag":[],"class_list":{"0":"post-38031","1":"product","2":"type-product","3":"status-publish","4":"has-post-thumbnail","6":"product_cat-lenceria","7":"product_cat-lencerialenceria-mujer","8":"product_cat-lencerialenceria-mujerlenceria-sexy","9":"product_cat-lencerialenceria-mujerlenceria-sexyligueros","10":"yith_product_brand-obsessive","11":"yith_product_brand-obsessiveobsessive-garter-stockings","13":"first","14":"instock","15":"taxable","16":"shipping-taxable","17":"product-type-variable"},"aioseo_notices":[],"_links":{"self":[{"href":"https:\/\/www.mysexualfantasy.eu\/en\/wp-json\/wp\/v2\/product\/38031","targetHints":{"allow":["GET"]}}],"collection":[{"href":"https:\/\/www.mysexualfantasy.eu\/en\/wp-json\/wp\/v2\/product"}],"about":[{"href":"https:\/\/www.mysexualfantasy.eu\/en\/wp-json\/wp\/v2\/types\/product"}],"replies":[{"embeddable":true,"href":"https:\/\/www.mysexualfantasy.eu\/en\/wp-json\/wp\/v2\/comments?post=38031"}],"wp:featuredmedia":[{"embeddable":true,"href":"https:\/\/www.mysexualfantasy.eu\/en\/wp-json\/wp\/v2\/media\/59151"}],"wp:attachment":[{"href":"https:\/\/www.mysexualfantasy.eu\/en\/wp-json\/wp\/v2\/media?parent=38031"}],"wp:term":[{"taxonomy":"product_brand","embeddable":true,"href":"https:\/\/www.mysexualfantasy.eu\/en\/wp-json\/wp\/v2\/product_brand?post=38031"},{"taxonomy":"product_cat","embeddable":true,"href":"https:\/\/www.mysexualfantasy.eu\/en\/wp-json\/wp\/v2\/product_cat?post=38031"},{"taxonomy":"product_tag","embeddable":true,"href":"https:\/\/www.mysexualfantasy.eu\/en\/wp-json\/wp\/v2\/product_tag?post=38031"}],"curies":[{"name":"wp","href":"https:\/\/api.w.org\/{rel}","templated":true}]}}