{"id":38043,"date":"2023-01-13T12:34:07","date_gmt":"2023-01-13T12:34:07","guid":{"rendered":"https:\/\/www.mysexualfantasy.eu\/?post_type=product&#038;p=38043"},"modified":"2023-12-06T17:27:10","modified_gmt":"2023-12-06T17:27:10","slug":"obsessive-blossmina-corset-y-tanga-4xl-5xl","status":"publish","type":"product","link":"https:\/\/www.mysexualfantasy.eu\/en\/product\/obsessive-blossmina-corset-y-tanga-4xl-5xl\/","title":{"rendered":"OBSESSIVE &#8211; BLOSSMINA CORSET Y TANGA 4XL\/5XL"},"content":{"rendered":"<p>El rojo te dar\u00e1&#8230; \u00a1encanto! \u00a1Esta noche no estar\u00e1s encantando solo a tu pareja, sino tambi\u00e9n a ti misma! El sexy cors\u00e9 Blossmina con una sensual atadura en la espalda sacar\u00e1 a relucir el diablo que hay dentro e inspirar\u00e1 a tu pareja a seguir declarando su amor por ti. \u00a1Ponte el coqueto cors\u00e9 de la colecci\u00f3n Blossmina y termina el d\u00eda en el abrazo de tu amante!<\/p>\n<p>Adelante, echa un vistazo a los detalles emocionantes:<\/p>\n<ul>\n<li>Sexy corset\u00a0rojo y tanga<\/li>\n<li>Corset\u00a0de aspecto divino atado en la parte posterior<\/li>\n<li>Correas ajustables para los hombros<\/li>\n<li>Una atadura en el busto que re\u00fane bellamente los senos<\/li>\n<li>Cables verticales que exponen la figura<\/li>\n<li>Encaje floral original: correas de liga duraderas y ajustables<\/li>\n<li>Tanga cl\u00e1sica que se adapta perfectamente a las formas<\/li>\n<li>Material agradable al tacto y duradero (90% poliamida, 10% elastano)<\/li>\n<\/ul>\n<p 1.5=\"\" color:=\"\" font-size:=\"\" line-height:=\"\" margin-top:=\"\" roboto=\"\" style=\"box-sizing: border-box;\">\u00a1Obsessive significa inspiraci\u00f3n en la mujer!\u00a0 Elegancia, sensualidad, amor a la costura&#8230;.significa mucho para la mujer, pocos son los adjetivos que pueden calificar a Obsessive, donde una labor de a\u00f1os han conseguido unir la mejor relaci\u00f3n calidad-precio.<\/p>\n<p 1.5=\"\" color:=\"\" font-size:=\"\" line-height:=\"\" margin-top:=\"\" roboto=\"\" style=\"box-sizing: border-box;\">\u00a1L\u00edderes mundiales en lencer\u00eda, nadie lo hace mejor!<\/p>\n<p 1.5=\"\" color:=\"\" font-size:=\"\" line-height:=\"\" margin-top:=\"\" roboto=\"\" style=\"box-sizing: border-box;\">\u00a0<\/p>\n<p style=\"text-align: center;\"><img decoding=\"async\" alt=\"\" src=\"https:\/\/interno.dreamlove.es\/UserFiles\/images\/Captura%285%29.JPG\" style=\"width: 760px; height: 337px;\" \/><\/p>","protected":false},"excerpt":{"rendered":"<p>OBSESSIVE &#8211; BLOSSMINA CORSET AND THONG 4XL\/5XL<\/p>","protected":false},"featured_media":51674,"comment_status":"open","ping_status":"closed","template":"","meta":{"_monsterinsights_skip_tracking":false,"_monsterinsights_sitenote_active":false,"_monsterinsights_sitenote_note":"","_monsterinsights_sitenote_category":0,"_joinchat":[]},"product_brand":[],"product_cat":[1447,1196,1197,1199,1166],"product_tag":[],"class_list":{"0":"post-38043","1":"product","2":"type-product","3":"status-publish","4":"has-post-thumbnail","6":"product_cat-moda-lencerialenceria-mujerlenceria-picantecorsets","7":"product_cat-moda-lencerialenceria-mujer","8":"product_cat-moda-lencerialenceria-mujerlenceria-picante","9":"product_cat-moda-lencerialenceria-mujerlenceria-sexy","10":"product_cat-moda-lenceria","11":"yith_product_brand-obsessive","12":"yith_product_brand-obsessiveobsessive-corsets","14":"first","15":"instock","16":"taxable","17":"shipping-taxable","18":"purchasable","19":"product-type-variable"},"aioseo_notices":[],"_links":{"self":[{"href":"https:\/\/www.mysexualfantasy.eu\/en\/wp-json\/wp\/v2\/product\/38043","targetHints":{"allow":["GET"]}}],"collection":[{"href":"https:\/\/www.mysexualfantasy.eu\/en\/wp-json\/wp\/v2\/product"}],"about":[{"href":"https:\/\/www.mysexualfantasy.eu\/en\/wp-json\/wp\/v2\/types\/product"}],"replies":[{"embeddable":true,"href":"https:\/\/www.mysexualfantasy.eu\/en\/wp-json\/wp\/v2\/comments?post=38043"}],"wp:featuredmedia":[{"embeddable":true,"href":"https:\/\/www.mysexualfantasy.eu\/en\/wp-json\/wp\/v2\/media\/51674"}],"wp:attachment":[{"href":"https:\/\/www.mysexualfantasy.eu\/en\/wp-json\/wp\/v2\/media?parent=38043"}],"wp:term":[{"taxonomy":"product_brand","embeddable":true,"href":"https:\/\/www.mysexualfantasy.eu\/en\/wp-json\/wp\/v2\/product_brand?post=38043"},{"taxonomy":"product_cat","embeddable":true,"href":"https:\/\/www.mysexualfantasy.eu\/en\/wp-json\/wp\/v2\/product_cat?post=38043"},{"taxonomy":"product_tag","embeddable":true,"href":"https:\/\/www.mysexualfantasy.eu\/en\/wp-json\/wp\/v2\/product_tag?post=38043"}],"curies":[{"name":"wp","href":"https:\/\/api.w.org\/{rel}","templated":true}]}}