{"id":38044,"date":"2023-01-13T12:54:50","date_gmt":"2023-01-13T12:54:50","guid":{"rendered":"https:\/\/www.mysexualfantasy.eu\/?post_type=product&#038;p=38044"},"modified":"2023-12-06T16:18:40","modified_gmt":"2023-12-06T16:18:40","slug":"bijoux-indiscrets-swipe-remedy-caramelos-sexo-oral","status":"publish","type":"product","link":"https:\/\/www.mysexualfantasy.eu\/en\/product\/bijoux-indiscrets-swipe-remedy-caramelos-sexo-oral\/","title":{"rendered":"BIJOUX INDISCRETS SWIPE REMEDY CARAMELOS SEXO ORAL"},"content":{"rendered":"<p>Deslizar con tus pulgares a la izquierda y a la derecha est\u00e1 muy bien, \u00a1pero est\u00e1 mucho mejor si lo haces con la lengua! Deja de lado el m\u00f3vil y sum\u00e9rgete en el sexo oral como nunca antes lo hab\u00edas hecho. Haz de tu lengua la herramienta definitiva para hacerle SWIPE UP al placer con los mejores y m\u00e1s intensos cunnilingus de vuestra STORY.<\/p>\n<p><strong>SWIPE REMEDY<\/strong> son unos caramelos mentolados sin az\u00facar formulados especialmente para un sexo oral lleno de sabor y contrastes de temperatura. El mentol hace que tu saliva se sienta helada y se cree un excitante contraste con el calor de la vulva. Lleva el sexo oral a otro nivel.<\/p>\n<p>\u00a1El mundo necesita m\u00e1s sexo oral! <lu> <\/lu><\/p>\n<ul>\n<li>Seguro para tu cuerpo.<\/li>\n<li>Sin az\u00facar.<\/li>\n<li>Vegano.<\/li>\n<li>Dise\u00f1ado para sexo oral.<\/li>\n<li>Besos intensos.<\/li>\n<li>Mentol para un efecto fr\u00edo.<\/li>\n<li>Compatible con preservativos.<\/li>\n<li>Compatible con juguetes.<\/li>\n<\/ul>\n<p>Contenido: Caramelos de menta para cunnilingus. 25g &#8211; 0,88Oz.<\/p>\n<p><strong>INGREDIENTES:<\/strong><\/p>\n<p>Edulcorantes (Sorbitol &#8211; E420, Xilitol &#8211; E967, Sucralosa &#8211; E955), antiaglomerante (Estearato de magnesio -E470b), aromas (Menthol crystal,Peppermint flavor,Cooling agent). Un consumo excesivo puede producir efectos laxantes.<\/p>\n<p><strong>DATOS NUTRICIONALES:<\/strong><\/p>\n<p>Porci\u00f3n\/Caramelo (1g). Energ\u00eda por cada 100g: 1680kj\/400kcal; grasas 1,5g de las cuales: saturadas, 1,4g; hidratos de carbono, 97,2g de los cuales: az\u00facares, 0g; polioles, 97,2g; fibra 0,9g; prote\u00ednas, 0,2g.<\/p>","protected":false},"excerpt":{"rendered":"<p>BIJOUX INDISCRETS SWIPE REMEDY ORAL SEX MINTS<\/p>","protected":false},"featured_media":54385,"comment_status":"open","ping_status":"closed","template":"","meta":{"_monsterinsights_skip_tracking":false,"_monsterinsights_sitenote_active":false,"_monsterinsights_sitenote_note":"","_monsterinsights_sitenote_category":0,"_joinchat":[]},"product_brand":[],"product_cat":[1203,148,1339],"product_tag":[],"class_list":{"0":"post-38044","1":"product","2":"type-product","3":"status-publish","4":"has-post-thumbnail","6":"product_cat-drogueria","7":"product_cat-ofertas","8":"product_cat-drogueria-para-sexo-oral","9":"yith_product_brand-bijoux-indiscrets","11":"first","12":"instock","13":"taxable","14":"shipping-taxable","15":"purchasable","16":"product-type-simple"},"aioseo_notices":[],"_links":{"self":[{"href":"https:\/\/www.mysexualfantasy.eu\/en\/wp-json\/wp\/v2\/product\/38044","targetHints":{"allow":["GET"]}}],"collection":[{"href":"https:\/\/www.mysexualfantasy.eu\/en\/wp-json\/wp\/v2\/product"}],"about":[{"href":"https:\/\/www.mysexualfantasy.eu\/en\/wp-json\/wp\/v2\/types\/product"}],"replies":[{"embeddable":true,"href":"https:\/\/www.mysexualfantasy.eu\/en\/wp-json\/wp\/v2\/comments?post=38044"}],"wp:featuredmedia":[{"embeddable":true,"href":"https:\/\/www.mysexualfantasy.eu\/en\/wp-json\/wp\/v2\/media\/54385"}],"wp:attachment":[{"href":"https:\/\/www.mysexualfantasy.eu\/en\/wp-json\/wp\/v2\/media?parent=38044"}],"wp:term":[{"taxonomy":"product_brand","embeddable":true,"href":"https:\/\/www.mysexualfantasy.eu\/en\/wp-json\/wp\/v2\/product_brand?post=38044"},{"taxonomy":"product_cat","embeddable":true,"href":"https:\/\/www.mysexualfantasy.eu\/en\/wp-json\/wp\/v2\/product_cat?post=38044"},{"taxonomy":"product_tag","embeddable":true,"href":"https:\/\/www.mysexualfantasy.eu\/en\/wp-json\/wp\/v2\/product_tag?post=38044"}],"curies":[{"name":"wp","href":"https:\/\/api.w.org\/{rel}","templated":true}]}}