{"id":38046,"date":"2023-01-13T14:29:58","date_gmt":"2023-01-13T14:29:58","guid":{"rendered":"https:\/\/www.mysexualfantasy.eu\/?post_type=product&#038;p=38046"},"modified":"2023-12-06T17:26:02","modified_gmt":"2023-12-06T17:26:02","slug":"obsessive-blossmina-chemise-y-tanga-4xl-5xl","status":"publish","type":"product","link":"https:\/\/www.mysexualfantasy.eu\/en\/product\/obsessive-blossmina-chemise-y-tanga-4xl-5xl\/","title":{"rendered":"OBSESSIVE &#8211; BLOSSMINA CHEMISE Y TANGA 4XL\/5XL"},"content":{"rendered":"<p>Puede que no sepamos todo sobre ti, \u00a1pero te prometemos que sabemos c\u00f3mo hacer que tu coraz\u00f3n lata m\u00e1s r\u00e1pido! Tenemos un chemise para ti que te har\u00e1 enamorarte del rojo de nuevo&#8230; \u00a1y eso, por supuesto, se traduce en arrebatos rojos ardientes para dos! El hot Blossmina chemise con una uni\u00f3n de cors\u00e9 te har\u00e1 sentir intimidada\u00a0al verte en el espejo. \u00a1El encaje y el rojo se ver\u00e1n muy bien en ti!<\/p>\n<p>Eche un vistazo m\u00e1s de cerca:<\/p>\n<ul>\n<li>Chemise rojo coqueto y tanga<\/li>\n<li>La encuadernaci\u00f3n del cors\u00e9 llama perfectamente la atenci\u00f3n sobre la espalda<\/li>\n<li>Correas ajustables para los hombros: la uni\u00f3n el\u00e1stica en el busto re\u00fane bellamente los senos<\/li>\n<li>El encaje transparente adorna la parte delantera y trasera<\/li>\n<li>Hermoso\u00a0tanga con un corte cl\u00e1sico<\/li>\n<li>Material que se adapta al cuerpo (90% poliamida, 10% elastano)<\/li>\n<\/ul>\n<p 1.5=\"\" color:=\"\" font-size:=\"\" line-height:=\"\" margin-top:=\"\" roboto=\"\" style=\"box-sizing: border-box;\">\u00a1Obsessive significa inspiraci\u00f3n en la mujer!\u00a0 Elegancia, sensualidad, amor a la costura&#8230;.significa mucho para la mujer, pocos son los adjetivos que pueden calificar a Obsessive, donde una labor de a\u00f1os han conseguido unir la mejor relaci\u00f3n calidad-precio.<\/p>\n<p 1.5=\"\" color:=\"\" font-size:=\"\" line-height:=\"\" margin-top:=\"\" roboto=\"\" style=\"box-sizing: border-box;\">\u00a1L\u00edderes mundiales en lencer\u00eda, nadie lo hace mejor!<\/p>\n<p 1.5=\"\" color:=\"\" font-size:=\"\" line-height:=\"\" margin-top:=\"\" roboto=\"\" style=\"box-sizing: border-box;\">\u00a0<\/p>\n<p style=\"text-align: center;\"><img decoding=\"async\" alt=\"\" src=\"https:\/\/interno.dreamlove.es\/UserFiles\/images\/Captura%285%29.JPG\" style=\"width: 760px; height: 337px;\" \/><\/p>","protected":false},"excerpt":{"rendered":"<p>OBSESSIVE &#8211; BLOSSMINA CHEMISE AND THONG 4XL\/5XL<\/p>","protected":false},"featured_media":68302,"comment_status":"open","ping_status":"closed","template":"","meta":{"_monsterinsights_skip_tracking":false,"_monsterinsights_sitenote_active":false,"_monsterinsights_sitenote_note":"","_monsterinsights_sitenote_category":0,"_joinchat":[]},"product_brand":[],"product_cat":[1284,1196,1199,1166],"product_tag":[],"class_list":{"0":"post-38046","1":"product","2":"type-product","3":"status-publish","4":"has-post-thumbnail","6":"product_cat-moda-lencerialenceria-mujerlenceria-sexycamisones","7":"product_cat-moda-lencerialenceria-mujer","8":"product_cat-moda-lencerialenceria-mujerlenceria-sexy","9":"product_cat-moda-lenceria","10":"yith_product_brand-obsessive","11":"yith_product_brand-obsessiveobsessive-chemise","13":"first","14":"instock","15":"taxable","16":"shipping-taxable","17":"purchasable","18":"product-type-variable"},"aioseo_notices":[],"_links":{"self":[{"href":"https:\/\/www.mysexualfantasy.eu\/en\/wp-json\/wp\/v2\/product\/38046","targetHints":{"allow":["GET"]}}],"collection":[{"href":"https:\/\/www.mysexualfantasy.eu\/en\/wp-json\/wp\/v2\/product"}],"about":[{"href":"https:\/\/www.mysexualfantasy.eu\/en\/wp-json\/wp\/v2\/types\/product"}],"replies":[{"embeddable":true,"href":"https:\/\/www.mysexualfantasy.eu\/en\/wp-json\/wp\/v2\/comments?post=38046"}],"wp:featuredmedia":[{"embeddable":true,"href":"https:\/\/www.mysexualfantasy.eu\/en\/wp-json\/wp\/v2\/media\/68302"}],"wp:attachment":[{"href":"https:\/\/www.mysexualfantasy.eu\/en\/wp-json\/wp\/v2\/media?parent=38046"}],"wp:term":[{"taxonomy":"product_brand","embeddable":true,"href":"https:\/\/www.mysexualfantasy.eu\/en\/wp-json\/wp\/v2\/product_brand?post=38046"},{"taxonomy":"product_cat","embeddable":true,"href":"https:\/\/www.mysexualfantasy.eu\/en\/wp-json\/wp\/v2\/product_cat?post=38046"},{"taxonomy":"product_tag","embeddable":true,"href":"https:\/\/www.mysexualfantasy.eu\/en\/wp-json\/wp\/v2\/product_tag?post=38046"}],"curies":[{"name":"wp","href":"https:\/\/api.w.org\/{rel}","templated":true}]}}