{"id":38156,"date":"2023-01-13T13:43:42","date_gmt":"2023-01-13T13:43:42","guid":{"rendered":"https:\/\/www.mysexualfantasy.eu\/?post_type=product&#038;p=38156"},"modified":"2023-12-06T15:43:21","modified_gmt":"2023-12-06T15:43:21","slug":"tenga-egg-sphere-huevo-masturbador","status":"publish","type":"product","link":"https:\/\/www.mysexualfantasy.eu\/en\/product\/tenga-egg-sphere-huevo-masturbador\/","title":{"rendered":"TENGA EGG SPHERE HUEVO MASTURBADOR"},"content":{"rendered":"<p>Orbes grandes y bulbosos que adornan el interior de este HUEVO.<\/p>\n<p>\u00a1En lugar de solo acariciar, deja que tu imaginaci\u00f3n cobre vida e intenta torcer, apretar y tirar al contenido de tu coraz\u00f3n para obtener sensaciones m\u00e1s all\u00e1 de tus sue\u00f1os m\u00e1s salvajes! Varias protuberancias de distinto tama\u00f1o dispuestas en el interior estimular\u00e1n todo el \u00e1rea.<\/p>\n<p>Recomendamos usar Tenga Egg Lotion ya que ha sido dise\u00f1ado espec\u00edficamente para mejorar la sensaci\u00f3n de placer con nuestros productos.<\/p>\n<ul>\n<li>Tama\u00f1o (An \u00d7 L \u00d7 Al mm): 49 \u00d7 49 \u00d7 61<\/li>\n<li>Longitud de inserci\u00f3n aprox. (mm): Se estira hasta aprox. 19<\/li>\n<li>Anchura de inserci\u00f3n aprox. (mm): Se estira hasta aprox. 55<\/li>\n<li>Peso (g): 53<\/li>\n<li>Otros datos: Material superel\u00e1stico, Incluye una bolsita de lubricante,<\/li>\n<li>Desechable<\/li>\n<li>Materiales: Carcasa: PP Cavidad: elast\u00f3mero termopl\u00e1stico (TPE)<\/li>\n<\/ul>","protected":false},"excerpt":{"rendered":"<p>TENGA EGG SPHERE EGG STROKER<\/p>","protected":false},"featured_media":60957,"comment_status":"open","ping_status":"closed","template":"","meta":{"_monsterinsights_skip_tracking":false,"_monsterinsights_sitenote_active":false,"_monsterinsights_sitenote_note":"","_monsterinsights_sitenote_category":0,"_joinchat":[]},"product_brand":[],"product_cat":[1170,1152,1160,1167],"product_tag":[],"class_list":{"0":"post-38156","1":"product","2":"type-product","3":"status-publish","4":"has-post-thumbnail","6":"product_cat-juguetes-bienestar-juguetes-para-hombresaccesorios-para-el-pene","7":"product_cat-juguetes-bienestar","8":"product_cat-juguetes-bienestar-juguetes-para-hombres","9":"product_cat-juguetes-bienestar-juguetes-para-hombresmasturbadores-para-ellos","10":"yith_product_brand-tenga","12":"first","13":"instock","14":"taxable","15":"shipping-taxable","16":"purchasable","17":"product-type-simple"},"aioseo_notices":[],"_links":{"self":[{"href":"https:\/\/www.mysexualfantasy.eu\/en\/wp-json\/wp\/v2\/product\/38156","targetHints":{"allow":["GET"]}}],"collection":[{"href":"https:\/\/www.mysexualfantasy.eu\/en\/wp-json\/wp\/v2\/product"}],"about":[{"href":"https:\/\/www.mysexualfantasy.eu\/en\/wp-json\/wp\/v2\/types\/product"}],"replies":[{"embeddable":true,"href":"https:\/\/www.mysexualfantasy.eu\/en\/wp-json\/wp\/v2\/comments?post=38156"}],"wp:featuredmedia":[{"embeddable":true,"href":"https:\/\/www.mysexualfantasy.eu\/en\/wp-json\/wp\/v2\/media\/60957"}],"wp:attachment":[{"href":"https:\/\/www.mysexualfantasy.eu\/en\/wp-json\/wp\/v2\/media?parent=38156"}],"wp:term":[{"taxonomy":"product_brand","embeddable":true,"href":"https:\/\/www.mysexualfantasy.eu\/en\/wp-json\/wp\/v2\/product_brand?post=38156"},{"taxonomy":"product_cat","embeddable":true,"href":"https:\/\/www.mysexualfantasy.eu\/en\/wp-json\/wp\/v2\/product_cat?post=38156"},{"taxonomy":"product_tag","embeddable":true,"href":"https:\/\/www.mysexualfantasy.eu\/en\/wp-json\/wp\/v2\/product_tag?post=38156"}],"curies":[{"name":"wp","href":"https:\/\/api.w.org\/{rel}","templated":true}]}}