{"id":38160,"date":"2023-01-13T13:43:46","date_gmt":"2023-01-13T13:43:46","guid":{"rendered":"https:\/\/www.mysexualfantasy.eu\/?post_type=product&#038;p=38160"},"modified":"2023-12-06T15:43:25","modified_gmt":"2023-12-06T15:43:25","slug":"tenga-tube-huevo-masturbador","status":"publish","type":"product","link":"https:\/\/www.mysexualfantasy.eu\/en\/product\/tenga-tube-huevo-masturbador\/","title":{"rendered":"TENGA TUBE HUEVO MASTURBADOR"},"content":{"rendered":"<p>Las grandes protuberancias cubiertas con finos pasos continuos pueden estimular tanto vertical como horizontalmente. Disfrute de la estimulaci\u00f3n de torsi\u00f3n de las protuberancias finas y continuas en trazos ondulados.<\/p>\n<p>\u00a1En lugar de solo acariciar, deja que tu imaginaci\u00f3n cobre vida e intenta torcer, apretar y tirar al contenido de tu coraz\u00f3n para obtener sensaciones m\u00e1s all\u00e1 de tus sue\u00f1os m\u00e1s salvajes! Varias protuberancias de distinto tama\u00f1o\u00a0dispuestas en el interior estimular\u00e1n\u00a0todo\u00a0el \u00e1rea.<\/p>\n<p>Recomendamos usar Tenga Egg Lotion ya que ha sido dise\u00f1ado espec\u00edficamente para mejorar la sensaci\u00f3n de placer con nuestros productos.<\/p>\n<ul>\n<li>Tama\u00f1o (An \u00d7 L \u00d7 Al mm): 49 \u00d7 49 \u00d7 61<\/li>\n<li>Longitud de inserci\u00f3n aprox. (mm): Se estira hasta aprox. 19<\/li>\n<li>Anchura de inserci\u00f3n aprox. (mm): Se estira hasta aprox. 55<\/li>\n<li>Peso (g): 53<\/li>\n<li>Otros datos: Material superel\u00e1stico, Incluye una bolsita de lubricante,<\/li>\n<li>Desechable<\/li>\n<li>Materiales: Carcasa: PP Cavidad: elast\u00f3mero termopl\u00e1stico (TPE)<\/li>\n<\/ul>","protected":false},"excerpt":{"rendered":"<p>TENGA WONDER EGG STROKER<\/p>","protected":false},"featured_media":60969,"comment_status":"open","ping_status":"closed","template":"","meta":{"_monsterinsights_skip_tracking":false,"_monsterinsights_sitenote_active":false,"_monsterinsights_sitenote_note":"","_monsterinsights_sitenote_category":0,"_joinchat":[]},"product_brand":[],"product_cat":[1152,1160,1167],"product_tag":[],"class_list":{"0":"post-38160","1":"product","2":"type-product","3":"status-publish","4":"has-post-thumbnail","6":"product_cat-juguetes-bienestar","7":"product_cat-juguetes-bienestar-juguetes-para-hombres","8":"product_cat-juguetes-bienestar-juguetes-para-hombresmasturbadores-para-ellos","9":"yith_product_brand-tenga","11":"first","12":"instock","13":"taxable","14":"shipping-taxable","15":"purchasable","16":"product-type-simple"},"aioseo_notices":[],"_links":{"self":[{"href":"https:\/\/www.mysexualfantasy.eu\/en\/wp-json\/wp\/v2\/product\/38160","targetHints":{"allow":["GET"]}}],"collection":[{"href":"https:\/\/www.mysexualfantasy.eu\/en\/wp-json\/wp\/v2\/product"}],"about":[{"href":"https:\/\/www.mysexualfantasy.eu\/en\/wp-json\/wp\/v2\/types\/product"}],"replies":[{"embeddable":true,"href":"https:\/\/www.mysexualfantasy.eu\/en\/wp-json\/wp\/v2\/comments?post=38160"}],"wp:featuredmedia":[{"embeddable":true,"href":"https:\/\/www.mysexualfantasy.eu\/en\/wp-json\/wp\/v2\/media\/60969"}],"wp:attachment":[{"href":"https:\/\/www.mysexualfantasy.eu\/en\/wp-json\/wp\/v2\/media?parent=38160"}],"wp:term":[{"taxonomy":"product_brand","embeddable":true,"href":"https:\/\/www.mysexualfantasy.eu\/en\/wp-json\/wp\/v2\/product_brand?post=38160"},{"taxonomy":"product_cat","embeddable":true,"href":"https:\/\/www.mysexualfantasy.eu\/en\/wp-json\/wp\/v2\/product_cat?post=38160"},{"taxonomy":"product_tag","embeddable":true,"href":"https:\/\/www.mysexualfantasy.eu\/en\/wp-json\/wp\/v2\/product_tag?post=38160"}],"curies":[{"name":"wp","href":"https:\/\/api.w.org\/{rel}","templated":true}]}}