{"id":38171,"date":"2023-01-13T13:43:35","date_gmt":"2023-01-13T13:43:35","guid":{"rendered":"https:\/\/www.mysexualfantasy.eu\/?post_type=product&#038;p=38171"},"modified":"2023-12-06T16:08:06","modified_gmt":"2023-12-06T16:08:06","slug":"pretty-love-huevo-masturbador-doble-cara-lila","status":"publish","type":"product","link":"https:\/\/www.mysexualfantasy.eu\/en\/product\/pretty-love-huevo-masturbador-doble-cara-lila\/","title":{"rendered":"PRETTY LOVE HUEVO MASTURBADOR DOBLE CARA LILA"},"content":{"rendered":"<p>La funda innovadora est\u00e1 lista para acariciarte y masajearte hasta un cl\u00edmax poderoso. Abre el discreto empaque de Fantastic Egg Hard Boiled y disfruta de una gran cantidad de nuevas sensaciones con el sutilmente estimulante Cloudy, Shiny o Surfer interior. texturas. Hecho de material s\u00faper el\u00e1stico sin ftalatos que se puede estirar para adaptarse literalmente a cualquier tama\u00f1o de pene, el Egg Hard Boiled es una fant\u00e1stica introducci\u00f3n a los juguetes y ser\u00e1 disfrutado por los entusiastas. Simplemente lubrique e inserte su pene en el agujero estrecho en la parte inferior del huevo antes de estirar este revolucionario masturbador a lo largo de su eje. \u00a1Colecci\u00f3nalos todos! \u00a1La doble cara de cada huevo te trae diferentes sensaciones!<\/p>\n<p>Caracter\u00edsticas:\u00a0<\/p>\n<ul>\n<li>Dise\u00f1o reversible para 2 sensaciones con texturas onduladas y apasionadas<\/li>\n<li>Textura apasionada con nervaduras horizontales y verticales con perlas de placer elevadas<\/li>\n<li>Se estira para adaptarse a penes de casi cualquier tama\u00f1o y forma.<\/li>\n<li>Compacto y apto para viajes<\/li>\n<li>Impermeable para divertirse en la ducha o la ba\u00f1era.<\/li>\n<li>TPR (termopl\u00e1stico)<\/li>\n<\/ul>\n<p>Pretty Love fabrica productos de alta calidad. Tienen 1 a\u00f1o de garant\u00eda en defectos t\u00e9cnicos.<\/p>","protected":false},"excerpt":{"rendered":"<p>PRETTY LOVE ROMANTIC DOUBLE-SIDED EGG<\/p>","protected":false},"featured_media":60932,"comment_status":"open","ping_status":"closed","template":"","meta":{"_monsterinsights_skip_tracking":false,"_monsterinsights_sitenote_active":false,"_monsterinsights_sitenote_note":"","_monsterinsights_sitenote_category":0,"_joinchat":[]},"product_brand":[],"product_cat":[1156,1152,1160,1155,1167,1168],"product_tag":[],"class_list":{"0":"post-38171","1":"product","2":"type-product","3":"status-publish","4":"has-post-thumbnail","6":"product_cat-juguetes-bienestar-juguetes-para-mujeresestimuladores","7":"product_cat-juguetes-bienestar","8":"product_cat-juguetes-bienestar-juguetes-para-hombres","9":"product_cat-juguetes-bienestar-juguetes-para-mujeres","10":"product_cat-juguetes-bienestar-juguetes-para-hombresmasturbadores-para-ellos","11":"product_cat-juguetes-bienestar-juguetes-para-hombresvaginas-y-anos","12":"yith_product_brand-pretty-love","13":"yith_product_brand-pretty-lovepretty-love-male","15":"first","16":"instock","17":"taxable","18":"shipping-taxable","19":"purchasable","20":"product-type-simple"},"aioseo_notices":[],"_links":{"self":[{"href":"https:\/\/www.mysexualfantasy.eu\/en\/wp-json\/wp\/v2\/product\/38171","targetHints":{"allow":["GET"]}}],"collection":[{"href":"https:\/\/www.mysexualfantasy.eu\/en\/wp-json\/wp\/v2\/product"}],"about":[{"href":"https:\/\/www.mysexualfantasy.eu\/en\/wp-json\/wp\/v2\/types\/product"}],"replies":[{"embeddable":true,"href":"https:\/\/www.mysexualfantasy.eu\/en\/wp-json\/wp\/v2\/comments?post=38171"}],"wp:featuredmedia":[{"embeddable":true,"href":"https:\/\/www.mysexualfantasy.eu\/en\/wp-json\/wp\/v2\/media\/60932"}],"wp:attachment":[{"href":"https:\/\/www.mysexualfantasy.eu\/en\/wp-json\/wp\/v2\/media?parent=38171"}],"wp:term":[{"taxonomy":"product_brand","embeddable":true,"href":"https:\/\/www.mysexualfantasy.eu\/en\/wp-json\/wp\/v2\/product_brand?post=38171"},{"taxonomy":"product_cat","embeddable":true,"href":"https:\/\/www.mysexualfantasy.eu\/en\/wp-json\/wp\/v2\/product_cat?post=38171"},{"taxonomy":"product_tag","embeddable":true,"href":"https:\/\/www.mysexualfantasy.eu\/en\/wp-json\/wp\/v2\/product_tag?post=38171"}],"curies":[{"name":"wp","href":"https:\/\/api.w.org\/{rel}","templated":true}]}}