{"id":38218,"date":"2023-01-13T12:18:14","date_gmt":"2023-01-13T12:18:14","guid":{"rendered":"https:\/\/www.mysexualfantasy.eu\/?post_type=product&#038;p=38218"},"modified":"2023-12-06T17:26:02","modified_gmt":"2023-12-06T17:26:02","slug":"obsessive-blossmina-medias-4xl-5xl","status":"publish","type":"product","link":"https:\/\/www.mysexualfantasy.eu\/en\/product\/obsessive-blossmina-medias-4xl-5xl\/","title":{"rendered":"OBSESSIVE &#8211; BLOSSMINA MEDIAS 4XL\/5XL"},"content":{"rendered":"<p>Est\u00e1s buscando un accesorio nuevo y sexy? Con una encantadora combinaci\u00f3n de encajes encantadores, fenomenal patrones y rojo sexy, hemos creado medias maravillosas especialmente para ti \ud83d\ude09 Blossmina es un dise\u00f1o elegante, que consiste en tela cl\u00e1sica, nude y encaje transl\u00facido. La buena noticia es que no tendr\u00e1s que inventar excusas, \u00a1solo mu\u00e9strale este modelo a tu ser querido y te animar\u00e1 a comprarlo!<\/p>\n<p>Descubre los detalles tentadores:<\/p>\n<ul>\n<li>Medias Blossmina de color carne<\/li>\n<li>Delicado encaje rojo con un patr\u00f3n floral<\/li>\n<li>Tela transl\u00facida<\/li>\n<li>Las medias no tienen autosujeci\u00f3n: el cintur\u00f3n de liga Blossmina ser\u00e1 perfecto<\/li>\n<li>Tejido suave para la piel (89% poliamida, 11% elastano)<\/li>\n<\/ul>\n<p 1.5=\"\" color:=\"\" font-size:=\"\" line-height:=\"\" margin-top:=\"\" roboto=\"\" style=\"box-sizing: border-box;\">\u00a1Obsessive significa inspiraci\u00f3n en la mujer!\u00a0 Elegancia, sensualidad, amor a la costura&#8230;.significa mucho para la mujer, pocos son los adjetivos que pueden calificar a Obsessive, donde una labor de a\u00f1os han conseguido unir la mejor relaci\u00f3n calidad-precio.<\/p>\n<p 1.5=\"\" color:=\"\" font-size:=\"\" line-height:=\"\" margin-top:=\"\" roboto=\"\" style=\"box-sizing: border-box;\">\u00a1L\u00edderes mundiales en lencer\u00eda, nadie lo hace mejor!<\/p>\n<p 1.5=\"\" color:=\"\" font-size:=\"\" line-height:=\"\" margin-top:=\"\" roboto=\"\" style=\"box-sizing: border-box;\">\u00a0<\/p>\n<p style=\"text-align: center;\"><img decoding=\"async\" alt=\"\" src=\"https:\/\/interno.dreamlove.es\/UserFiles\/images\/Captura%285%29.JPG\" style=\"width: 760px; height: 337px;\" \/><\/p>","protected":false},"excerpt":{"rendered":"<p>OBSESSIVE &#8211; BLOSSMINA STOCKINGS 4XL\/5XL<\/p>","protected":false},"featured_media":48701,"comment_status":"open","ping_status":"closed","template":"","meta":{"_monsterinsights_skip_tracking":false,"_monsterinsights_sitenote_active":false,"_monsterinsights_sitenote_note":"","_monsterinsights_sitenote_category":0,"_joinchat":[]},"product_brand":[],"product_cat":[1196,1199,1202,1166],"product_tag":[],"class_list":{"0":"post-38218","1":"product","2":"type-product","3":"status-publish","4":"has-post-thumbnail","6":"product_cat-moda-lencerialenceria-mujer","7":"product_cat-moda-lencerialenceria-mujerlenceria-sexy","8":"product_cat-moda-lencerialenceria-mujerlenceria-sexymedias","9":"product_cat-moda-lenceria","10":"yith_product_brand-obsessive","11":"yith_product_brand-obsessiveobsessive-garter-stockings","13":"first","14":"instock","15":"taxable","16":"shipping-taxable","17":"purchasable","18":"product-type-variable"},"aioseo_notices":[],"_links":{"self":[{"href":"https:\/\/www.mysexualfantasy.eu\/en\/wp-json\/wp\/v2\/product\/38218","targetHints":{"allow":["GET"]}}],"collection":[{"href":"https:\/\/www.mysexualfantasy.eu\/en\/wp-json\/wp\/v2\/product"}],"about":[{"href":"https:\/\/www.mysexualfantasy.eu\/en\/wp-json\/wp\/v2\/types\/product"}],"replies":[{"embeddable":true,"href":"https:\/\/www.mysexualfantasy.eu\/en\/wp-json\/wp\/v2\/comments?post=38218"}],"wp:featuredmedia":[{"embeddable":true,"href":"https:\/\/www.mysexualfantasy.eu\/en\/wp-json\/wp\/v2\/media\/48701"}],"wp:attachment":[{"href":"https:\/\/www.mysexualfantasy.eu\/en\/wp-json\/wp\/v2\/media?parent=38218"}],"wp:term":[{"taxonomy":"product_brand","embeddable":true,"href":"https:\/\/www.mysexualfantasy.eu\/en\/wp-json\/wp\/v2\/product_brand?post=38218"},{"taxonomy":"product_cat","embeddable":true,"href":"https:\/\/www.mysexualfantasy.eu\/en\/wp-json\/wp\/v2\/product_cat?post=38218"},{"taxonomy":"product_tag","embeddable":true,"href":"https:\/\/www.mysexualfantasy.eu\/en\/wp-json\/wp\/v2\/product_tag?post=38218"}],"curies":[{"name":"wp","href":"https:\/\/api.w.org\/{rel}","templated":true}]}}