{"id":38394,"date":"2023-01-13T14:33:44","date_gmt":"2023-01-13T14:33:44","guid":{"rendered":"https:\/\/www.mysexualfantasy.eu\/?post_type=product&#038;p=38394"},"modified":"2023-12-06T15:19:13","modified_gmt":"2023-12-06T15:19:13","slug":"diablo-picante-juego-de-cartas-de-poker-erotico","status":"publish","type":"product","link":"https:\/\/www.mysexualfantasy.eu\/en\/product\/diablo-picante-juego-de-cartas-de-poker-erotico\/","title":{"rendered":"DIABLO PICANTE &#8211; JUEGO DE CARTAS DE POKER EROTICO"},"content":{"rendered":"<p><strong>JUEGO DE CARTAS DE POKER EROTICO<\/strong><\/p>\n<p>EL POKER DE CARTAS es un juego para parejas o grupos. Despertaras los sentidos mas intimos. Sin complicaciones y de forma EL POKER DE CARTAS sencillo podr\u00e1s jugar con EL POKER DE CARTAS EROTICO.<\/p>\n<p>Uno se juega la vida en una tirada de dados. Con este juego tratamos de despetar los sentidos m\u00e1s intimos de cada jugador. El entretenimiento te llevara a un entorno altamente SENSUAL donde los sentidos mas escondidos brotaran a flor de piel, no sera una excusa la falta de la libido o decir que el estres es el causante de tu inapetencia sexual,probablemente lo sean, pero con EL POKER DE DADOS esos sintomas desparecen. Sus contadicciones son las mas apetecibles para la ocasion, sensible para el momento, sensuales, morbosos,picaros&#8230;Os implica lo suficiente para que conozcais mejor vuestros cuerpos y valoraros mas positiva y profundamente, sin verg\u00fcenzas, sin tabus, sin tapujos de ningun tipo. Si lo llevais a un buen termino, solo conseguireis una mejor relacion sexual y de pareja.EL POKER DE DADOS contiene varios juguetes que en algun momento podreis utilizar, os aconsejamos utilizarlos todos, y que cumplais al pie de la letra \u00a1SALDR\u00c9IS GANANDO!<\/p>\n<p>Aconsejamos un ambiente sensual, luz tenua, velas aromaticas y musica acorde con el momento, deberan estar vestidos y calzados ya sean en pijama, ropa cotidiana o con ropa de verano. Necesitais tener preparado. fresas, platano, bebida para chupito y cava, chuches y algunos comestibles a su agrado, tendreis preparada otra vestimenta sin que tu pareja la vea, no necesariamente tiene que se posible muy sexy o en su caso algo gracioso.No son riguroso las bebidas alcoholicas se pueden suplantar por refrescos, BEBIDAS Y LICORES SIN ALCOHOL.CONTIENE:INSTRUCIONES, BARAJA DE POKER, CINTA DE BONDAGE, VENDA PARA LOS OJOS, PLUMA ESTIMULANTE, UN DADO DE GRAN CALIDAD DE 25 mm.<\/p>\n<p>DALE RIENDA SUELTA A TU IMAGINACION.SEXO CON IMAGINACION PARA TODO EL A\u00d1O. A JUGAR.<\/p>\n<p><strong>Diablo Picante<\/strong>, pioneros en Espa\u00f1a en la fabricaci\u00f3n\u00a0de art\u00edculos divertidos con tem\u00e1tica er\u00f3tica para todo tipo de celebraciones:\u00a0despedidas, cumplea\u00f1os, jubilaciones, bromas, fiestas y cualquier otro evento con amigos y compa\u00f1eros.<\/p>","protected":false},"excerpt":{"rendered":"<p>DIABLO PICANTE &#8211; EROTIC POKER CARD GAME<\/p>","protected":false},"featured_media":69039,"comment_status":"open","ping_status":"closed","template":"","meta":{"_monsterinsights_skip_tracking":false,"_monsterinsights_sitenote_active":false,"_monsterinsights_sitenote_note":"","_monsterinsights_sitenote_category":0,"_joinchat":[]},"product_brand":[],"product_cat":[1243,1240,616,1235,1232,1266],"product_tag":[],"class_list":{"0":"post-38394","1":"product","2":"type-product","3":"status-publish","4":"has-post-thumbnail","6":"product_cat-articulos-variosarticulos-divertidos","7":"product_cat-articulos-varios","8":"product_cat-juegos","9":"product_cat-juegos-juegos-de-cartas","10":"product_cat-juegos-juegos-de-pareja","11":"product_cat-juegos-juegos-preliminares","12":"yith_product_brand-diverty-sexdiablo-picante","13":"yith_product_brand-diverty-sex","15":"first","16":"instock","17":"taxable","18":"shipping-taxable","19":"purchasable","20":"product-type-simple"},"aioseo_notices":[],"_links":{"self":[{"href":"https:\/\/www.mysexualfantasy.eu\/en\/wp-json\/wp\/v2\/product\/38394","targetHints":{"allow":["GET"]}}],"collection":[{"href":"https:\/\/www.mysexualfantasy.eu\/en\/wp-json\/wp\/v2\/product"}],"about":[{"href":"https:\/\/www.mysexualfantasy.eu\/en\/wp-json\/wp\/v2\/types\/product"}],"replies":[{"embeddable":true,"href":"https:\/\/www.mysexualfantasy.eu\/en\/wp-json\/wp\/v2\/comments?post=38394"}],"wp:featuredmedia":[{"embeddable":true,"href":"https:\/\/www.mysexualfantasy.eu\/en\/wp-json\/wp\/v2\/media\/69039"}],"wp:attachment":[{"href":"https:\/\/www.mysexualfantasy.eu\/en\/wp-json\/wp\/v2\/media?parent=38394"}],"wp:term":[{"taxonomy":"product_brand","embeddable":true,"href":"https:\/\/www.mysexualfantasy.eu\/en\/wp-json\/wp\/v2\/product_brand?post=38394"},{"taxonomy":"product_cat","embeddable":true,"href":"https:\/\/www.mysexualfantasy.eu\/en\/wp-json\/wp\/v2\/product_cat?post=38394"},{"taxonomy":"product_tag","embeddable":true,"href":"https:\/\/www.mysexualfantasy.eu\/en\/wp-json\/wp\/v2\/product_tag?post=38394"}],"curies":[{"name":"wp","href":"https:\/\/api.w.org\/{rel}","templated":true}]}}