{"id":38396,"date":"2023-01-13T14:33:49","date_gmt":"2023-01-13T14:33:49","guid":{"rendered":"https:\/\/www.mysexualfantasy.eu\/?post_type=product&#038;p=38396"},"modified":"2023-12-06T16:20:57","modified_gmt":"2023-12-06T16:20:57","slug":"diablo-picante-esposas-gominola-negras-cola","status":"publish","type":"product","link":"https:\/\/www.mysexualfantasy.eu\/en\/product\/diablo-picante-esposas-gominola-negras-cola\/","title":{"rendered":"DIABLO PICANTE &#8211; ESPOSAS GOMINOLA NEGRAS COLA"},"content":{"rendered":"<p><strong>ESPOSAS GOMINOLA NEGRAS SABOR COLA<\/strong><\/p>\n<p>SON UNA ESPOSAS DE GOMINOLA MUY DIVERTIDAS PARA JUGAR EN CUALQUIER MOMENTO A POLICIAS Y LADRONES O\u00a0A CHICO BUENO,\u00a0CHICA MALA. CONTINE CAJA Y ESPOSAS DE 125 GRAMOS.<\/p>\n<p>DALE RIENDA SUELTA A TU IMAGINACION. SEXO CON IMAGINACION PARA TODO EL A\u00d1O. A JUGAR.<\/p>\n<p><strong>Diablo Picante<\/strong>, pioneros en Espa\u00f1a en la fabricaci\u00f3n\u00a0de art\u00edculos divertidos con tem\u00e1tica er\u00f3tica para todo tipo de celebraciones:\u00a0despedidas, cumplea\u00f1os, jubilaciones, bromas, fiestas y cualquier otro evento con amigos y compa\u00f1eros.<\/p>","protected":false},"excerpt":{"rendered":"<p>DIABLO PICANTE &#8211; BLACK GUMMY WIVES COLA<\/p>","protected":false},"featured_media":69051,"comment_status":"open","ping_status":"closed","template":"","meta":{"_monsterinsights_skip_tracking":false,"_monsterinsights_sitenote_active":false,"_monsterinsights_sitenote_note":"","_monsterinsights_sitenote_category":0,"_joinchat":[]},"product_brand":[],"product_cat":[1240,1379,1381,616,1266],"product_tag":[],"class_list":{"0":"post-38396","1":"product","2":"type-product","3":"status-publish","4":"has-post-thumbnail","6":"product_cat-articulos-varios","7":"product_cat-articulos-variosdulces","8":"product_cat-articulos-variosdulcesgolosinas-divertidas","9":"product_cat-juegos","10":"product_cat-juegos-juegos-preliminares","11":"yith_product_brand-diverty-sexdiablo-picante","12":"yith_product_brand-diverty-sex","14":"first","15":"instock","16":"taxable","17":"shipping-taxable","18":"purchasable","19":"product-type-simple"},"aioseo_notices":[],"_links":{"self":[{"href":"https:\/\/www.mysexualfantasy.eu\/en\/wp-json\/wp\/v2\/product\/38396","targetHints":{"allow":["GET"]}}],"collection":[{"href":"https:\/\/www.mysexualfantasy.eu\/en\/wp-json\/wp\/v2\/product"}],"about":[{"href":"https:\/\/www.mysexualfantasy.eu\/en\/wp-json\/wp\/v2\/types\/product"}],"replies":[{"embeddable":true,"href":"https:\/\/www.mysexualfantasy.eu\/en\/wp-json\/wp\/v2\/comments?post=38396"}],"wp:featuredmedia":[{"embeddable":true,"href":"https:\/\/www.mysexualfantasy.eu\/en\/wp-json\/wp\/v2\/media\/69051"}],"wp:attachment":[{"href":"https:\/\/www.mysexualfantasy.eu\/en\/wp-json\/wp\/v2\/media?parent=38396"}],"wp:term":[{"taxonomy":"product_brand","embeddable":true,"href":"https:\/\/www.mysexualfantasy.eu\/en\/wp-json\/wp\/v2\/product_brand?post=38396"},{"taxonomy":"product_cat","embeddable":true,"href":"https:\/\/www.mysexualfantasy.eu\/en\/wp-json\/wp\/v2\/product_cat?post=38396"},{"taxonomy":"product_tag","embeddable":true,"href":"https:\/\/www.mysexualfantasy.eu\/en\/wp-json\/wp\/v2\/product_tag?post=38396"}],"curies":[{"name":"wp","href":"https:\/\/api.w.org\/{rel}","templated":true}]}}