{"id":38454,"date":"2023-01-13T13:04:50","date_gmt":"2023-01-13T13:04:50","guid":{"rendered":"https:\/\/www.mysexualfantasy.eu\/?post_type=product&#038;p=38454"},"modified":"2023-12-06T16:08:11","modified_gmt":"2023-12-06T16:08:11","slug":"mr-boss-enzo-vibrador-compatible-con-watchme-wireless-technology","status":"publish","type":"product","link":"https:\/\/www.mysexualfantasy.eu\/en\/product\/mr-boss-enzo-vibrador-compatible-con-watchme-wireless-technology\/","title":{"rendered":"MR BOSS &#8211; ENZO VIBRADOR COMPATIBLE CON WATCHME WIRELESS TECHNOLOGY"},"content":{"rendered":"<p><strong>ENZO;<\/strong>\u00a0No hace falta que busques mas acabas de encontrar a tu MR. BOSS. El potente vibrador de esta serie proporciona una riqu\u00edsima transmisi\u00f3n de las vibraciones de suave a fuerte con sus 10 patrones de vibraci\u00f3n. Controlado por un solo bot\u00f3n, la base silver cambia de color en funci\u00f3n al patr\u00f3n de vibraci\u00f3n utilizado, Solo o en pareja Enzo es lo que las mujeres desean para llegar al \u00e9xtasis.<\/p>\n<ul>\n<li>Potente Motor<\/li>\n<li>Compatible con la tecnolog\u00eda inal\u00e1mbrica <strong>Watchme\u00a0<\/strong><\/li>\n<li>Silicona antialerg\u00e9nica<\/li>\n<li>Recargable usb incluido<\/li>\n<li>10 Programas de vibraci\u00f3n<\/li>\n<li>Resistente al agua<\/li>\n<li>Bateria de iones de litio<\/li>\n<li>De facil uso y facil limpieza.<\/li>\n<li>Se recomienda el uso de lubricantes <strong>Waterfeel<\/strong> para una perfecta experiencia.<\/li>\n<li>Incluye de <strong>regalo<\/strong> 1\u00a0lubricante <strong>Waterfeel<\/strong> neutro 6 ml\u00a0<\/li>\n<li>Incluye de <strong>regalo<\/strong> 1 bolsa de viaje reutilizable\u00a0<\/li>\n<\/ul>\n<p>Hemos adaptado\u00a0<strong>Mr\u00a0Boss<\/strong>\u00a0para hacerlo compatible con\u00a0<strong>Watchme<\/strong>. De esta forma, podr\u00e1s controlar sus modos de vibraci\u00f3n por control remoto con tu pareja para llegar a los mejores orgasmos.<\/p>\n<p>Como siempre tenemos prioridad tu comodidad y disfrute desde la total discreci\u00f3, ahora podr\u00e1s guardar tus juguetes favoritos en unas refinadas bolsas de acabado mate que podr\u00e1s llevar desde siempre contigo para no perderte los mejores momentos all\u00e1 donde vayas. Son completamente respetuosas con tu higiene ya que son herm\u00e9ticas, y adem\u00e1s har\u00e1n que tu juguete vaya bien protegido, Las cajas de Mr Boss ahora son mas peque\u00f1as para hacer el transporte m\u00e1s f\u00e1cill y reducir el estocaje. Adem\u00e1s te regalamos lbricante Waterfeel en formato monodosis para que disfrutes de la mejor lubricaci\u00f3n con base de agua al\u00a0disfrutar de tu juguete.\u00a0<\/p>\n<p>Mr Boss es una marca premium adaptado a todos los bolsillos, con todos los est\u00e1ndares de calidad de los juguetes er\u00f3ticos de gama media alta. Las formas y curvas de cada vibrador Mr\u00a0Boss son formidables y dise\u00f1ados perfectamente al cuerpo para proporcionar goce y placer.<\/p>\n<p><strong>INFORMACION DEL PRODUCTO:<\/strong><\/p>\n<ul>\n<li>Longitud total: 22\u00a0cm<\/li>\n<li>Longitud insertable: 15.5 cm<\/li>\n<li>Di\u00e1metros: 5 y 3.5 cm<\/li>\n<li>Peso: 175 gr<\/li>\n<li>Material: Silicona\u00a0<\/li>\n<li>Color: Lila<\/li>\n<li>Sumergible: Si<\/li>\n<li>Bater\u00eda: Si, USB recargable\u00a0<\/li>\n<\/ul>","protected":false},"excerpt":{"rendered":"<p>MR BOSS &#8211; ENZO VIBRATOR WATCHME WIRELESS TECHONOLOGY COMPATIBLE<\/p>","protected":false},"featured_media":55333,"comment_status":"open","ping_status":"closed","template":"","meta":{"_monsterinsights_skip_tracking":false,"_monsterinsights_sitenote_active":false,"_monsterinsights_sitenote_note":"","_monsterinsights_sitenote_category":0,"_joinchat":[]},"product_brand":[],"product_cat":[1156,1152,1155,1165,1153,1292,1154],"product_tag":[],"class_list":{"0":"post-38454","1":"product","2":"type-product","3":"status-publish","4":"has-post-thumbnail","6":"product_cat-juguetes-bienestar-juguetes-para-mujeresestimuladores","7":"product_cat-juguetes-bienestar","8":"product_cat-juguetes-bienestar-juguetes-para-mujeres","9":"product_cat-juguetes-bienestar-juguetes-para-mujeresmasturbadores-para-ellas","10":"product_cat-juguetes-bienestar-vibradores","11":"product_cat-juguetes-bienestar-vibradoresvibradores-clasicos-anales-o-vaginales","12":"product_cat-juguetes-bienestar-vibradoresvibradores-control-remoto","13":"yith_product_brand-mr-boss","15":"first","16":"instock","17":"taxable","18":"shipping-taxable","19":"purchasable","20":"product-type-simple"},"aioseo_notices":[],"_links":{"self":[{"href":"https:\/\/www.mysexualfantasy.eu\/en\/wp-json\/wp\/v2\/product\/38454","targetHints":{"allow":["GET"]}}],"collection":[{"href":"https:\/\/www.mysexualfantasy.eu\/en\/wp-json\/wp\/v2\/product"}],"about":[{"href":"https:\/\/www.mysexualfantasy.eu\/en\/wp-json\/wp\/v2\/types\/product"}],"replies":[{"embeddable":true,"href":"https:\/\/www.mysexualfantasy.eu\/en\/wp-json\/wp\/v2\/comments?post=38454"}],"wp:featuredmedia":[{"embeddable":true,"href":"https:\/\/www.mysexualfantasy.eu\/en\/wp-json\/wp\/v2\/media\/55333"}],"wp:attachment":[{"href":"https:\/\/www.mysexualfantasy.eu\/en\/wp-json\/wp\/v2\/media?parent=38454"}],"wp:term":[{"taxonomy":"product_brand","embeddable":true,"href":"https:\/\/www.mysexualfantasy.eu\/en\/wp-json\/wp\/v2\/product_brand?post=38454"},{"taxonomy":"product_cat","embeddable":true,"href":"https:\/\/www.mysexualfantasy.eu\/en\/wp-json\/wp\/v2\/product_cat?post=38454"},{"taxonomy":"product_tag","embeddable":true,"href":"https:\/\/www.mysexualfantasy.eu\/en\/wp-json\/wp\/v2\/product_tag?post=38454"}],"curies":[{"name":"wp","href":"https:\/\/api.w.org\/{rel}","templated":true}]}}