{"id":38501,"date":"2023-01-13T14:55:37","date_gmt":"2023-01-13T14:55:37","guid":{"rendered":"https:\/\/www.mysexualfantasy.eu\/?post_type=product&#038;p=38501"},"modified":"2023-12-06T16:08:15","modified_gmt":"2023-12-06T16:08:15","slug":"satisfyer-bullseye-anillo-vibrador-app-gris","status":"publish","type":"product","link":"https:\/\/www.mysexualfantasy.eu\/en\/product\/satisfyer-bullseye-anillo-vibrador-app-gris\/","title":{"rendered":"SATISFYER BULLSEYE ANILLO VIBRADOR APP &#8211; GRIS"},"content":{"rendered":"<p>Da en el blanco con el Satisfyer Bullseye. Este anillo para el pene cuenta con un dise\u00f1o elegante y atemporal, con un lazo ajustable con el que ajustarse el di\u00e1metro perfecto para ti. Esto lo hace ideal para principiantes y cualquiera que busque el anillo para el pene que se ajuste perfectamente. Podr\u00e1s controlarlo con la App Connect y est\u00e1 fabricado de silicona m\u00e9dica respetuosa con el cuerpo, es particularmente flexible y suave. Gracias al efecto de congesti\u00f3n de la sangre, el anillo para el pene ajustable no solo retrasa la eyaculaci\u00f3n, sino que tambi\u00e9n te brinda una erecci\u00f3n notable que te permite sentir cada toque de manera particularmente intensa.<\/p>\n<p><strong>Informaci\u00f3n del producto \u00abBullseye\u00bb<\/strong><\/p>\n<ul>\n<li>M\u00e1s resistencia debido al excitante efecto de retenci\u00f3n sangu\u00ednea<\/li>\n<li>Estrechez ajustable individualmente<\/li>\n<li>Compatible con la aplicaci\u00f3n gratuita Satisfyer &#8211;\u00a0Disponible en iOS y Android<\/li>\n<li>Infinidad de programas predefinidos variados y editables gracias a la app<\/li>\n<li>Ideal para parejas<\/li>\n<li>Fabricadas con silicona m\u00e9dica s\u00faper suave e inocua para la piel y con un tacto sedoso<\/li>\n<li>15 a\u00f1os de garant\u00eda<\/li>\n<li>Impermeable (IPX7)<\/li>\n<li>Bater\u00eda recargable de iones de litio<\/li>\n<li>F\u00e1cil de limpiar<\/li>\n<li>Cable de carga magn\u00e9tico USB incluido<\/li>\n<\/ul>\n<p><strong>Qu\u00e9 ofrece\u00a0el Satisfyer Bullseye?<\/strong><\/p>\n<p>\u00a1Algo para apuntar a lo grande! Est\u00e1s buscando un anillo para el pene que pueda hacer frente a todo lo que le propongas? \u00a1Echa un vistazo al Bullseye! Bullseye es un anillo ajustable que te garantiza una flexibilidad total: ya no tendr\u00e1s que esforzarte por encontrar un anillo para el pene que se adapte a tus necesidades. Este anillo resulta ideal tanto para los principiantes como para los m\u00e1s expertos, ya que permite descubrir las numerosas posibilidades de los anillos para el pene. Bullseye cuenta con un dise\u00f1o sencillo pero elegante, que resulta perfecto para estimular el pene o los test\u00edculos. Adem\u00e1s, permite que tu pareja disfrute de una estimulaci\u00f3n adicional al utilizarlo juntos. \u00a1Este anillo ajustable con cierre deslizante se adapta realmente a cualquier tama\u00f1o!<\/p>\n<p><strong>Qu\u00e9 otras ventajas presenta el Satisfyer Bullseye?<\/strong><\/p>\n<p>Gracias a su motor, a su bot\u00f3n de un solo toque y a sus 12 programas de vibraci\u00f3n, Bullseye te har\u00e1 disfrutar del placer m\u00e1s puro. Adem\u00e1s, gracias a la tecnolog\u00eda Bluetooth, Bullseye se puede conectar a la galardonada aplicaci\u00f3n gratuita Satisfyer Connect, ofreci\u00e9ndote as\u00ed la posibilidad controlar el motor de forma independiente y personalizar las vibraciones para que se adapten perfectamente a tus deseos. Bullseye est\u00e1 fabricado con silicona inocua para el cuerpo, es recargable e impermeable (IPX7). \u00a1Da en el clavo con Bullseye!<\/p>","protected":false},"excerpt":{"rendered":"<p>SATISFYER BULLSEYE RING VIBRATOR APP &#8211; GREY<\/p>","protected":false},"featured_media":72589,"comment_status":"open","ping_status":"closed","template":"","meta":{"_monsterinsights_skip_tracking":false,"_monsterinsights_sitenote_active":false,"_monsterinsights_sitenote_note":"","_monsterinsights_sitenote_category":0,"_joinchat":[]},"product_brand":[],"product_cat":[1170,1172,1171,1156,1152,1160,1155,1163,1153,1275],"product_tag":[],"class_list":{"0":"post-38501","1":"product","2":"type-product","3":"status-publish","4":"has-post-thumbnail","6":"product_cat-juguetes-bienestar-juguetes-para-hombresaccesorios-para-el-pene","7":"product_cat-juguetes-bienestar-juguetes-para-hombresaccesorios-para-el-peneanillos-peneanillos-con-vibracion","8":"product_cat-juguetes-bienestar-juguetes-para-hombresaccesorios-para-el-peneanillos-pene","9":"product_cat-juguetes-bienestar-juguetes-para-mujeresestimuladores","10":"product_cat-juguetes-bienestar","11":"product_cat-juguetes-bienestar-juguetes-para-hombres","12":"product_cat-juguetes-bienestar-juguetes-para-mujeres","13":"product_cat-juguetes-bienestar-juguetes-para-mujeresestimuladorespara-clitoris","14":"product_cat-juguetes-bienestar-vibradores","15":"product_cat-juguetes-bienestar-vibradoresvibradores-con-app","16":"yith_product_brand-satisfyer","17":"yith_product_brand-satisfyer-satisfyer-connect","19":"first","20":"instock","21":"taxable","22":"shipping-taxable","23":"purchasable","24":"product-type-simple"},"aioseo_notices":[],"_links":{"self":[{"href":"https:\/\/www.mysexualfantasy.eu\/en\/wp-json\/wp\/v2\/product\/38501","targetHints":{"allow":["GET"]}}],"collection":[{"href":"https:\/\/www.mysexualfantasy.eu\/en\/wp-json\/wp\/v2\/product"}],"about":[{"href":"https:\/\/www.mysexualfantasy.eu\/en\/wp-json\/wp\/v2\/types\/product"}],"replies":[{"embeddable":true,"href":"https:\/\/www.mysexualfantasy.eu\/en\/wp-json\/wp\/v2\/comments?post=38501"}],"wp:featuredmedia":[{"embeddable":true,"href":"https:\/\/www.mysexualfantasy.eu\/en\/wp-json\/wp\/v2\/media\/72589"}],"wp:attachment":[{"href":"https:\/\/www.mysexualfantasy.eu\/en\/wp-json\/wp\/v2\/media?parent=38501"}],"wp:term":[{"taxonomy":"product_brand","embeddable":true,"href":"https:\/\/www.mysexualfantasy.eu\/en\/wp-json\/wp\/v2\/product_brand?post=38501"},{"taxonomy":"product_cat","embeddable":true,"href":"https:\/\/www.mysexualfantasy.eu\/en\/wp-json\/wp\/v2\/product_cat?post=38501"},{"taxonomy":"product_tag","embeddable":true,"href":"https:\/\/www.mysexualfantasy.eu\/en\/wp-json\/wp\/v2\/product_tag?post=38501"}],"curies":[{"name":"wp","href":"https:\/\/api.w.org\/{rel}","templated":true}]}}