{"id":38503,"date":"2023-01-13T14:41:14","date_gmt":"2023-01-13T14:41:14","guid":{"rendered":"https:\/\/www.mysexualfantasy.eu\/?post_type=product&#038;p=38503"},"modified":"2023-12-06T16:08:14","modified_gmt":"2023-12-06T16:08:14","slug":"satisfyer-partner-box-3","status":"publish","type":"product","link":"https:\/\/www.mysexualfantasy.eu\/en\/product\/satisfyer-partner-box-3\/","title":{"rendered":"SATISFYER PARTNER BOX 3"},"content":{"rendered":"<p>Consigue todo lo que deseas y m\u00e1s con Partner Box 3! Partner Box 3 es la soluci\u00f3n perfecta para ti: consigue tres productos c\u00f3modamente empaquetados juntos, que os ayudar\u00e1n a los dos a encontrar la noche perfecta y el regalo ideal para tu amante.<\/p>\n<p>Partner Box 3 incluye tres productos aptos para parejas, Royal One, Sexy Secret y Double Joy.<\/p>\n<p>Royal One es un anillo para el pene flexible, pero seguro, con una superficie amplia, ideal para la estimulaci\u00f3n de la pareja.<\/p>\n<p>Sexy Secret es un vibrador de braguitas que se puede llevar encima, y que est\u00e1 equipado con un im\u00e1n para sujetar el dispositivo c\u00f3modamente en su sitio.<\/p>\n<p>Double Joy es un dispositivo flexible con forma de U que se puede utilizar durante el sexo con penetraci\u00f3n junto a tu pareja.<\/p>\n<p>Con tecnolog\u00eda Bluetooth, Royal One, Sexy Secret y Double Joy se suman al ecosistema de productos que se conectan a la galardonada aplicaci\u00f3n gratuita Satisfyer Connect, ofreci\u00e9ndote la posibilidad de asumir el control del placer y comenzar tu viaje est\u00e9s donde est\u00e9s. Utiliza la aplicaci\u00f3n Satisfyer Connect para controlar los dispositivos de tu pareja desde el otro lado de la mesa, la habitaci\u00f3n o incluso el mundo.<\/p>\n<p>Royal One, Sexy Secret y Double Joy est\u00e1n fabricados con silicona inocua para el cuerpo, se pueden recargar y son impermeables (IPX7), \u00a1y est\u00e1n listos para cualquier aventura nocturna que te propongas! Encuentra la combinaci\u00f3n definitiva con Partner Box 3.<\/p>\n<ul>\n<li>Compatible con la aplicaci\u00f3n Satisfyer disponible con IOS y Android\u00a0<\/li>\n<li>Fabricado con silicona m\u00e9dica super suave y extremadamente higi\u00e9nica\u00a0<\/li>\n<li>Gracias a su superficie impermeable (IPX7), este dispositivo de bienestar sexual se puede usar de forma segura en el agua y es f\u00e1cil de limpiar.<\/li>\n<li>Garant\u00eda de 15 a\u00f1os<\/li>\n<li>Vibraci\u00f3n profunda s\u00faper fuerte<\/li>\n<li>Silicona bodysafe<\/li>\n<li>Impermeable (IPX7)<\/li>\n<li>Tambi\u00e9n se puede usar sin una aplicaci\u00f3n<\/li>\n<li>Programas preestablecidos editables<\/li>\n<li>Infinita variedad de programas con la aplicaci\u00f3n<\/li>\n<li>Silencioso<\/li>\n<li>Bater\u00eda de iones de litio<\/li>\n<li>Cable de carga magn\u00e9tica USB incluido<\/li>\n<li>F\u00e1cil de limpiar<\/li>\n<\/ul>","protected":false},"excerpt":{"rendered":"<p>SATISFYER PARTNER BOX 3<\/p>","protected":false},"featured_media":70174,"comment_status":"open","ping_status":"closed","template":"","meta":{"_monsterinsights_skip_tracking":false,"_monsterinsights_sitenote_active":false,"_monsterinsights_sitenote_note":"","_monsterinsights_sitenote_category":0,"_joinchat":[]},"product_brand":[],"product_cat":[1170,1156,1152,1160,1155,1185,1165,1163,1153,1154],"product_tag":[],"class_list":{"0":"post-38503","1":"product","2":"type-product","3":"status-publish","4":"has-post-thumbnail","6":"product_cat-juguetes-bienestar-juguetes-para-hombresaccesorios-para-el-pene","7":"product_cat-juguetes-bienestar-juguetes-para-mujeresestimuladores","8":"product_cat-juguetes-bienestar","9":"product_cat-juguetes-bienestar-juguetes-para-hombres","10":"product_cat-juguetes-bienestar-juguetes-para-mujeres","11":"product_cat-juguetes-bienestar-kits-juguetes-sexuales","12":"product_cat-juguetes-bienestar-juguetes-para-mujeresmasturbadores-para-ellas","13":"product_cat-juguetes-bienestar-juguetes-para-mujeresestimuladorespara-clitoris","14":"product_cat-juguetes-bienestar-vibradores","15":"product_cat-juguetes-bienestar-vibradoresvibradores-control-remoto","16":"yith_product_brand-satisfyer","17":"yith_product_brand-satisfyer-satisfyer-vibrator","19":"first","20":"instock","21":"taxable","22":"shipping-taxable","23":"purchasable","24":"product-type-simple"},"aioseo_notices":[],"_links":{"self":[{"href":"https:\/\/www.mysexualfantasy.eu\/en\/wp-json\/wp\/v2\/product\/38503","targetHints":{"allow":["GET"]}}],"collection":[{"href":"https:\/\/www.mysexualfantasy.eu\/en\/wp-json\/wp\/v2\/product"}],"about":[{"href":"https:\/\/www.mysexualfantasy.eu\/en\/wp-json\/wp\/v2\/types\/product"}],"replies":[{"embeddable":true,"href":"https:\/\/www.mysexualfantasy.eu\/en\/wp-json\/wp\/v2\/comments?post=38503"}],"wp:featuredmedia":[{"embeddable":true,"href":"https:\/\/www.mysexualfantasy.eu\/en\/wp-json\/wp\/v2\/media\/70174"}],"wp:attachment":[{"href":"https:\/\/www.mysexualfantasy.eu\/en\/wp-json\/wp\/v2\/media?parent=38503"}],"wp:term":[{"taxonomy":"product_brand","embeddable":true,"href":"https:\/\/www.mysexualfantasy.eu\/en\/wp-json\/wp\/v2\/product_brand?post=38503"},{"taxonomy":"product_cat","embeddable":true,"href":"https:\/\/www.mysexualfantasy.eu\/en\/wp-json\/wp\/v2\/product_cat?post=38503"},{"taxonomy":"product_tag","embeddable":true,"href":"https:\/\/www.mysexualfantasy.eu\/en\/wp-json\/wp\/v2\/product_tag?post=38503"}],"curies":[{"name":"wp","href":"https:\/\/api.w.org\/{rel}","templated":true}]}}