{"id":38506,"date":"2023-01-13T12:07:04","date_gmt":"2023-01-13T12:07:04","guid":{"rendered":"https:\/\/www.mysexualfantasy.eu\/?post_type=product&#038;p=38506"},"modified":"2023-12-06T16:08:17","modified_gmt":"2023-12-06T16:08:17","slug":"satisfyer-a-mazing-2-vibrador-punto-a-gris","status":"publish","type":"product","link":"https:\/\/www.mysexualfantasy.eu\/en\/product\/satisfyer-a-mazing-2-vibrador-punto-a-gris\/","title":{"rendered":"SATISFYER A-MAZING 2 VIBRADOR PUNTO A &#8211; GRIS"},"content":{"rendered":"<p>\u00a1As\u00f3mbrate hoy mismo! Satisfyer A-Mazing 2 dispone de un eje largo, ideal para una estimulaci\u00f3n profunda e inexplorada del punto A.<\/p>\n<p><strong>Informaci\u00f3n del producto \u00abA-Mazing 2\u00bb<\/strong><\/p>\n<ul>\n<li>Estimulaci\u00f3n del <strong>Punto\u00a0A <\/strong>con potentes vibraciones<\/li>\n<li>Forma ergon\u00f3mica para una estimulaci\u00f3n m\u00e1s profunda y desconocida<\/li>\n<li>Control de 2 motores superpotentes<\/li>\n<li>15 a\u00f1os de garant\u00eda<\/li>\n<li>Modo Susurro<\/li>\n<li>Fabricadas con silicona m\u00e9dica s\u00faper suave e inocua para la piel y con un tacto sedoso<\/li>\n<li>Bater\u00eda recargable de iones de litio<\/li>\n<li>Impermeable (IPX7)<\/li>\n<li>Cable de carga USB magn\u00e9tico incluido<\/li>\n<li>F\u00e1cil de limpiar<\/li>\n<\/ul>\n<p><strong>Qu\u00e9 m\u00e1s puede hacer el Satisfyer A-Mazing 2?<\/strong><\/p>\n<p>El punto A se encuentra unos 5 cent\u00edmetros (2 pulgadas) por encima del punto G, a lo largo de la pared vaginal frontal. Lo encontrar\u00e1s cuando agarres la A-Mazing utilizando el asa distintiva Vibes, que permite un mejor agarre y una sujeci\u00f3n m\u00e1s c\u00f3moda. El eje recto con una textura acanalada aporta una estimulaci\u00f3n adicional para las personas que buscan dar un toque m\u00e1s picante a las cosas. Gracias a su eje r\u00edgido, su punta flexible peque\u00f1a y redondeada y sus dos potentes motores, podr\u00e1s explorar los 12 programas de vibraci\u00f3n diferentes a trav\u00e9s del panel de control de f\u00e1cil navegaci\u00f3n. A-Mazing 2 est\u00e1 fabricado con silicona inocua para el cuerpo, es recargable e impermeable (IPX7). \u00a1Disfruta de un placer impresionante con el A-Mazing!<\/p>","protected":false},"excerpt":{"rendered":"<p>SATISFYER A-MAZING 2 A-SPOT VIBRATOR &#8211; GREY<\/p>","protected":false},"featured_media":46017,"comment_status":"open","ping_status":"closed","template":"","meta":{"_monsterinsights_skip_tracking":false,"_monsterinsights_sitenote_active":false,"_monsterinsights_sitenote_note":"","_monsterinsights_sitenote_category":0,"_joinchat":[]},"product_brand":[],"product_cat":[1156,1152,1155,1165,1309,1153],"product_tag":[],"class_list":{"0":"post-38506","1":"product","2":"type-product","3":"status-publish","4":"has-post-thumbnail","6":"product_cat-juguetes-bienestar-juguetes-para-mujeresestimuladores","7":"product_cat-juguetes-bienestar","8":"product_cat-juguetes-bienestar-juguetes-para-mujeres","9":"product_cat-juguetes-bienestar-juguetes-para-mujeresmasturbadores-para-ellas","10":"product_cat-juguetes-bienestar-juguetes-para-mujerespunto-g","11":"product_cat-juguetes-bienestar-vibradores","12":"yith_product_brand-satisfyer","13":"yith_product_brand-satisfyer-satisfyer-vibrator","15":"first","16":"instock","17":"taxable","18":"shipping-taxable","19":"purchasable","20":"product-type-simple"},"aioseo_notices":[],"_links":{"self":[{"href":"https:\/\/www.mysexualfantasy.eu\/en\/wp-json\/wp\/v2\/product\/38506","targetHints":{"allow":["GET"]}}],"collection":[{"href":"https:\/\/www.mysexualfantasy.eu\/en\/wp-json\/wp\/v2\/product"}],"about":[{"href":"https:\/\/www.mysexualfantasy.eu\/en\/wp-json\/wp\/v2\/types\/product"}],"replies":[{"embeddable":true,"href":"https:\/\/www.mysexualfantasy.eu\/en\/wp-json\/wp\/v2\/comments?post=38506"}],"wp:featuredmedia":[{"embeddable":true,"href":"https:\/\/www.mysexualfantasy.eu\/en\/wp-json\/wp\/v2\/media\/46017"}],"wp:attachment":[{"href":"https:\/\/www.mysexualfantasy.eu\/en\/wp-json\/wp\/v2\/media?parent=38506"}],"wp:term":[{"taxonomy":"product_brand","embeddable":true,"href":"https:\/\/www.mysexualfantasy.eu\/en\/wp-json\/wp\/v2\/product_brand?post=38506"},{"taxonomy":"product_cat","embeddable":true,"href":"https:\/\/www.mysexualfantasy.eu\/en\/wp-json\/wp\/v2\/product_cat?post=38506"},{"taxonomy":"product_tag","embeddable":true,"href":"https:\/\/www.mysexualfantasy.eu\/en\/wp-json\/wp\/v2\/product_tag?post=38506"}],"curies":[{"name":"wp","href":"https:\/\/api.w.org\/{rel}","templated":true}]}}