{"id":38510,"date":"2023-01-13T13:10:43","date_gmt":"2023-01-13T13:10:43","guid":{"rendered":"https:\/\/www.mysexualfantasy.eu\/?post_type=product&#038;p=38510"},"modified":"2023-12-06T17:24:22","modified_gmt":"2023-12-06T17:24:22","slug":"durex-sensitivo-slim-fit-10-unidades","status":"publish","type":"product","link":"https:\/\/www.mysexualfantasy.eu\/en\/product\/durex-sensitivo-slim-fit-10-unidades\/","title":{"rendered":"DUREX &#8211; SENSITIVO SLIM FIT 10 UNIDADES"},"content":{"rendered":"<p>Los preservativos Durex Sensitivo Suave Slim Fit son m\u00e1s finos para una sensaci\u00f3n m\u00e1s suave y tienen una talla m\u00e1s c\u00f3moda para aquellos hombres que prefierne una talla m\u00e1s ajustada que un preservativo Sensitivo Suave est\u00e1ndar. Adem\u00e1s, ahora los preservativos Durex huelen mejor.<\/p>\n<p>Cada uno de nuestros preservativos Durex est\u00e1 100% electr\u00f3nicamente testado y ha pasado por 5 test de calidad, proporcionando as\u00ed a sus usuarios la confianza necesaria para disfrutar plenamente del sexo todas y cada una de las veces. Adem\u00e1s, han sido dermatol\u00f3gicamente testados.<\/p>\n<ul>\n<li>PER\u00cdMETRO AJUSTADO: Anchura nominal de 52.5mm que se adapta mejor a tus necesidades.<\/li>\n<li>PRESERVATIVOS FINOS: Grosor fino para una mayor sensibilidad.<\/li>\n<li>PRESERVATIVOS LUBRICADOS: Lubricaci\u00f3n de silicona para una experiencia m\u00e1s suave.<\/li>\n<li>L\u00c1TEX DE CAUCHO NATURAL Y TRANSPARENTES: Los preservativos Sensitivos de Durex son transparentes y de l\u00e1tex de caucho natural.<\/li>\n<li>EASY-ON: Preservativos de l\u00e1tex suaves con forma anat\u00f3mica Easy-On con dep\u00f3sito.<\/li>\n<\/ul>","protected":false},"excerpt":{"rendered":"<p>DUREX &#8211; SENSITIVO SLIM FIT 10 UNITS<\/p>","protected":false},"featured_media":56303,"comment_status":"open","ping_status":"closed","template":"","meta":{"_monsterinsights_skip_tracking":false,"_monsterinsights_sitenote_active":false,"_monsterinsights_sitenote_note":"","_monsterinsights_sitenote_category":0,"_joinchat":[]},"product_brand":[],"product_cat":[1464,600,1465,1459],"product_tag":[],"class_list":{"0":"post-38510","1":"product","2":"type-product","3":"status-publish","4":"has-post-thumbnail","6":"product_cat-preservativos-todos-los-tamanos-de-cajascajas-de-4-a-24","7":"product_cat-preservativos","8":"product_cat-preservativos-sensitivos","9":"product_cat-preservativos-todos-los-tamanos-de-cajas","10":"yith_product_brand-durex","11":"yith_product_brand-durexdurex-condoms","13":"first","14":"instock","15":"taxable","16":"shipping-taxable","17":"purchasable","18":"product-type-simple"},"aioseo_notices":[],"_links":{"self":[{"href":"https:\/\/www.mysexualfantasy.eu\/en\/wp-json\/wp\/v2\/product\/38510","targetHints":{"allow":["GET"]}}],"collection":[{"href":"https:\/\/www.mysexualfantasy.eu\/en\/wp-json\/wp\/v2\/product"}],"about":[{"href":"https:\/\/www.mysexualfantasy.eu\/en\/wp-json\/wp\/v2\/types\/product"}],"replies":[{"embeddable":true,"href":"https:\/\/www.mysexualfantasy.eu\/en\/wp-json\/wp\/v2\/comments?post=38510"}],"wp:featuredmedia":[{"embeddable":true,"href":"https:\/\/www.mysexualfantasy.eu\/en\/wp-json\/wp\/v2\/media\/56303"}],"wp:attachment":[{"href":"https:\/\/www.mysexualfantasy.eu\/en\/wp-json\/wp\/v2\/media?parent=38510"}],"wp:term":[{"taxonomy":"product_brand","embeddable":true,"href":"https:\/\/www.mysexualfantasy.eu\/en\/wp-json\/wp\/v2\/product_brand?post=38510"},{"taxonomy":"product_cat","embeddable":true,"href":"https:\/\/www.mysexualfantasy.eu\/en\/wp-json\/wp\/v2\/product_cat?post=38510"},{"taxonomy":"product_tag","embeddable":true,"href":"https:\/\/www.mysexualfantasy.eu\/en\/wp-json\/wp\/v2\/product_tag?post=38510"}],"curies":[{"name":"wp","href":"https:\/\/api.w.org\/{rel}","templated":true}]}}