{"id":38511,"date":"2023-01-13T12:52:26","date_gmt":"2023-01-13T12:52:26","guid":{"rendered":"https:\/\/www.mysexualfantasy.eu\/?post_type=product&#038;p=38511"},"modified":"2023-12-06T17:24:22","modified_gmt":"2023-12-06T17:24:22","slug":"durex-perfect-connection-extra-lubricacion-silicona-10-unidades","status":"publish","type":"product","link":"https:\/\/www.mysexualfantasy.eu\/en\/product\/durex-perfect-connection-extra-lubricacion-silicona-10-unidades\/","title":{"rendered":"DUREX &#8211; PERFECT CONNECTION EXTRA LUBRICACION SILICONA 10 UNIDADES"},"content":{"rendered":"<p>Los preservativos de la gama Perfect Connection est\u00e1n dise\u00f1ados con m\u00e1s grosor y extra-lubricaci\u00f3n a base de silicona, proporcionando mayor seguridad y una lubricaci\u00f3n m\u00e1s duradera.<\/p>\n<ul>\n<li>Los preservativos Perfect Connection son los m\u00e1s lubricados de la gama Durex, con base de silicona.<\/li>\n<li>Adecuados para el sexo anal, oral y vaginal.<\/li>\n<li>Con tecnolog\u00eda Forma Recta, suave y lisa.<\/li>\n<li>Dise\u00f1ado para adaptarse a ti, para una experiencia m\u00e1s c\u00f3moda y placentera.<\/li>\n<li>Los preservativos Durex no solamente cumplen las normas de calidad internacionales, sino que las superan.<\/li>\n<\/ul>\n<p>La fisiolog\u00eda de la zona anal, en la que no se encuentra suficiente lubricaci\u00f3n natural, puede dificultar la penetraci\u00f3n y llevar a la aparici\u00f3n de molestias y\/o dolor cuando se practica sexo anal (2). Adem\u00e1s, se ha demostrado que el sexo anal es una pr\u00e1ctica con mayor riesgo de transmisi\u00f3n de ETS, ya que implica un mayor nivel de fricci\u00f3n (3). Los preservativos Durex Perfect Connection han sido dise\u00f1ados con m\u00e1s grosor y extra-lubricaci\u00f3n a base de silicona, para aquellos que buscan seguridad (1) sin dejar de lado al placer. Los m\u00e1s lubricados de la gama Durex para un sexo in interrupciones.<\/p>","protected":false},"excerpt":{"rendered":"<p>DUREX &#8211; PERFECT CONNECTION SILICONE EXTRA LUBRIFICATION 10 UNITS<\/p>","protected":false},"featured_media":54042,"comment_status":"open","ping_status":"closed","template":"","meta":{"_monsterinsights_skip_tracking":false,"_monsterinsights_sitenote_active":false,"_monsterinsights_sitenote_note":"","_monsterinsights_sitenote_category":0,"_joinchat":[]},"product_brand":[],"product_cat":[1464,1467,600,1459],"product_tag":[],"class_list":{"0":"post-38511","1":"product","2":"type-product","3":"status-publish","4":"has-post-thumbnail","6":"product_cat-preservativos-todos-los-tamanos-de-cajascajas-de-4-a-24","7":"product_cat-preservativos-extra-seguros","8":"product_cat-preservativos","9":"product_cat-preservativos-todos-los-tamanos-de-cajas","10":"yith_product_brand-durex","11":"yith_product_brand-durexdurex-condoms","13":"first","14":"instock","15":"taxable","16":"shipping-taxable","17":"purchasable","18":"product-type-simple"},"aioseo_notices":[],"_links":{"self":[{"href":"https:\/\/www.mysexualfantasy.eu\/en\/wp-json\/wp\/v2\/product\/38511","targetHints":{"allow":["GET"]}}],"collection":[{"href":"https:\/\/www.mysexualfantasy.eu\/en\/wp-json\/wp\/v2\/product"}],"about":[{"href":"https:\/\/www.mysexualfantasy.eu\/en\/wp-json\/wp\/v2\/types\/product"}],"replies":[{"embeddable":true,"href":"https:\/\/www.mysexualfantasy.eu\/en\/wp-json\/wp\/v2\/comments?post=38511"}],"wp:featuredmedia":[{"embeddable":true,"href":"https:\/\/www.mysexualfantasy.eu\/en\/wp-json\/wp\/v2\/media\/54042"}],"wp:attachment":[{"href":"https:\/\/www.mysexualfantasy.eu\/en\/wp-json\/wp\/v2\/media?parent=38511"}],"wp:term":[{"taxonomy":"product_brand","embeddable":true,"href":"https:\/\/www.mysexualfantasy.eu\/en\/wp-json\/wp\/v2\/product_brand?post=38511"},{"taxonomy":"product_cat","embeddable":true,"href":"https:\/\/www.mysexualfantasy.eu\/en\/wp-json\/wp\/v2\/product_cat?post=38511"},{"taxonomy":"product_tag","embeddable":true,"href":"https:\/\/www.mysexualfantasy.eu\/en\/wp-json\/wp\/v2\/product_tag?post=38511"}],"curies":[{"name":"wp","href":"https:\/\/api.w.org\/{rel}","templated":true}]}}