{"id":38514,"date":"2023-01-13T14:41:17","date_gmt":"2023-01-13T14:41:17","guid":{"rendered":"https:\/\/www.mysexualfantasy.eu\/?post_type=product&#038;p=38514"},"modified":"2023-12-06T16:08:20","modified_gmt":"2023-12-06T16:08:20","slug":"durex-intense-diablillo-anillo-vibrador","status":"publish","type":"product","link":"https:\/\/www.mysexualfantasy.eu\/en\/product\/durex-intense-diablillo-anillo-vibrador\/","title":{"rendered":"DUREX &#8211; INTENSE DIABLILLO ANILLO VIBRADOR"},"content":{"rendered":"<p>Da m\u00e1s placer y satisfacci\u00f3n a tu vida sexual con Durex Diablillo.<\/p>\n<ul>\n<li>Estimulaci\u00f3n localizada para m\u00e1s intensidad<\/li>\n<\/ul>\n<p>M\u00e1s informaci\u00f3n<\/p>\n<p>Da m\u00e1s placer y satisfacci\u00f3n a tu vida sexual con Durex Diablillo. Su cabeza vibrante est\u00e1 dise\u00f1ada para proporcionar hasta 30 minutos de excitante estimulaci\u00f3n en el cl\u00edtoris.<\/p>\n<ul>\n<li>Hecho de materiales seguros para el cuerpo<\/li>\n<li>Estimulaci\u00f3n puntual para intensidad focalizada y estimulaci\u00f3n del cl\u00edtoris<\/li>\n<li>Motor especialmente dise\u00f1ado para vibraciones extremadamente potentes<\/li>\n<li>Susurro tranquilo para la m\u00e1xima discreci\u00f3n y el placer ininterrumpido<\/li>\n<li>Peque\u00f1o y discreto, pero con poderosas vibraciones<\/li>\n<\/ul>","protected":false},"excerpt":{"rendered":"<p>DUREX &#8211; INTENSE DIABLILLO VIBRATING PENIS RING<\/p>","protected":false},"featured_media":70183,"comment_status":"open","ping_status":"closed","template":"","meta":{"_monsterinsights_skip_tracking":false,"_monsterinsights_sitenote_active":false,"_monsterinsights_sitenote_note":"","_monsterinsights_sitenote_category":0,"_joinchat":[]},"product_brand":[],"product_cat":[1170,1171,1156,1152,1160,1155,1163],"product_tag":[],"class_list":{"0":"post-38514","1":"product","2":"type-product","3":"status-publish","4":"has-post-thumbnail","6":"product_cat-juguetes-bienestar-juguetes-para-hombresaccesorios-para-el-pene","7":"product_cat-juguetes-bienestar-juguetes-para-hombresaccesorios-para-el-peneanillos-pene","8":"product_cat-juguetes-bienestar-juguetes-para-mujeresestimuladores","9":"product_cat-juguetes-bienestar","10":"product_cat-juguetes-bienestar-juguetes-para-hombres","11":"product_cat-juguetes-bienestar-juguetes-para-mujeres","12":"product_cat-juguetes-bienestar-juguetes-para-mujeresestimuladorespara-clitoris","13":"yith_product_brand-durex","14":"yith_product_brand-durexdurex-toys","16":"first","17":"instock","18":"taxable","19":"shipping-taxable","20":"purchasable","21":"product-type-simple"},"aioseo_notices":[],"_links":{"self":[{"href":"https:\/\/www.mysexualfantasy.eu\/en\/wp-json\/wp\/v2\/product\/38514","targetHints":{"allow":["GET"]}}],"collection":[{"href":"https:\/\/www.mysexualfantasy.eu\/en\/wp-json\/wp\/v2\/product"}],"about":[{"href":"https:\/\/www.mysexualfantasy.eu\/en\/wp-json\/wp\/v2\/types\/product"}],"replies":[{"embeddable":true,"href":"https:\/\/www.mysexualfantasy.eu\/en\/wp-json\/wp\/v2\/comments?post=38514"}],"wp:featuredmedia":[{"embeddable":true,"href":"https:\/\/www.mysexualfantasy.eu\/en\/wp-json\/wp\/v2\/media\/70183"}],"wp:attachment":[{"href":"https:\/\/www.mysexualfantasy.eu\/en\/wp-json\/wp\/v2\/media?parent=38514"}],"wp:term":[{"taxonomy":"product_brand","embeddable":true,"href":"https:\/\/www.mysexualfantasy.eu\/en\/wp-json\/wp\/v2\/product_brand?post=38514"},{"taxonomy":"product_cat","embeddable":true,"href":"https:\/\/www.mysexualfantasy.eu\/en\/wp-json\/wp\/v2\/product_cat?post=38514"},{"taxonomy":"product_tag","embeddable":true,"href":"https:\/\/www.mysexualfantasy.eu\/en\/wp-json\/wp\/v2\/product_tag?post=38514"}],"curies":[{"name":"wp","href":"https:\/\/api.w.org\/{rel}","templated":true}]}}