{"id":38529,"date":"2023-01-13T14:41:21","date_gmt":"2023-01-13T14:41:21","guid":{"rendered":"https:\/\/www.mysexualfantasy.eu\/?post_type=product&#038;p=38529"},"modified":"2023-12-06T16:08:22","modified_gmt":"2023-12-06T16:08:22","slug":"durex-intense-orgasmic-vibrations","status":"publish","type":"product","link":"https:\/\/www.mysexualfantasy.eu\/en\/product\/durex-intense-orgasmic-vibrations\/","title":{"rendered":"DUREX &#8211; INTENSE ORGASMIC VIBRATIONS"},"content":{"rendered":"<p>Potencia el placer y la satisfacci\u00f3n de ambos con el anillo Durex Intense Orgasmic Vibrations. Una opci\u00f3n fant\u00e1stica para los preliminares y tambi\u00e9n para el sexo.<\/p>\n<ul>\n<li>Mejora el sexo y los preliminares<\/li>\n<li>Hasta 20 minutos de estimulantes vibraciones<\/li>\n<li>Ajustado y f\u00e1cil de usar<\/li>\n<\/ul>\n<p>M\u00e1s informaci\u00f3n<\/p>\n<p>Potencia el placer y la satisfacci\u00f3n de ambos con el anillo Durex Intense Orgasmic Vibrations. Una opci\u00f3n fant\u00e1stica para los preliminares y tambi\u00e9n para el sexo.<\/p>\n<ul>\n<li>Hecho de materiales seguros para el cuerpo<\/li>\n<li>Motor especialmente dise\u00f1ado para vibraciones extremadamente potentes<\/li>\n<li>Susurro tranquilo para la m\u00e1xima discreci\u00f3n y el placer ininterrumpido<\/li>\n<li>Peque\u00f1o y discreto, pero con poderosas vibraciones<\/li>\n<\/ul>","protected":false},"excerpt":{"rendered":"<p>DUREX &#8211; INTENSE ORGASMIC VIBRATIONS<\/p>","protected":false},"featured_media":70187,"comment_status":"open","ping_status":"closed","template":"","meta":{"_monsterinsights_skip_tracking":false,"_monsterinsights_sitenote_active":false,"_monsterinsights_sitenote_note":"","_monsterinsights_sitenote_category":0,"_joinchat":[]},"product_brand":[],"product_cat":[1170,1156,1152,1160,1155,1165,1163,1153],"product_tag":[],"class_list":{"0":"post-38529","1":"product","2":"type-product","3":"status-publish","4":"has-post-thumbnail","6":"product_cat-juguetes-bienestar-juguetes-para-hombresaccesorios-para-el-pene","7":"product_cat-juguetes-bienestar-juguetes-para-mujeresestimuladores","8":"product_cat-juguetes-bienestar","9":"product_cat-juguetes-bienestar-juguetes-para-hombres","10":"product_cat-juguetes-bienestar-juguetes-para-mujeres","11":"product_cat-juguetes-bienestar-juguetes-para-mujeresmasturbadores-para-ellas","12":"product_cat-juguetes-bienestar-juguetes-para-mujeresestimuladorespara-clitoris","13":"product_cat-juguetes-bienestar-vibradores","14":"yith_product_brand-durex","15":"yith_product_brand-durexdurex-toys","17":"first","18":"instock","19":"taxable","20":"shipping-taxable","21":"purchasable","22":"product-type-simple"},"aioseo_notices":[],"_links":{"self":[{"href":"https:\/\/www.mysexualfantasy.eu\/en\/wp-json\/wp\/v2\/product\/38529","targetHints":{"allow":["GET"]}}],"collection":[{"href":"https:\/\/www.mysexualfantasy.eu\/en\/wp-json\/wp\/v2\/product"}],"about":[{"href":"https:\/\/www.mysexualfantasy.eu\/en\/wp-json\/wp\/v2\/types\/product"}],"replies":[{"embeddable":true,"href":"https:\/\/www.mysexualfantasy.eu\/en\/wp-json\/wp\/v2\/comments?post=38529"}],"wp:featuredmedia":[{"embeddable":true,"href":"https:\/\/www.mysexualfantasy.eu\/en\/wp-json\/wp\/v2\/media\/70187"}],"wp:attachment":[{"href":"https:\/\/www.mysexualfantasy.eu\/en\/wp-json\/wp\/v2\/media?parent=38529"}],"wp:term":[{"taxonomy":"product_brand","embeddable":true,"href":"https:\/\/www.mysexualfantasy.eu\/en\/wp-json\/wp\/v2\/product_brand?post=38529"},{"taxonomy":"product_cat","embeddable":true,"href":"https:\/\/www.mysexualfantasy.eu\/en\/wp-json\/wp\/v2\/product_cat?post=38529"},{"taxonomy":"product_tag","embeddable":true,"href":"https:\/\/www.mysexualfantasy.eu\/en\/wp-json\/wp\/v2\/product_tag?post=38529"}],"curies":[{"name":"wp","href":"https:\/\/api.w.org\/{rel}","templated":true}]}}