{"id":38536,"date":"2023-01-13T13:44:40","date_gmt":"2023-01-13T13:44:40","guid":{"rendered":"https:\/\/www.mysexualfantasy.eu\/?post_type=product&#038;p=38536"},"modified":"2023-12-06T15:44:03","modified_gmt":"2023-12-06T15:44:03","slug":"satisfyer-3-huevos-masturbadores-riffle-bubble-fierce","status":"publish","type":"product","link":"https:\/\/www.mysexualfantasy.eu\/en\/product\/satisfyer-3-huevos-masturbadores-riffle-bubble-fierce\/","title":{"rendered":"SATISFYER 3 HUEVOS MASTURBADORES &#8211; RIFFLE, BUBBLE  FIERCE"},"content":{"rendered":"<p>Llega la nueva y revolucionaria serie de huevos masturbadores EGGCITED de Satisfyer.\u00a0<\/p>\n<p>De material flexible, estos huevos mastubadores est\u00e1n fabricados con Hydro-Active, revolucionario material con el que no\u00a0ser\u00e1 necesario el uso de lubricante, tan solo aplica un poco de agua y la sensaci\u00f3n ser\u00e1 completamente realista y por supuesto, deslizante y placentera.\u00a0<\/p>\n<p>De material muy flexible y texturado en su interior, consigue estimular al m\u00e1ximo ya que puede estirar y llegar a lo largo de todo el miembro.\u00a0<\/p>\n<ul>\n<li>Pack 3 unidades de huevos masturbadores: RIFFLE, BUBBLE  FIERCE<\/li>\n<li>Material:\u00a0TPE Hydro-Active<\/li>\n<li>Placenteras texturas en su interior\u00a0<\/li>\n<li>Muy flexible\u00a0<\/li>\n<li>No necesita lubricaci\u00f3n adicional\u00a0<\/li>\n<\/ul>\n<p>\u00a0<\/p>","protected":false},"excerpt":{"rendered":"<p>SATISFYER 3 MASTURBATOR EGGS &#8211; RIFFLE, BUBBLE  FIERCE<\/p>","protected":false},"featured_media":61151,"comment_status":"open","ping_status":"closed","template":"","meta":{"_monsterinsights_skip_tracking":false,"_monsterinsights_sitenote_active":false,"_monsterinsights_sitenote_note":"","_monsterinsights_sitenote_category":0,"_joinchat":[]},"product_brand":[],"product_cat":[1152,1160,1185,1167],"product_tag":[],"class_list":{"0":"post-38536","1":"product","2":"type-product","3":"status-publish","4":"has-post-thumbnail","6":"product_cat-juguetes-bienestar","7":"product_cat-juguetes-bienestar-juguetes-para-hombres","8":"product_cat-juguetes-bienestar-kits-juguetes-sexuales","9":"product_cat-juguetes-bienestar-juguetes-para-hombresmasturbadores-para-ellos","10":"yith_product_brand-satisfyer","11":"yith_product_brand-satisfyer-satisfyer-eggs","13":"first","14":"instock","15":"taxable","16":"shipping-taxable","17":"purchasable","18":"product-type-simple"},"aioseo_notices":[],"_links":{"self":[{"href":"https:\/\/www.mysexualfantasy.eu\/en\/wp-json\/wp\/v2\/product\/38536","targetHints":{"allow":["GET"]}}],"collection":[{"href":"https:\/\/www.mysexualfantasy.eu\/en\/wp-json\/wp\/v2\/product"}],"about":[{"href":"https:\/\/www.mysexualfantasy.eu\/en\/wp-json\/wp\/v2\/types\/product"}],"replies":[{"embeddable":true,"href":"https:\/\/www.mysexualfantasy.eu\/en\/wp-json\/wp\/v2\/comments?post=38536"}],"wp:featuredmedia":[{"embeddable":true,"href":"https:\/\/www.mysexualfantasy.eu\/en\/wp-json\/wp\/v2\/media\/61151"}],"wp:attachment":[{"href":"https:\/\/www.mysexualfantasy.eu\/en\/wp-json\/wp\/v2\/media?parent=38536"}],"wp:term":[{"taxonomy":"product_brand","embeddable":true,"href":"https:\/\/www.mysexualfantasy.eu\/en\/wp-json\/wp\/v2\/product_brand?post=38536"},{"taxonomy":"product_cat","embeddable":true,"href":"https:\/\/www.mysexualfantasy.eu\/en\/wp-json\/wp\/v2\/product_cat?post=38536"},{"taxonomy":"product_tag","embeddable":true,"href":"https:\/\/www.mysexualfantasy.eu\/en\/wp-json\/wp\/v2\/product_tag?post=38536"}],"curies":[{"name":"wp","href":"https:\/\/api.w.org\/{rel}","templated":true}]}}