{"id":38576,"date":"2023-01-13T14:45:16","date_gmt":"2023-01-13T14:45:16","guid":{"rendered":"https:\/\/www.mysexualfantasy.eu\/?post_type=product&#038;p=38576"},"modified":"2023-12-06T17:26:03","modified_gmt":"2023-12-06T17:26:03","slug":"obsessive-diyosa-set-dos-piezas-xs-s","status":"publish","type":"product","link":"https:\/\/www.mysexualfantasy.eu\/en\/product\/obsessive-diyosa-set-dos-piezas-xs-s\/","title":{"rendered":"OBSESSIVE &#8211; DIYOSA SET DOS PIEZAS XS\/S"},"content":{"rendered":"<p>Sujetador y panties\u00a0celestiales Te gusta la simetr\u00eda perfecta? Este conjunto seductor ayudar\u00e1 a que tu pasi\u00f3n se encuentre en una proporci\u00f3n \u00e1urea. El rojo intenso har\u00e1 que la mirada de tu pareja se fije en ti, y los delicados recortes y el material transl\u00facido estimular\u00e1n tu imaginaci\u00f3n y lo invitar\u00e1n a descubrir manchas secretas en tu cuerpo. \u00a1Con esta lencer\u00eda te sentir\u00e1s como una diosa!<\/p>\n<p>Caracter\u00edsticas:<\/p>\n<ul>\n<li>Conjunto Diyosa  sujetador y panties<\/li>\n<li>Las correas sim\u00e9tricas ajustan de manera flexible el sujetador a su cuerpo, al tiempo que enfatizan las curvas femeninas y garantizan la comodidad de uso<\/li>\n<li>Correas ajustables<\/li>\n<li>Material seductoramente transl\u00facido con elementos de encaje<\/li>\n<li>Sexy corte panty, decorado con colgante brillante<\/li>\n<li>Material agradable y delicado (85% poliamida, 15% elastano)<\/li>\n<\/ul>\n<p 1.5=\"\" color:=\"\" font-size:=\"\" line-height:=\"\" margin-top:=\"\" roboto=\"\" style=\"box-sizing: border-box;\">\u00a1Obsessive significa inspiraci\u00f3n en la mujer!\u00a0 Elegancia, sensualidad, amor a la costura&#8230;.significa mucho para la mujer, pocos son los adjetivos que pueden calificar a Obsessive, donde una labor de a\u00f1os han conseguido unir la mejor relaci\u00f3n calidad-precio.<\/p>\n<p 1.5=\"\" color:=\"\" font-size:=\"\" line-height:=\"\" margin-top:=\"\" roboto=\"\" style=\"box-sizing: border-box;\">\u00a1L\u00edderes mundiales en lencer\u00eda, nadie lo hace mejor!<\/p>","protected":false},"excerpt":{"rendered":"<p>OBSESSIVE &#8211; DIYOSA TWO PIECES SET XS\/S<\/p>","protected":false},"featured_media":71006,"comment_status":"open","ping_status":"closed","template":"","meta":{"_monsterinsights_skip_tracking":false,"_monsterinsights_sitenote_active":false,"_monsterinsights_sitenote_note":"","_monsterinsights_sitenote_category":0,"_joinchat":[]},"product_brand":[],"product_cat":[1196,1199,1166,148,1200],"product_tag":[],"class_list":{"0":"post-38576","1":"product","2":"type-product","3":"status-publish","4":"has-post-thumbnail","6":"product_cat-moda-lencerialenceria-mujer","7":"product_cat-moda-lencerialenceria-mujerlenceria-sexy","8":"product_cat-moda-lenceria","9":"product_cat-ofertas","10":"product_cat-moda-lencerialenceria-mujerlenceria-sexysujetador-y-parte-inferior","11":"yith_product_brand-obsessive-obsessive-last-chance","12":"yith_product_brand-obsessive","14":"first","15":"instock","16":"taxable","17":"shipping-taxable","18":"purchasable","19":"product-type-variable"},"aioseo_notices":[],"_links":{"self":[{"href":"https:\/\/www.mysexualfantasy.eu\/en\/wp-json\/wp\/v2\/product\/38576","targetHints":{"allow":["GET"]}}],"collection":[{"href":"https:\/\/www.mysexualfantasy.eu\/en\/wp-json\/wp\/v2\/product"}],"about":[{"href":"https:\/\/www.mysexualfantasy.eu\/en\/wp-json\/wp\/v2\/types\/product"}],"replies":[{"embeddable":true,"href":"https:\/\/www.mysexualfantasy.eu\/en\/wp-json\/wp\/v2\/comments?post=38576"}],"wp:featuredmedia":[{"embeddable":true,"href":"https:\/\/www.mysexualfantasy.eu\/en\/wp-json\/wp\/v2\/media\/71006"}],"wp:attachment":[{"href":"https:\/\/www.mysexualfantasy.eu\/en\/wp-json\/wp\/v2\/media?parent=38576"}],"wp:term":[{"taxonomy":"product_brand","embeddable":true,"href":"https:\/\/www.mysexualfantasy.eu\/en\/wp-json\/wp\/v2\/product_brand?post=38576"},{"taxonomy":"product_cat","embeddable":true,"href":"https:\/\/www.mysexualfantasy.eu\/en\/wp-json\/wp\/v2\/product_cat?post=38576"},{"taxonomy":"product_tag","embeddable":true,"href":"https:\/\/www.mysexualfantasy.eu\/en\/wp-json\/wp\/v2\/product_tag?post=38576"}],"curies":[{"name":"wp","href":"https:\/\/api.w.org\/{rel}","templated":true}]}}