{"id":38604,"date":"2023-01-13T11:42:40","date_gmt":"2023-01-13T11:42:40","guid":{"rendered":"https:\/\/www.mysexualfantasy.eu\/?post_type=product&#038;p=38604"},"modified":"2023-12-06T16:08:27","modified_gmt":"2023-12-06T16:08:27","slug":"diversia-dildo-flexible-con-vibracion-21-5-cm-lila","status":"publish","type":"product","link":"https:\/\/www.mysexualfantasy.eu\/en\/product\/diversia-dildo-flexible-con-vibracion-21-5-cm-lila\/","title":{"rendered":"DIVERSIA &#8211; DILDO FLEXIBLE CON VIBRACION 21.5 CM &#8211; LILA"},"content":{"rendered":"<p>La marca\u00a0<strong>Diversia<\/strong>\u00a0ofrece juguetes exclusivos para hombres y mujeres . La gama de productos incluye una amplia gama de vibradores control remoto a todo color. Diversia fabrica todos los productos de alta calidad y tiene lo correcto en la colorida gama para todas las orientaciones sexuales\u00a0<\/p>\n<p><strong>Diversia<\/strong>\u00a0es amor al sexo desde el respeto total a la libertad sin seguir los patrones ideol\u00f3gicos impuestos.\u00a0<strong>Diversia<\/strong>\u00a0es diversidad sexual, pero Qu\u00e9 ofrecemos?\u00a0<\/p>\n<p>Una completa gama de dildos de naturaleza firme que est\u00e1n listos con una ventosa\u00a0resistente para mimarte apasionadamente. Su eje flexible y aut\u00e9ntico le proporciona una vibraci\u00f3n continua en cada posici\u00f3n , que se puede regular f\u00e1cilmente con el control remoto por cable\u00a0<\/p>\n<p>Si deseas compartir tu felicidad y dsifrutar del encanto del placer para dos, tambi\u00e9n se puede sujetar f\u00e1cilmente a un arn\u00e9s con correa.\u00a0<\/p>\n<p><strong>Diversia\u00a0<\/strong>a\u00f1ade un emocionate juego para dos a trav\u00e9s de su control remoto al que puedes conectar dos dildos simult\u00e1neamente y jugar con un solo mando. Esto es posible? Pues hemos pensado la forma de a\u00f1adir alta intensidad al sexo una fiesta? un juego para dos? un juego para tres? dos disfrutan y uno controla?<\/p>\n<ul>\n<li>Potente motor\u00a0<\/li>\n<li>Fuerte ventosa\u00a0<\/li>\n<li>Flexible\u00a0<\/li>\n<li>Compatible con arneses\u00a0<\/li>\n<li>Material bodysafe\u00a0<\/li>\n<li>Medidas:\n<ul>\n<li>Longitud:\u00a021.5 cm<\/li>\n<li>Insertable:17.5 cm\u00a0<\/li>\n<li>Di\u00e1metro: 4.5 cm\u00a0<\/li>\n<\/ul>\n<\/li>\n<li>Material:TPE, sin olor\u00a0<\/li>\n<li>100% sin f\u00e1latos\u00a0<\/li>\n<li>F\u00e1cil limpieza, puede limpiarse con agua y jab\u00f3n o con un limpiador de juguetes\u00a0<\/li>\n<li>Se recomienda su uso con los\u00a0lubricantes\u00a0<strong>Waterfeel<\/strong>,\u00a0<strong>Aqua<\/strong>\u00a0o\u00a0<strong>Black Hole<\/strong>\u00a0(especial uso anal) o\u00a0<strong>BioAqua<\/strong>\u00a0si tu piel es sensible.\u00a0<\/li>\n<li>Posibiidad de conectar dos dildos con un solo mando<\/li>\n<li>El mando funciona con pilas AA x 3 (no incluidas)<\/li>\n<\/ul>\n<p>Nosotros hemos disfrutado haciendo\u00a0<strong>Diversia<\/strong>, esperamos que t\u00fa disfrutes igual que nosotros.<\/p>","protected":false},"excerpt":{"rendered":"<p>DIVERSIA &#8211; FLEXIBLE VIBRATING DILDO 21.5 CM &#8211; PURPLE<\/p>","protected":false},"featured_media":41647,"comment_status":"open","ping_status":"closed","template":"","meta":{"_monsterinsights_skip_tracking":false,"_monsterinsights_sitenote_active":false,"_monsterinsights_sitenote_note":"","_monsterinsights_sitenote_category":0,"_joinchat":[]},"product_brand":[],"product_cat":[1182,1304,1303,1152,1155,1165],"product_tag":[],"class_list":{"0":"post-38604","1":"product","2":"type-product","3":"status-publish","4":"has-post-thumbnail","6":"product_cat-juguetes-bienestar-dildos","7":"product_cat-juguetes-bienestar-dildosdildos-para-arneses","8":"product_cat-juguetes-bienestar-dildosdildos-punto-g","9":"product_cat-juguetes-bienestar","10":"product_cat-juguetes-bienestar-juguetes-para-mujeres","11":"product_cat-juguetes-bienestar-juguetes-para-mujeresmasturbadores-para-ellas","12":"yith_product_brand-diversia","14":"first","15":"instock","16":"taxable","17":"shipping-taxable","18":"purchasable","19":"product-type-simple"},"aioseo_notices":[],"_links":{"self":[{"href":"https:\/\/www.mysexualfantasy.eu\/en\/wp-json\/wp\/v2\/product\/38604","targetHints":{"allow":["GET"]}}],"collection":[{"href":"https:\/\/www.mysexualfantasy.eu\/en\/wp-json\/wp\/v2\/product"}],"about":[{"href":"https:\/\/www.mysexualfantasy.eu\/en\/wp-json\/wp\/v2\/types\/product"}],"replies":[{"embeddable":true,"href":"https:\/\/www.mysexualfantasy.eu\/en\/wp-json\/wp\/v2\/comments?post=38604"}],"wp:featuredmedia":[{"embeddable":true,"href":"https:\/\/www.mysexualfantasy.eu\/en\/wp-json\/wp\/v2\/media\/41647"}],"wp:attachment":[{"href":"https:\/\/www.mysexualfantasy.eu\/en\/wp-json\/wp\/v2\/media?parent=38604"}],"wp:term":[{"taxonomy":"product_brand","embeddable":true,"href":"https:\/\/www.mysexualfantasy.eu\/en\/wp-json\/wp\/v2\/product_brand?post=38604"},{"taxonomy":"product_cat","embeddable":true,"href":"https:\/\/www.mysexualfantasy.eu\/en\/wp-json\/wp\/v2\/product_cat?post=38604"},{"taxonomy":"product_tag","embeddable":true,"href":"https:\/\/www.mysexualfantasy.eu\/en\/wp-json\/wp\/v2\/product_tag?post=38604"}],"curies":[{"name":"wp","href":"https:\/\/api.w.org\/{rel}","templated":true}]}}