{"id":38708,"date":"2023-01-13T13:44:50","date_gmt":"2023-01-13T13:44:50","guid":{"rendered":"https:\/\/www.mysexualfantasy.eu\/?post_type=product&#038;p=38708"},"modified":"2023-12-06T16:08:19","modified_gmt":"2023-12-06T16:08:19","slug":"pretty-love-drake-plug-anal-inflable","status":"publish","type":"product","link":"https:\/\/www.mysexualfantasy.eu\/en\/product\/pretty-love-drake-plug-anal-inflable\/","title":{"rendered":"PRETTY LOVE DRAKE PLUG ANAL INFLABLE"},"content":{"rendered":"<p>Experimenta lo \u00faltimo en placer anal con el tap\u00f3n anal. Disfrute de la sensaci\u00f3n de llenado mientras usa la bomba para inflar suavemente el tap\u00f3n dentro de usted. Inserte antes de inflar y una vez en posici\u00f3n, bombee hasta lograr una satisfacci\u00f3n anal incre\u00edble. D\u00e9jate llevar a un cl\u00edmax incre\u00edble con este sensacional juguete anal. Para quitar el tap\u00f3n, des\u00ednflelo r\u00e1pidamente usando la v\u00e1lvula de liberaci\u00f3n de presi\u00f3n conectada a la bomba. La base y la distribuci\u00f3n uniforme del aire garantizan una experiencia segura y c\u00f3moda y le brinda total tranquilidad mientras est\u00e1 adentro. Adem\u00e1s, la v\u00e1lvula de presi\u00f3n de seguridad permite un desinflado r\u00e1pido y f\u00e1cil, y la recuperaci\u00f3n una vez que se ha llenado. diversi\u00f3n anal<\/p>\n<p>Caracter\u00edsticas:\u00a0<\/p>\n<ul>\n<li>Funcionamiento: Inflable<\/li>\n<li>Resistente al agua<\/li>\n<li>Material: Silicona<\/li>\n<li>Color: Negro<\/li>\n<\/ul>\n<p>Pretty Love fabrica productos de alta calidad. Tienen 1 a\u00f1o de garant\u00eda en defectos t\u00e9cnicos.<\/p>","protected":false},"excerpt":{"rendered":"<p>PRETTY LOVE DRAKE INFLATABLE ANAL PLUG<\/p>","protected":false},"featured_media":61175,"comment_status":"open","ping_status":"closed","template":"","meta":{"_monsterinsights_skip_tracking":false,"_monsterinsights_sitenote_active":false,"_monsterinsights_sitenote_note":"","_monsterinsights_sitenote_category":0,"_joinchat":[]},"product_brand":[],"product_cat":[1162,1152,1155,1189,1309],"product_tag":[],"class_list":{"0":"post-38708","1":"product","2":"type-product","3":"status-publish","4":"has-post-thumbnail","6":"product_cat-juguetes-bienestar-anal","7":"product_cat-juguetes-bienestar","8":"product_cat-juguetes-bienestar-juguetes-para-mujeres","9":"product_cat-juguetes-bienestar-analplugs-anales","10":"product_cat-juguetes-bienestar-juguetes-para-mujerespunto-g","11":"yith_product_brand-pretty-love","13":"first","14":"instock","15":"taxable","16":"shipping-taxable","17":"purchasable","18":"product-type-simple"},"aioseo_notices":[],"_links":{"self":[{"href":"https:\/\/www.mysexualfantasy.eu\/en\/wp-json\/wp\/v2\/product\/38708","targetHints":{"allow":["GET"]}}],"collection":[{"href":"https:\/\/www.mysexualfantasy.eu\/en\/wp-json\/wp\/v2\/product"}],"about":[{"href":"https:\/\/www.mysexualfantasy.eu\/en\/wp-json\/wp\/v2\/types\/product"}],"replies":[{"embeddable":true,"href":"https:\/\/www.mysexualfantasy.eu\/en\/wp-json\/wp\/v2\/comments?post=38708"}],"wp:featuredmedia":[{"embeddable":true,"href":"https:\/\/www.mysexualfantasy.eu\/en\/wp-json\/wp\/v2\/media\/61175"}],"wp:attachment":[{"href":"https:\/\/www.mysexualfantasy.eu\/en\/wp-json\/wp\/v2\/media?parent=38708"}],"wp:term":[{"taxonomy":"product_brand","embeddable":true,"href":"https:\/\/www.mysexualfantasy.eu\/en\/wp-json\/wp\/v2\/product_brand?post=38708"},{"taxonomy":"product_cat","embeddable":true,"href":"https:\/\/www.mysexualfantasy.eu\/en\/wp-json\/wp\/v2\/product_cat?post=38708"},{"taxonomy":"product_tag","embeddable":true,"href":"https:\/\/www.mysexualfantasy.eu\/en\/wp-json\/wp\/v2\/product_tag?post=38708"}],"curies":[{"name":"wp","href":"https:\/\/api.w.org\/{rel}","templated":true}]}}