{"id":38731,"date":"2023-01-13T14:41:22","date_gmt":"2023-01-13T14:41:22","guid":{"rendered":"https:\/\/www.mysexualfantasy.eu\/?post_type=product&#038;p=38731"},"modified":"2023-12-06T16:08:33","modified_gmt":"2023-12-06T16:08:33","slug":"pretty-love-cecelia-funda-pene-natural","status":"publish","type":"product","link":"https:\/\/www.mysexualfantasy.eu\/en\/product\/pretty-love-cecelia-funda-pene-natural\/","title":{"rendered":"PRETTY LOVE CECELIA FUNDA PENE NATURAL"},"content":{"rendered":"<p>Divi\u00e9rtete con esta funda vibradora para el pene. Esta funda para pene que mejora la erecci\u00f3n y promete placer est\u00e1 hecha de TPR suave y est\u00e1 asegurada en su lugar por un lazo de bola. Un vibrador en la punta extiende la longitud de su pene y se activa al contacto. Estimulando la cabeza de su eje, tambi\u00e9n proporciona estimulaci\u00f3n interna para ella. La funda el\u00e1stica envuelve su pene para una erecci\u00f3n m\u00e1s fuerte y duradera, \u00a1lo que le da m\u00e1s tiempo para disfrutar de las vibraciones!<\/p>\n<p>Caracter\u00edsticas:\u00a0<\/p>\n<ul>\n<li>Funcionamiento: funda de pene con vibraci\u00f3n<\/li>\n<li>Bater\u00eda: 3 LR936 batteries<\/li>\n<li>Material: TPR ABS<\/li>\n<li>Color: Natural<\/li>\n<\/ul>\n<p>Pretty Love fabrica productos de alta calidad. Tienen 1 a\u00f1o de garant\u00eda en defectos t\u00e9cnicos.<\/p>","protected":false},"excerpt":{"rendered":"<p>PRETTY LOVE CECELIA PENIS SLEEVE FLESH<\/p>","protected":false},"featured_media":70188,"comment_status":"open","ping_status":"closed","template":"","meta":{"_monsterinsights_skip_tracking":false,"_monsterinsights_sitenote_active":false,"_monsterinsights_sitenote_note":"","_monsterinsights_sitenote_category":0,"_joinchat":[]},"product_brand":[],"product_cat":[1170,1156,1298,1152,1160,1155,1163,1153],"product_tag":[],"class_list":{"0":"post-38731","1":"product","2":"type-product","3":"status-publish","4":"has-post-thumbnail","6":"product_cat-juguetes-bienestar-juguetes-para-hombresaccesorios-para-el-pene","7":"product_cat-juguetes-bienestar-juguetes-para-mujeresestimuladores","8":"product_cat-juguetes-bienestar-juguetes-para-hombresaccesorios-para-el-penefundas","9":"product_cat-juguetes-bienestar","10":"product_cat-juguetes-bienestar-juguetes-para-hombres","11":"product_cat-juguetes-bienestar-juguetes-para-mujeres","12":"product_cat-juguetes-bienestar-juguetes-para-mujeresestimuladorespara-clitoris","13":"product_cat-juguetes-bienestar-vibradores","14":"yith_product_brand-pretty-love","16":"first","17":"instock","18":"taxable","19":"shipping-taxable","20":"purchasable","21":"product-type-simple"},"aioseo_notices":[],"_links":{"self":[{"href":"https:\/\/www.mysexualfantasy.eu\/en\/wp-json\/wp\/v2\/product\/38731","targetHints":{"allow":["GET"]}}],"collection":[{"href":"https:\/\/www.mysexualfantasy.eu\/en\/wp-json\/wp\/v2\/product"}],"about":[{"href":"https:\/\/www.mysexualfantasy.eu\/en\/wp-json\/wp\/v2\/types\/product"}],"replies":[{"embeddable":true,"href":"https:\/\/www.mysexualfantasy.eu\/en\/wp-json\/wp\/v2\/comments?post=38731"}],"wp:featuredmedia":[{"embeddable":true,"href":"https:\/\/www.mysexualfantasy.eu\/en\/wp-json\/wp\/v2\/media\/70188"}],"wp:attachment":[{"href":"https:\/\/www.mysexualfantasy.eu\/en\/wp-json\/wp\/v2\/media?parent=38731"}],"wp:term":[{"taxonomy":"product_brand","embeddable":true,"href":"https:\/\/www.mysexualfantasy.eu\/en\/wp-json\/wp\/v2\/product_brand?post=38731"},{"taxonomy":"product_cat","embeddable":true,"href":"https:\/\/www.mysexualfantasy.eu\/en\/wp-json\/wp\/v2\/product_cat?post=38731"},{"taxonomy":"product_tag","embeddable":true,"href":"https:\/\/www.mysexualfantasy.eu\/en\/wp-json\/wp\/v2\/product_tag?post=38731"}],"curies":[{"name":"wp","href":"https:\/\/api.w.org\/{rel}","templated":true}]}}