{"id":38841,"date":"2023-01-13T14:55:39","date_gmt":"2023-01-13T14:55:39","guid":{"rendered":"https:\/\/www.mysexualfantasy.eu\/?post_type=product&#038;p=38841"},"modified":"2023-12-06T16:08:35","modified_gmt":"2023-12-06T16:08:35","slug":"satisfyer-sunray-estimulador-y-vibrador-app-rojo","status":"publish","type":"product","link":"https:\/\/www.mysexualfantasy.eu\/en\/product\/satisfyer-sunray-estimulador-y-vibrador-app-rojo\/","title":{"rendered":"SATISFYER SUNRAY ESTIMULADOR Y VIBRADOR APP &#8211; ROJO"},"content":{"rendered":"<p>Con Satisfyer Sunray puede disfrutar de la estimulaci\u00f3n simult\u00e1nea del punto G y el cl\u00edtoris a trav\u00e9s de ondas de vibraci\u00f3n y presi\u00f3n. El conejo de silicona controlado por la aplicaci\u00f3n est\u00e1 equipado con una articulaci\u00f3n de cadena flexible que se adapta f\u00e1cilmente a su anatom\u00eda.<\/p>\n<p><strong>Informaci\u00f3n del producto Satisfyer \u00abSunray App Controlled\u00bb<\/strong><\/p>\n<ul>\n<li>Compatible con la aplicaci\u00f3n gratuita de Satisfyer, disponible para iOS y Android<\/li>\n<li>Flexible y maleable<\/li>\n<li>Estimula el cl\u00edtoris con ondas de presi\u00f3n sin contacto y masajea el punto G con vibraciones, al mismo tiempo<\/li>\n<li>2 motores con control independiente<\/li>\n<li>Infinita variedad de programas a trav\u00e9s de la aplicaci\u00f3n<\/li>\n<li>Posibilidad de utilizar tambi\u00e9n sin la aplicaci\u00f3n<\/li>\n<li>15 a\u00f1os de garant\u00eda<\/li>\n<li>Fabricadas con silicona m\u00e9dica s\u00faper suave e inocua para la piel y con un tacto sedoso<\/li>\n<li>Modo susurro<\/li>\n<li>Bater\u00eda recargable de iones de litio<\/li>\n<li>Impermeable (IPX7)<\/li>\n<li>Cable de carga USB magn\u00e9tico incluido<\/li>\n<li>F\u00e1cil de limpiar<\/li>\n<\/ul>\n<p><strong>Satisfyer Sunray: estimulaci\u00f3n del cl\u00edtoris y masaje del punto G <\/strong><\/p>\n<p>Hemos escuchado vuestros comentarios y hemos dado a nuestro conejito una actualizaci\u00f3n tal y como nos pedisteis: Satisfyer Sunray no solo se encarga de acariciar tu punto G y tu cl\u00edtoris con intensas vibraciones, sino que el vibrador por ondas de presi\u00f3n se adapta perfectamente a tu propia anatom\u00eda gracias a la tecnolog\u00eda Flex de silicona y a la articulaci\u00f3n de cadena que lleva en su interior. Adem\u00e1s, transmite sus vibraciones con una potencia irresistible y permite una estimulaci\u00f3n vaginal adicional gracias a la textura acanalada del mango, por lo que este vibrador har\u00e1 que tus zonas m\u00e1s calientes resplandezcan incluso en los d\u00edas m\u00e1s fr\u00edos.<\/p>\n<p><strong><strong>Satisfyer Sunray: m\u00e1s variedad mediante el control por aplicaci\u00f3n <\/strong><\/strong><\/p>\n<p>Los dos motores del Satisfyer Sunray, que se pueden controlar de forma independiente, ofrecen 10 programas de vibraci\u00f3n con 11 intensidades diferentes para que puedas disfrutar de innumerables combinaciones y de momentos de placer muy variados. La aplicaci\u00f3n gratuita Satisfyer Connect, disponible para Android y Apple iOS, te ofrece a\u00fan m\u00e1s posibilidades: adem\u00e1s de poder controlar el aparato desde la aplicaci\u00f3n, puedes dise\u00f1ar tus propios programas de vibraci\u00f3n o conectar la aplicaci\u00f3n gratuita a Spotify para disfrutar al ritmo de tus canciones favoritas. Satisfyer Sunray tambi\u00e9n crea ondas de presi\u00f3n bajo el agua: este conejito resistente al agua (IPX7) se puede utilizar f\u00e1cilmente bajo la ducha o la ba\u00f1era. Despu\u00e9s de pasar unos momentos juntos, puedes limpiar f\u00e1cilmente el vibrador con agua tibia y un poco de limpiador de dispositivos de bienestar sexual y, a continuaci\u00f3n, recargarlo para la siguiente sesi\u00f3n con el cable de carga USB incluido.<\/p>","protected":false},"excerpt":{"rendered":"<p>SATISFYER SUNRAY AIR PULSE STIMULATOR  VIBRATION APP &#8211; RED<\/p>","protected":false},"featured_media":72592,"comment_status":"open","ping_status":"closed","template":"","meta":{"_monsterinsights_skip_tracking":false,"_monsterinsights_sitenote_active":false,"_monsterinsights_sitenote_note":"","_monsterinsights_sitenote_category":0,"_joinchat":[]},"product_brand":[],"product_cat":[1156,1152,1155,1165,1163,1309,1153,1275],"product_tag":[],"class_list":{"0":"post-38841","1":"product","2":"type-product","3":"status-publish","4":"has-post-thumbnail","6":"product_cat-juguetes-bienestar-juguetes-para-mujeresestimuladores","7":"product_cat-juguetes-bienestar","8":"product_cat-juguetes-bienestar-juguetes-para-mujeres","9":"product_cat-juguetes-bienestar-juguetes-para-mujeresmasturbadores-para-ellas","10":"product_cat-juguetes-bienestar-juguetes-para-mujeresestimuladorespara-clitoris","11":"product_cat-juguetes-bienestar-juguetes-para-mujerespunto-g","12":"product_cat-juguetes-bienestar-vibradores","13":"product_cat-juguetes-bienestar-vibradoresvibradores-con-app","14":"yith_product_brand-satisfyer","15":"yith_product_brand-satisfyer-satisfyer-connect","17":"first","18":"instock","19":"taxable","20":"shipping-taxable","21":"purchasable","22":"product-type-simple"},"aioseo_notices":[],"_links":{"self":[{"href":"https:\/\/www.mysexualfantasy.eu\/en\/wp-json\/wp\/v2\/product\/38841","targetHints":{"allow":["GET"]}}],"collection":[{"href":"https:\/\/www.mysexualfantasy.eu\/en\/wp-json\/wp\/v2\/product"}],"about":[{"href":"https:\/\/www.mysexualfantasy.eu\/en\/wp-json\/wp\/v2\/types\/product"}],"replies":[{"embeddable":true,"href":"https:\/\/www.mysexualfantasy.eu\/en\/wp-json\/wp\/v2\/comments?post=38841"}],"wp:featuredmedia":[{"embeddable":true,"href":"https:\/\/www.mysexualfantasy.eu\/en\/wp-json\/wp\/v2\/media\/72592"}],"wp:attachment":[{"href":"https:\/\/www.mysexualfantasy.eu\/en\/wp-json\/wp\/v2\/media?parent=38841"}],"wp:term":[{"taxonomy":"product_brand","embeddable":true,"href":"https:\/\/www.mysexualfantasy.eu\/en\/wp-json\/wp\/v2\/product_brand?post=38841"},{"taxonomy":"product_cat","embeddable":true,"href":"https:\/\/www.mysexualfantasy.eu\/en\/wp-json\/wp\/v2\/product_cat?post=38841"},{"taxonomy":"product_tag","embeddable":true,"href":"https:\/\/www.mysexualfantasy.eu\/en\/wp-json\/wp\/v2\/product_tag?post=38841"}],"curies":[{"name":"wp","href":"https:\/\/api.w.org\/{rel}","templated":true}]}}