{"id":38865,"date":"2023-01-13T14:11:33","date_gmt":"2023-01-13T14:11:33","guid":{"rendered":"https:\/\/www.mysexualfantasy.eu\/?post_type=product&#038;p=38865"},"modified":"2023-12-06T16:25:37","modified_gmt":"2023-12-06T16:25:37","slug":"ohmama-fetish-correa-cuero-de-castidad","status":"publish","type":"product","link":"https:\/\/www.mysexualfantasy.eu\/en\/product\/ohmama-fetish-correa-cuero-de-castidad\/","title":{"rendered":"OHMAMA FETISH &#8211; CORREA CUERO DE CASTIDAD"},"content":{"rendered":"<p>El uso actual del t\u00e9rmino Fetish\u00a0se encaja en el \u00e1mbito sexual. Se refiere en el lenguaje popular al placer o admiraci\u00f3n de ciertas partes corporales u objetos de manera que produce excitaci\u00f3n o placer.\u00a0<strong>OHMAMA<\/strong>\u00a0te ofrece todos los elementos y complementos para que puedas llevarlos a cabo como nunca antes sin complejos y con materiales de m\u00e1xima calidad.<\/p>\n<p><strong>Caracter\u00edsticas\u00a0<\/strong><\/p>\n<ul>\n<li>Correa de piel.<\/li>\n<li>Detalles met\u00e1licos.<\/li>\n<li>Ajustable con corchetes (9,5 cm m\u00e1ximo de largo).<\/li>\n<li>Sin n\u00edquel.<\/li>\n<\/ul>\n<p><strong>LA MARCA<\/strong><\/p>\n<p>La gama de productos <strong>OHMAMA<\/strong> es perfecta para regalar. Un producto al alcance de todos con una calidad perfecta. Una combinaci\u00f3n \u00fanica en esta l\u00ednea de juguetes especial para adultos.\u00a0<\/p>","protected":false},"excerpt":{"rendered":"<p>OHMAMA FETISH &#8211; CHASTITY LEATHER STRAP<\/p>","protected":false},"featured_media":65629,"comment_status":"open","ping_status":"closed","template":"","meta":{"_monsterinsights_skip_tracking":false,"_monsterinsights_sitenote_active":false,"_monsterinsights_sitenote_note":"","_monsterinsights_sitenote_category":0,"_joinchat":[]},"product_brand":[],"product_cat":[1170,1176,1175,1408,1152,1160],"product_tag":[],"class_list":{"0":"post-38865","1":"product","2":"type-product","3":"status-publish","4":"has-post-thumbnail","6":"product_cat-juguetes-bienestar-juguetes-para-hombresaccesorios-para-el-pene","7":"product_cat-bdsm-bondage-articulos-bdsm","8":"product_cat-bdsm-bondage","9":"product_cat-bdsm-bondage-articulos-bdsmcorreas-para-pene-fetish","10":"product_cat-juguetes-bienestar","11":"product_cat-juguetes-bienestar-juguetes-para-hombres","12":"yith_product_brand-ohmama","13":"yith_product_brand-ohmamaohmama-fetish","15":"first","16":"instock","17":"taxable","18":"shipping-taxable","19":"purchasable","20":"product-type-simple"},"aioseo_notices":[],"_links":{"self":[{"href":"https:\/\/www.mysexualfantasy.eu\/en\/wp-json\/wp\/v2\/product\/38865","targetHints":{"allow":["GET"]}}],"collection":[{"href":"https:\/\/www.mysexualfantasy.eu\/en\/wp-json\/wp\/v2\/product"}],"about":[{"href":"https:\/\/www.mysexualfantasy.eu\/en\/wp-json\/wp\/v2\/types\/product"}],"replies":[{"embeddable":true,"href":"https:\/\/www.mysexualfantasy.eu\/en\/wp-json\/wp\/v2\/comments?post=38865"}],"wp:featuredmedia":[{"embeddable":true,"href":"https:\/\/www.mysexualfantasy.eu\/en\/wp-json\/wp\/v2\/media\/65629"}],"wp:attachment":[{"href":"https:\/\/www.mysexualfantasy.eu\/en\/wp-json\/wp\/v2\/media?parent=38865"}],"wp:term":[{"taxonomy":"product_brand","embeddable":true,"href":"https:\/\/www.mysexualfantasy.eu\/en\/wp-json\/wp\/v2\/product_brand?post=38865"},{"taxonomy":"product_cat","embeddable":true,"href":"https:\/\/www.mysexualfantasy.eu\/en\/wp-json\/wp\/v2\/product_cat?post=38865"},{"taxonomy":"product_tag","embeddable":true,"href":"https:\/\/www.mysexualfantasy.eu\/en\/wp-json\/wp\/v2\/product_tag?post=38865"}],"curies":[{"name":"wp","href":"https:\/\/api.w.org\/{rel}","templated":true}]}}