{"id":38875,"date":"2023-01-13T14:47:18","date_gmt":"2023-01-13T14:47:18","guid":{"rendered":"https:\/\/www.mysexualfantasy.eu\/?post_type=product&#038;p=38875"},"modified":"2023-12-06T17:03:49","modified_gmt":"2023-12-06T17:03:49","slug":"obsessive-bella-vista-bikini-salvaje-talla-unica","status":"publish","type":"product","link":"https:\/\/www.mysexualfantasy.eu\/en\/product\/obsessive-bella-vista-bikini-salvaje-talla-unica\/","title":{"rendered":"OBSESSIVE &#8211; BELLA VISTA BIKINI SALVAJE TALLA UNICA"},"content":{"rendered":"<p>Formas femeninas reveladas y un bronceado tentador: \u00a1en este bikini s\u00faper sexy mostrar\u00e1s tu mejor lado! Los patrones de animales fenomenales y un corte incre\u00edble est\u00e1n llenos de atractivo sexual, \u00a1y ya sabes cu\u00e1nto quieres disfrutar de estos placeres de vacaciones! Est\u00e1s listo para volverte loco?<\/p>\n<p>Caracter\u00edsticas<\/p>\n<ul>\n<li>Microbikini Bella Vista: sujetador y tanga incluidos<\/li>\n<li>Encantadores estampados de animales a\u00f1aden car\u00e1cter<\/li>\n<li>Copas de sujetador triangulares que se pueden ajustar: ajuste perfecto al cuerpo y senos bellamente resaltados.<\/li>\n<li>Ribete c\u00f3modo en el cuello y la espalda &#8211; lleno de comodidad<\/li>\n<li>Tanga tentadora atada en las caderas &#8211; \u00a1hermoso trasero y piernas \u00f3pticamente alargadas!<\/li>\n<li>Material flexible y agradable (85% poliamida, 15% elastano)<\/li>\n<\/ul>\n<p>\u00a1Obsessive significa inspiraci\u00f3n en la mujer!\u00a0 Elegancia, sensualidad, amor a la costura&#8230;.significa mucho para la mujer, pocos son los adjetivos que pueden calificar a Obsessive, donde una labor de a\u00f1os han conseguido unir la mejor relaci\u00f3n calidad-precio.<\/p>\n<p 1.5=\"\" color:=\"\" font-size:=\"\" line-height:=\"\" margin-top:=\"\" roboto=\"\" style=\"box-sizing: border-box;\">\u00a1L\u00edderes mundiales en lencer\u00eda, nadie lo hace mejor!<\/p>\n<p>\u00a0<\/p>","protected":false},"excerpt":{"rendered":"<p>OBSESSIVE &#8211; BELLA VISTA WILD BIKINI ONE SIZE<\/p>","protected":false},"featured_media":71370,"comment_status":"open","ping_status":"closed","template":"","meta":{"_monsterinsights_skip_tracking":false,"_monsterinsights_sitenote_active":false,"_monsterinsights_sitenote_note":"","_monsterinsights_sitenote_category":0,"_joinchat":[]},"product_brand":[],"product_cat":[1439,1196,1199,1166,1436],"product_tag":[],"class_list":{"0":"post-38875","1":"product","2":"type-product","3":"status-publish","4":"has-post-thumbnail","6":"product_cat-moda-lencerialenceria-mujertrajes-de-banobikinis","7":"product_cat-moda-lencerialenceria-mujer","8":"product_cat-moda-lencerialenceria-mujerlenceria-sexy","9":"product_cat-moda-lenceria","10":"product_cat-moda-lencerialenceria-mujertrajes-de-bano","11":"yith_product_brand-obsessive","12":"yith_product_brand-obsessiveobsessive-summer","14":"first","15":"instock","16":"taxable","17":"shipping-taxable","18":"purchasable","19":"product-type-simple"},"aioseo_notices":[],"_links":{"self":[{"href":"https:\/\/www.mysexualfantasy.eu\/en\/wp-json\/wp\/v2\/product\/38875","targetHints":{"allow":["GET"]}}],"collection":[{"href":"https:\/\/www.mysexualfantasy.eu\/en\/wp-json\/wp\/v2\/product"}],"about":[{"href":"https:\/\/www.mysexualfantasy.eu\/en\/wp-json\/wp\/v2\/types\/product"}],"replies":[{"embeddable":true,"href":"https:\/\/www.mysexualfantasy.eu\/en\/wp-json\/wp\/v2\/comments?post=38875"}],"wp:featuredmedia":[{"embeddable":true,"href":"https:\/\/www.mysexualfantasy.eu\/en\/wp-json\/wp\/v2\/media\/71370"}],"wp:attachment":[{"href":"https:\/\/www.mysexualfantasy.eu\/en\/wp-json\/wp\/v2\/media?parent=38875"}],"wp:term":[{"taxonomy":"product_brand","embeddable":true,"href":"https:\/\/www.mysexualfantasy.eu\/en\/wp-json\/wp\/v2\/product_brand?post=38875"},{"taxonomy":"product_cat","embeddable":true,"href":"https:\/\/www.mysexualfantasy.eu\/en\/wp-json\/wp\/v2\/product_cat?post=38875"},{"taxonomy":"product_tag","embeddable":true,"href":"https:\/\/www.mysexualfantasy.eu\/en\/wp-json\/wp\/v2\/product_tag?post=38875"}],"curies":[{"name":"wp","href":"https:\/\/api.w.org\/{rel}","templated":true}]}}