{"id":38877,"date":"2023-01-13T14:47:24","date_gmt":"2023-01-13T14:47:24","guid":{"rendered":"https:\/\/www.mysexualfantasy.eu\/?post_type=product&#038;p=38877"},"modified":"2023-12-06T17:26:04","modified_gmt":"2023-12-06T17:26:04","slug":"obsessive-blancossa-bikini-blanco-s","status":"publish","type":"product","link":"https:\/\/www.mysexualfantasy.eu\/en\/product\/obsessive-blancossa-bikini-blanco-s\/","title":{"rendered":"OBSESSIVE &#8211; BLANCOSSA BIKINI BLANCO S"},"content":{"rendered":"<p>Qu\u00e9 puede hacer el sensual bikini Blancossa? \u00a1El tentador blanco realzar\u00e1 a la perfecci\u00f3n el color de tu bronceado festivo, y el incre\u00edble corte enfatizar\u00e1 tus formas femeninas y cuidar\u00e1 la forma fenomenal de tu figura! Planeas pasar tus vacaciones bajo las palmeras, acompa\u00f1ado de un trago de sombrilla? \u00a1Lleva este bikini contigo y te garantizamos que estar\u00e1 mucho m\u00e1s caliente!<\/p>\n<p>Caracter\u00edsticas<\/p>\n<ul>\n<li>sensual bikini Blancossa en blanco: sujetador y braguita incluidos<\/li>\n<li>material brillante &#8211; \u00a1bronceado mejorado!<\/li>\n<li>copas de sujetador triangulares ajustables &#8211; \u00a1hermoso busto!<\/li>\n<li>tirantes debajo del sujetador y en las caderas &#8211; formas acentuadas<\/li>\n<li>c\u00f3modo ribete alrededor del cuello &#8211; garant\u00eda de comodidad<\/li>\n<li>doble cord\u00f3n en la espalda: un dise\u00f1o \u00fanico y un ajuste perfecto<\/li>\n<li>material flexible, agradable al cuerpo (82 % poliamida, 18 % elastano; forro: 95 % poli\u00e9ster, 5 % elastano)<\/li>\n<\/ul>\n<p>\u00a1Obsessive significa inspiraci\u00f3n en la mujer!\u00a0 Elegancia, sensualidad, amor a la costura&#8230;.significa mucho para la mujer, pocos son los adjetivos que pueden calificar a Obsessive, donde una labor de a\u00f1os han conseguido unir la mejor relaci\u00f3n calidad-precio.<\/p>\n<p 1.5=\"\" color:=\"\" font-size:=\"\" line-height:=\"\" margin-top:=\"\" roboto=\"\" style=\"box-sizing: border-box;\">\u00a1L\u00edderes mundiales en lencer\u00eda, nadie lo hace mejor!<\/p>\n<p>\u00a0<\/p>","protected":false},"excerpt":{"rendered":"<p>OBSESSIVE &#8211; BLANCOSSA WHITE BIKINI S<\/p>","protected":false},"featured_media":71395,"comment_status":"open","ping_status":"closed","template":"","meta":{"_monsterinsights_skip_tracking":false,"_monsterinsights_sitenote_active":false,"_monsterinsights_sitenote_note":"","_monsterinsights_sitenote_category":0,"_joinchat":[]},"product_brand":[],"product_cat":[1439,1196,1199,1166,1436],"product_tag":[],"class_list":{"0":"post-38877","1":"product","2":"type-product","3":"status-publish","4":"has-post-thumbnail","6":"product_cat-moda-lencerialenceria-mujertrajes-de-banobikinis","7":"product_cat-moda-lencerialenceria-mujer","8":"product_cat-moda-lencerialenceria-mujerlenceria-sexy","9":"product_cat-moda-lenceria","10":"product_cat-moda-lencerialenceria-mujertrajes-de-bano","11":"yith_product_brand-obsessive","12":"yith_product_brand-obsessiveobsessive-summer","14":"first","15":"instock","16":"taxable","17":"shipping-taxable","18":"purchasable","19":"product-type-variable"},"aioseo_notices":[],"_links":{"self":[{"href":"https:\/\/www.mysexualfantasy.eu\/en\/wp-json\/wp\/v2\/product\/38877","targetHints":{"allow":["GET"]}}],"collection":[{"href":"https:\/\/www.mysexualfantasy.eu\/en\/wp-json\/wp\/v2\/product"}],"about":[{"href":"https:\/\/www.mysexualfantasy.eu\/en\/wp-json\/wp\/v2\/types\/product"}],"replies":[{"embeddable":true,"href":"https:\/\/www.mysexualfantasy.eu\/en\/wp-json\/wp\/v2\/comments?post=38877"}],"wp:featuredmedia":[{"embeddable":true,"href":"https:\/\/www.mysexualfantasy.eu\/en\/wp-json\/wp\/v2\/media\/71395"}],"wp:attachment":[{"href":"https:\/\/www.mysexualfantasy.eu\/en\/wp-json\/wp\/v2\/media?parent=38877"}],"wp:term":[{"taxonomy":"product_brand","embeddable":true,"href":"https:\/\/www.mysexualfantasy.eu\/en\/wp-json\/wp\/v2\/product_brand?post=38877"},{"taxonomy":"product_cat","embeddable":true,"href":"https:\/\/www.mysexualfantasy.eu\/en\/wp-json\/wp\/v2\/product_cat?post=38877"},{"taxonomy":"product_tag","embeddable":true,"href":"https:\/\/www.mysexualfantasy.eu\/en\/wp-json\/wp\/v2\/product_tag?post=38877"}],"curies":[{"name":"wp","href":"https:\/\/api.w.org\/{rel}","templated":true}]}}