{"id":38891,"date":"2023-01-13T13:44:59","date_gmt":"2023-01-13T13:44:59","guid":{"rendered":"https:\/\/www.mysexualfantasy.eu\/?post_type=product&#038;p=38891"},"modified":"2023-12-06T15:53:41","modified_gmt":"2023-12-06T15:53:41","slug":"satisfyer-game-changer-plug-vibrador-negro","status":"publish","type":"product","link":"https:\/\/www.mysexualfantasy.eu\/en\/product\/satisfyer-game-changer-plug-vibrador-negro\/","title":{"rendered":"SATISFYER GAME CHANGER PLUG VIBRADOR &#8211; NEGRO"},"content":{"rendered":"<p>El Satisfyer Game Changer proporciona una estimulaci\u00f3n anal sensual y satisfactoria con su punta c\u00f3nica y su forma bulbosa. El vibrador anal se puede controlar a trav\u00e9s de su panel de control intuitivo en su amplia base.<\/p>\n<p><strong>Informaci\u00f3n del producto \u00abSatisfyer Game Changer\u00bb <\/strong><\/p>\n<ul>\n<li>Hecho de silicona de grado m\u00e9dico s\u00faper suave y agradable para la piel que es suave al tacto y extremadamente higi\u00e9nica<\/li>\n<li>El potente motor transmite intensos ritmos de vibraci\u00f3n en todo el dispositivo de bienestar sexual.<\/li>\n<li>Apto para todos los g\u00e9neros.<\/li>\n<li>2 motores de potencia extra fuerte<\/li>\n<li>15 a\u00f1os de garant\u00eda comercial<\/li>\n<li>Vibraci\u00f3n profunda superintensa<\/li>\n<li>Unisex<\/li>\n<li>Silicona agradable al cuerpo<\/li>\n<li>Impermeable (IPX7)<\/li>\n<li>Bater\u00eda de iones de litio<\/li>\n<li>Cable de carga magn\u00e9tico por USB incluido<\/li>\n<li>F\u00e1cil de limpiar<\/li>\n<\/ul>\n<p><strong>Estimulaci\u00f3n sensual con el Satisfyer Game Changer<\/strong><\/p>\n<p>El Satisfyer Game Changer te ofrece una seductora estimulaci\u00f3n anal combinada con el control de la aplicaci\u00f3n y la m\u00e1xima versatilidad a la hora de jugar. El dise\u00f1o futurista del plug anal vibratorio inspirar\u00e1 tus fantas\u00edas con su punta c\u00f3nica y redondeada y una base dividida que garantiza un juego seguro y un f\u00e1cil manejo. El motor especialmente potente te mima con vibraciones intensas.<\/p>\n<p><strong>Momentos apasionantes con Game Changer <\/strong><\/p>\n<p>Los 12 programas se pueden controlar a trav\u00e9s del bot\u00f3n intuitivo de un solo toque. Dado que Satisfyer Game Changer es resistente al agua (IPX7), tambi\u00e9n se puede utilizar en la ducha o la ba\u00f1era. Adem\u00e1s, su exterior est\u00e1 hecho de silicona respetuosa con el cuerpo y se puede limpiar con agua tibia y jab\u00f3n suave. Si el tap\u00f3n anal alguna vez se queda sin vapor, las bater\u00edas integradas se pueden recargar con el cable de carga USB incluido.<\/p>\n<p>Los vibradores anales de la serie Satisfyer Plug Vibrator vienen en una variedad de formas, tienen un tama\u00f1o manejable y son f\u00e1ciles de usar. Esto los hace realmente geniales para los novatos en el juego anal. Siempre recomendamos el uso de un lubricante a base de agua para un placer suave.<\/p>","protected":false},"excerpt":{"rendered":"<p>SATISFYER GAME CHANGER PLUG VIBRATOR &#8211; BLACK<\/p>","protected":false},"featured_media":61209,"comment_status":"open","ping_status":"closed","template":"","meta":{"_monsterinsights_skip_tracking":false,"_monsterinsights_sitenote_active":false,"_monsterinsights_sitenote_note":"","_monsterinsights_sitenote_category":0,"_joinchat":[]},"product_brand":[],"product_cat":[121,171,119,762,261,258],"product_tag":[],"class_list":{"0":"post-38891","1":"product","2":"type-product","3":"status-publish","4":"has-post-thumbnail","6":"product_cat-juguetes-sexuales-xxxacuaticos","7":"product_cat-juguetes-sexuales-xxxanal","8":"product_cat-juguetes-sexuales-xxx","9":"product_cat-juguetes-sexuales-xxxpara-el","10":"product_cat-juguetes-sexuales-xxxplugs-anales","11":"product_cat-juguetes-sexuales-xxxvibradores","12":"yith_product_brand-satisfyer","13":"yith_product_brand-satisfyer-satisfyer-plugs","15":"first","16":"instock","17":"taxable","18":"shipping-taxable","19":"purchasable","20":"product-type-simple"},"aioseo_notices":[],"_links":{"self":[{"href":"https:\/\/www.mysexualfantasy.eu\/en\/wp-json\/wp\/v2\/product\/38891","targetHints":{"allow":["GET"]}}],"collection":[{"href":"https:\/\/www.mysexualfantasy.eu\/en\/wp-json\/wp\/v2\/product"}],"about":[{"href":"https:\/\/www.mysexualfantasy.eu\/en\/wp-json\/wp\/v2\/types\/product"}],"replies":[{"embeddable":true,"href":"https:\/\/www.mysexualfantasy.eu\/en\/wp-json\/wp\/v2\/comments?post=38891"}],"wp:featuredmedia":[{"embeddable":true,"href":"https:\/\/www.mysexualfantasy.eu\/en\/wp-json\/wp\/v2\/media\/61209"}],"wp:attachment":[{"href":"https:\/\/www.mysexualfantasy.eu\/en\/wp-json\/wp\/v2\/media?parent=38891"}],"wp:term":[{"taxonomy":"product_brand","embeddable":true,"href":"https:\/\/www.mysexualfantasy.eu\/en\/wp-json\/wp\/v2\/product_brand?post=38891"},{"taxonomy":"product_cat","embeddable":true,"href":"https:\/\/www.mysexualfantasy.eu\/en\/wp-json\/wp\/v2\/product_cat?post=38891"},{"taxonomy":"product_tag","embeddable":true,"href":"https:\/\/www.mysexualfantasy.eu\/en\/wp-json\/wp\/v2\/product_tag?post=38891"}],"curies":[{"name":"wp","href":"https:\/\/api.w.org\/{rel}","templated":true}]}}