{"id":38941,"date":"2023-01-13T14:55:50","date_gmt":"2023-01-13T14:55:50","guid":{"rendered":"https:\/\/www.mysexualfantasy.eu\/?post_type=product&#038;p=38941"},"modified":"2023-12-06T16:08:39","modified_gmt":"2023-12-06T16:08:39","slug":"satisfyer-heat-wave-vibrador-app-blanco","status":"publish","type":"product","link":"https:\/\/www.mysexualfantasy.eu\/en\/product\/satisfyer-heat-wave-vibrador-app-blanco\/","title":{"rendered":"SATISFYER HEAT WAVE VIBRADOR APP &#8211; BLANCO"},"content":{"rendered":"<p>\u00a1Cuidado: caliente y sexy!<\/p>\n<p>Este vibrador tipo conejito con Bluetooth y una preciosa curva no solo tiene un aspecto precioso, sino que tambi\u00e9n te ofrece una combinaci\u00f3n inolvidable de vibraci\u00f3n, calidez y control mediante la app.<\/p>\n<p><strong>Informaci\u00f3n del producto \u00abHeat Wave\u00bb<\/strong><\/p>\n<ul>\n<li>2 motores s\u00faper potentes<\/li>\n<li>Esimulaci\u00f3n del cl\u00edtoris y el punto G<\/li>\n<li>Estimulaci\u00f3n sensual mediante vibraci\u00f3n y calor<\/li>\n<li>Compatible con la aplicaci\u00f3n gratuita Satisfyer: disponible en iOS y Android<\/li>\n<li>Tambi\u00e9n se puede utilizar sin la aplicaci\u00f3n.<\/li>\n<li>Los programas preestablecidos se pueden editar<\/li>\n<li>La aplicaci\u00f3n ofrece una gama interminable de programas<\/li>\n<li>Garant\u00eda de 15 a\u00f1os<\/li>\n<li>Silicona respetuosa con el cuerpo<\/li>\n<li>Modo de susurro<\/li>\n<li>Bater\u00eda recargable de iones de litio<\/li>\n<li>Cable de carga USB magn\u00e9tico incluido<\/li>\n<li>F\u00e1cil de limpiar<\/li>\n<\/ul>\n<p><strong>M\u00e1s informaci\u00f3n sobre el Satisfyer Heat Wave<\/strong><\/p>\n<p>Con la gran punta del mango, Heat Wave alcanza a la perfecci\u00f3n el punto G, ya que en este lugar se encuentra el primero de los dos potentes motores. El segundo punto clave se encuentra en el estimulador del cl\u00edtoris, que tambi\u00e9n lo masajea para que los orgasmos fulminantes no tarden en llegar.<\/p>\n<p>Gracias a su forma ergon\u00f3mica, Satisfyer Heat Wave no solo permite una estimulaci\u00f3n del punto G muy profunda e intensa, sino que tambi\u00e9n mima el cl\u00edtoris y los labios con el eje curvo especialmente grande. Adem\u00e1s, el dispositivo de bienestar sexual se puede calentar hasta 39 grados. El efecto? Relajaci\u00f3n de los m\u00fasculos del suelo p\u00e9lvico y mayor circulaci\u00f3n sangu\u00ednea, aumentando as\u00ed la sensaci\u00f3n de placer y la facilidad para alcanzar el orgasmo. La agradable sensaci\u00f3n tambi\u00e9n recuerda a una cercan\u00eda acogedora.<\/p>\n<p>\u00a1Te garantizamos que tus dedos no estar\u00e1n en peligro con esta maravilla, sino que navegar\u00e1s directamente hasta el cl\u00edmax en tu pr\u00f3xima ola de calor! Los programas preestablecidos se pueden controlar c\u00f3modamente a trav\u00e9s del sencillo panel de control. Con la app Satisfyer Connect, incluso puedes controlar los motores por separado. Te esperan m\u00e1s opciones como Music Vibes, Ambient Vibes o el control remoto del Satisfyer en todo el mundo a trav\u00e9s de internet. Combinaciones encantadoras o de libre creaci\u00f3n: \u00a1t\u00fa decides!<\/p>","protected":false},"excerpt":{"rendered":"<p>SATISFYER HEAT WAVE VIBRATOR APP &#8211; WHITE<\/p>","protected":false},"featured_media":72620,"comment_status":"open","ping_status":"closed","template":"","meta":{"_monsterinsights_skip_tracking":false,"_monsterinsights_sitenote_active":false,"_monsterinsights_sitenote_note":"","_monsterinsights_sitenote_category":0,"_joinchat":[]},"product_brand":[],"product_cat":[189,119,245,293,258,837,255],"product_tag":[],"class_list":{"0":"post-38941","1":"product","2":"type-product","3":"status-publish","4":"has-post-thumbnail","6":"product_cat-juguetes-sexuales-xxxestimuladores","7":"product_cat-juguetes-sexuales-xxx","8":"product_cat-juguetes-sexuales-xxxmasturbadores-para-ellas","9":"product_cat-juguetes-sexuales-xxxpunto-g","10":"product_cat-juguetes-sexuales-xxxvibradores","11":"product_cat-juguetes-sexuales-xxxvibradores-con-app","12":"product_cat-juguetes-sexuales-xxxvibradores-hi-tech","13":"yith_product_brand-satisfyer","14":"yith_product_brand-satisfyer-satisfyer-connect","16":"first","17":"instock","18":"taxable","19":"shipping-taxable","20":"purchasable","21":"product-type-simple"},"aioseo_notices":[],"_links":{"self":[{"href":"https:\/\/www.mysexualfantasy.eu\/en\/wp-json\/wp\/v2\/product\/38941","targetHints":{"allow":["GET"]}}],"collection":[{"href":"https:\/\/www.mysexualfantasy.eu\/en\/wp-json\/wp\/v2\/product"}],"about":[{"href":"https:\/\/www.mysexualfantasy.eu\/en\/wp-json\/wp\/v2\/types\/product"}],"replies":[{"embeddable":true,"href":"https:\/\/www.mysexualfantasy.eu\/en\/wp-json\/wp\/v2\/comments?post=38941"}],"wp:featuredmedia":[{"embeddable":true,"href":"https:\/\/www.mysexualfantasy.eu\/en\/wp-json\/wp\/v2\/media\/72620"}],"wp:attachment":[{"href":"https:\/\/www.mysexualfantasy.eu\/en\/wp-json\/wp\/v2\/media?parent=38941"}],"wp:term":[{"taxonomy":"product_brand","embeddable":true,"href":"https:\/\/www.mysexualfantasy.eu\/en\/wp-json\/wp\/v2\/product_brand?post=38941"},{"taxonomy":"product_cat","embeddable":true,"href":"https:\/\/www.mysexualfantasy.eu\/en\/wp-json\/wp\/v2\/product_cat?post=38941"},{"taxonomy":"product_tag","embeddable":true,"href":"https:\/\/www.mysexualfantasy.eu\/en\/wp-json\/wp\/v2\/product_tag?post=38941"}],"curies":[{"name":"wp","href":"https:\/\/api.w.org\/{rel}","templated":true}]}}