{"id":38961,"date":"2023-01-13T14:11:43","date_gmt":"2023-01-13T14:11:43","guid":{"rendered":"https:\/\/www.mysexualfantasy.eu\/?post_type=product&#038;p=38961"},"modified":"2023-12-06T16:50:49","modified_gmt":"2023-12-06T16:50:49","slug":"ohmama-fetish-cola-de-diablo-plug-anal-silicona-8-cm","status":"publish","type":"product","link":"https:\/\/www.mysexualfantasy.eu\/en\/product\/ohmama-fetish-cola-de-diablo-plug-anal-silicona-8-cm\/","title":{"rendered":"OHMAMA FETISH &#8211; COLA DE DIABLO PLUG ANAL SILICONA 8 CM"},"content":{"rendered":"<p>\u00a1OH MAMA! \u00a1Eso dir\u00e1\u00a0asombrada tu pareja cuando te vea aparecer con este fabuloso plug con cola de diablo!\u00a0Dale un aire atrevido y p\u00edcaron a vuestros juegos de pareja y ver\u00e1s como todo se convierte en placer.\u00a0<\/p>\n<p><strong><u>Caracteristicas:<\/u><\/strong><\/p>\n<ul>\n<li>Plug anal silicona con cola de diablo<\/li>\n<li>Material plug: Jelly\u00a0<\/li>\n<li>Aspecto divertido y seductor<\/li>\n<li>Insertar con lubricante base agua (Ohmama recomienda lubricantes base agua Waterfeel)\u00a0<\/li>\n<li>Presentaci\u00f3n en bolsa (sin caja)\u00a0<\/li>\n<li>Sin ftalatos<\/li>\n<li>Longitud total plug 8 cm\u00a0<\/li>\n<li>Longitud insertable plug: 7\u00a0cm\u00a0<\/li>\n<li>Di\u00e1metro plug: 3.5 cm\u00a0<\/li>\n<li>Longitud cola : 100 cm\u00a0<\/li>\n<\/ul>\n<p><strong>LA MARCA<\/strong><\/p>\n<p>La gama de productos <strong>OHMAMA <\/strong>es perfecta para regalar. Un producto al alcance de todos con una calidad perfecta. Una combinaci\u00f3n \u00fanica en esta l\u00ednea de juguetes especial para adultos\u00a0<\/p>","protected":false},"excerpt":{"rendered":"<p>OHMAMA FETISH &#8211; DEVIL&#8217;S TAIL SILICONE BUTT PLUG 8 CM<\/p>","protected":false},"featured_media":65640,"comment_status":"open","ping_status":"closed","template":"","meta":{"_monsterinsights_skip_tracking":false,"_monsterinsights_sitenote_active":false,"_monsterinsights_sitenote_note":"","_monsterinsights_sitenote_category":0,"_joinchat":[]},"product_brand":[],"product_cat":[1162,1176,1175,1152,1420,1189],"product_tag":[],"class_list":{"0":"post-38961","1":"product","2":"type-product","3":"status-publish","4":"has-post-thumbnail","6":"product_cat-juguetes-bienestar-anal","7":"product_cat-bdsm-bondage-articulos-bdsm","8":"product_cat-bdsm-bondage","9":"product_cat-juguetes-bienestar","10":"product_cat-bdsm-bondage-articulos-bdsmplug-anal-bdsm","11":"product_cat-juguetes-bienestar-analplugs-anales","12":"yith_product_brand-ohmama","13":"yith_product_brand-ohmamaohmama-fetish","15":"first","16":"instock","17":"taxable","18":"shipping-taxable","19":"purchasable","20":"product-type-simple"},"aioseo_notices":[],"_links":{"self":[{"href":"https:\/\/www.mysexualfantasy.eu\/en\/wp-json\/wp\/v2\/product\/38961","targetHints":{"allow":["GET"]}}],"collection":[{"href":"https:\/\/www.mysexualfantasy.eu\/en\/wp-json\/wp\/v2\/product"}],"about":[{"href":"https:\/\/www.mysexualfantasy.eu\/en\/wp-json\/wp\/v2\/types\/product"}],"replies":[{"embeddable":true,"href":"https:\/\/www.mysexualfantasy.eu\/en\/wp-json\/wp\/v2\/comments?post=38961"}],"wp:featuredmedia":[{"embeddable":true,"href":"https:\/\/www.mysexualfantasy.eu\/en\/wp-json\/wp\/v2\/media\/65640"}],"wp:attachment":[{"href":"https:\/\/www.mysexualfantasy.eu\/en\/wp-json\/wp\/v2\/media?parent=38961"}],"wp:term":[{"taxonomy":"product_brand","embeddable":true,"href":"https:\/\/www.mysexualfantasy.eu\/en\/wp-json\/wp\/v2\/product_brand?post=38961"},{"taxonomy":"product_cat","embeddable":true,"href":"https:\/\/www.mysexualfantasy.eu\/en\/wp-json\/wp\/v2\/product_cat?post=38961"},{"taxonomy":"product_tag","embeddable":true,"href":"https:\/\/www.mysexualfantasy.eu\/en\/wp-json\/wp\/v2\/product_tag?post=38961"}],"curies":[{"name":"wp","href":"https:\/\/api.w.org\/{rel}","templated":true}]}}