{"id":39004,"date":"2023-01-13T14:41:33","date_gmt":"2023-01-13T14:41:33","guid":{"rendered":"https:\/\/www.mysexualfantasy.eu\/?post_type=product&#038;p=39004"},"modified":"2023-12-06T16:08:44","modified_gmt":"2023-12-06T16:08:44","slug":"satisfyer-hot-bunny-vibrador-punto-g","status":"publish","type":"product","link":"https:\/\/www.mysexualfantasy.eu\/en\/product\/satisfyer-hot-bunny-vibrador-punto-g\/","title":{"rendered":"SATISFYER HOT BUNNY VIBRADOR PUNTO G"},"content":{"rendered":"<p>La conejita m\u00e1s caliente de la ciudad&#8230; Ans\u00edas una estimulaci\u00f3n profunda, intensa y caliente del punto G y del cl\u00edtoris? Hot Bunny est\u00e1 aqu\u00ed para satisfacer todos tus deseos calientes.<\/p>\n<p><strong>Informaci\u00f3n del producto \u00abSatisfyer Hot Bunny Connect App\u00bb<\/strong><\/p>\n<ul>\n<li>Sensual estimulaci\u00f3n mediante vibraci\u00f3n y calor<\/li>\n<li>Sensual estimulaci\u00f3n del punto G<\/li>\n<li>Sensual estimulaci\u00f3n del cl\u00edtoris<\/li>\n<li>Vibraci\u00f3n profunda superintensa, gracias a su motor superpotente<\/li>\n<li>Estimulaci\u00f3n placentera a trav\u00e9s de la vibraci\u00f3n y el calor.<\/li>\n<li>Estimulaci\u00f3n del punto G y clitoris<\/li>\n<li>Infinita variedad de programas a trav\u00e9s de la aplicaci\u00f3n<\/li>\n<li>Programas predefinidos que se pueden editar<\/li>\n<li>Tambi\u00e9n se puede utilizar sin necesidad de la aplicaci\u00f3n<\/li>\n<li>Posibilidad de utilizar tambi\u00e9n sin la aplicaci\u00f3n<\/li>\n<li>Modo susurro<\/li>\n<li>15 a\u00f1os de garant\u00eda<\/li>\n<li>Fabricadas con silicona m\u00e9dica s\u00faper suave e inocua para la piel y con un tacto sedoso<\/li>\n<li>Bater\u00eda recargable de iones de litio<\/li>\n<li>Impermeable (IPX7)<\/li>\n<li>Cable de carga USB magn\u00e9tico incluido<\/li>\n<li>F\u00e1cil de limpiar<\/li>\n<\/ul>\n<p><strong>Satisfyer Hot Bunny: vibrador de calor con anillo de retenci\u00f3n y estimulador rabbit<\/strong><\/p>\n<p>Coge el Hot Bunny utilizando el asa distintiva de la colecci\u00f3n Vibes, que permite un mejor agarre y una sujeci\u00f3n m\u00e1s c\u00f3moda. Dise\u00f1ado para estimular al mismo tiempo el punto G y el cl\u00edtoris, este voluminoso vibrador t\u00e9rmico con punta redondeada para una estimulaci\u00f3n m\u00e1s amplia, te har\u00e1 \u00absaltar\u00bb de placer. Hot Bunny, con tecnolog\u00eda Bluetooth, se puede conectar a la galardonada aplicaci\u00f3n gratuita Satisfyer Connect, ofreci\u00e9ndote la posibilidad de controlar los dos potentes motores por separado para personalizar al m\u00e1ximo el placer. Hot Bunny est\u00e1 fabricado con silicona inocua para el cuerpo, es recargable e impermeable (IPX7).<\/p>\n<p>\u00a1Da saltos de placer!<\/p>","protected":false},"excerpt":{"rendered":"<p>SATISFYER HOT BUNNY G-SPOT VIBRATOR<\/p>","protected":false},"featured_media":70220,"comment_status":"open","ping_status":"closed","template":"","meta":{"_monsterinsights_skip_tracking":false,"_monsterinsights_sitenote_active":false,"_monsterinsights_sitenote_note":"","_monsterinsights_sitenote_category":0,"_joinchat":[]},"product_brand":[],"product_cat":[1156,1152,1155,1165,1163,1309,1153,1192,1195],"product_tag":[],"class_list":{"0":"post-39004","1":"product","2":"type-product","3":"status-publish","4":"has-post-thumbnail","6":"product_cat-juguetes-bienestar-juguetes-para-mujeresestimuladores","7":"product_cat-juguetes-bienestar","8":"product_cat-juguetes-bienestar-juguetes-para-mujeres","9":"product_cat-juguetes-bienestar-juguetes-para-mujeresmasturbadores-para-ellas","10":"product_cat-juguetes-bienestar-juguetes-para-mujeresestimuladorespara-clitoris","11":"product_cat-juguetes-bienestar-juguetes-para-mujerespunto-g","12":"product_cat-juguetes-bienestar-vibradores","13":"product_cat-juguetes-bienestar-vibradoresvibradores-hi-tech","14":"product_cat-juguetes-bienestar-vibradoresvibradores-rabbit","15":"yith_product_brand-satisfyer","16":"yith_product_brand-satisfyer-satisfyer-vibrator","18":"first","19":"instock","20":"taxable","21":"shipping-taxable","22":"purchasable","23":"product-type-simple"},"aioseo_notices":[],"_links":{"self":[{"href":"https:\/\/www.mysexualfantasy.eu\/en\/wp-json\/wp\/v2\/product\/39004","targetHints":{"allow":["GET"]}}],"collection":[{"href":"https:\/\/www.mysexualfantasy.eu\/en\/wp-json\/wp\/v2\/product"}],"about":[{"href":"https:\/\/www.mysexualfantasy.eu\/en\/wp-json\/wp\/v2\/types\/product"}],"replies":[{"embeddable":true,"href":"https:\/\/www.mysexualfantasy.eu\/en\/wp-json\/wp\/v2\/comments?post=39004"}],"wp:featuredmedia":[{"embeddable":true,"href":"https:\/\/www.mysexualfantasy.eu\/en\/wp-json\/wp\/v2\/media\/70220"}],"wp:attachment":[{"href":"https:\/\/www.mysexualfantasy.eu\/en\/wp-json\/wp\/v2\/media?parent=39004"}],"wp:term":[{"taxonomy":"product_brand","embeddable":true,"href":"https:\/\/www.mysexualfantasy.eu\/en\/wp-json\/wp\/v2\/product_brand?post=39004"},{"taxonomy":"product_cat","embeddable":true,"href":"https:\/\/www.mysexualfantasy.eu\/en\/wp-json\/wp\/v2\/product_cat?post=39004"},{"taxonomy":"product_tag","embeddable":true,"href":"https:\/\/www.mysexualfantasy.eu\/en\/wp-json\/wp\/v2\/product_tag?post=39004"}],"curies":[{"name":"wp","href":"https:\/\/api.w.org\/{rel}","templated":true}]}}