{"id":39033,"date":"2023-01-13T14:24:52","date_gmt":"2023-01-13T14:24:52","guid":{"rendered":"https:\/\/www.mysexualfantasy.eu\/?post_type=product&#038;p=39033"},"modified":"2023-12-06T15:30:44","modified_gmt":"2023-12-06T15:30:44","slug":"a-deeply-pleasure-bolas-texturadas-morado-360-cm","status":"publish","type":"product","link":"https:\/\/www.mysexualfantasy.eu\/en\/product\/a-deeply-pleasure-bolas-texturadas-morado-360-cm\/","title":{"rendered":"A DEEPLY PLEASURE BOLAS TEXTURADAS MORADO 3,60 CM"},"content":{"rendered":"<p>La mejor manera para mejorar tu vida sexual e intensificar tus orgasmos es fortalecer los m\u00fasculos del suelo p\u00e9lvico. Para eso, estas peque\u00f1as bolas con puntas\u00a0son perfectas.<\/p>\n<p>Dentro hay unas pesas que ruedan\u00a0con cada uno de tus movimientos. Tienen una fuerte cuerdecita para su f\u00e1cil extracci\u00f3n. Son seguras incluso para usarlas si sales\u00a0fuera o si haces tus actividades diarias. Se recomienda tambi\u00e9n para los principiantes\u00a0para fortalecer los m\u00fasculos del suelo p\u00e9lvico.<\/p>\n<p>Se recomienda el uso del lubricante a base de agua para su introducci\u00f3n.<\/p>\n<ul>\n<li>Color: Morado<\/li>\n<li>Texturizado\u00a0<\/li>\n<li>Material: TPR<\/li>\n<li>Medidas: Ver foto\u00a0<\/li>\n<li>Se recomienda el uso de lubricante\u00a0<\/li>\n<\/ul>","protected":false},"excerpt":{"rendered":"<p>A DEEPLY PLEASURE SPIKY BALLS PURPLE 3,60 CM<\/p>","protected":false},"featured_media":67341,"comment_status":"open","ping_status":"closed","template":"","meta":{"_monsterinsights_skip_tracking":false,"_monsterinsights_sitenote_active":false,"_monsterinsights_sitenote_note":"","_monsterinsights_sitenote_category":0,"_joinchat":[]},"product_brand":[],"product_cat":[1158,1264,1152],"product_tag":[],"class_list":{"0":"post-39033","1":"product","2":"type-product","3":"status-publish","4":"has-post-thumbnail","6":"product_cat-juguetes-bienestar-bolas","7":"product_cat-juguetes-bienestar-bolasbolas-basicas","8":"product_cat-juguetes-bienestar","9":"yith_product_brand-baile","10":"yith_product_brand-bailebaile-stimulating","12":"first","13":"instock","14":"taxable","15":"shipping-taxable","16":"purchasable","17":"product-type-simple"},"aioseo_notices":[],"_links":{"self":[{"href":"https:\/\/www.mysexualfantasy.eu\/en\/wp-json\/wp\/v2\/product\/39033","targetHints":{"allow":["GET"]}}],"collection":[{"href":"https:\/\/www.mysexualfantasy.eu\/en\/wp-json\/wp\/v2\/product"}],"about":[{"href":"https:\/\/www.mysexualfantasy.eu\/en\/wp-json\/wp\/v2\/types\/product"}],"replies":[{"embeddable":true,"href":"https:\/\/www.mysexualfantasy.eu\/en\/wp-json\/wp\/v2\/comments?post=39033"}],"wp:featuredmedia":[{"embeddable":true,"href":"https:\/\/www.mysexualfantasy.eu\/en\/wp-json\/wp\/v2\/media\/67341"}],"wp:attachment":[{"href":"https:\/\/www.mysexualfantasy.eu\/en\/wp-json\/wp\/v2\/media?parent=39033"}],"wp:term":[{"taxonomy":"product_brand","embeddable":true,"href":"https:\/\/www.mysexualfantasy.eu\/en\/wp-json\/wp\/v2\/product_brand?post=39033"},{"taxonomy":"product_cat","embeddable":true,"href":"https:\/\/www.mysexualfantasy.eu\/en\/wp-json\/wp\/v2\/product_cat?post=39033"},{"taxonomy":"product_tag","embeddable":true,"href":"https:\/\/www.mysexualfantasy.eu\/en\/wp-json\/wp\/v2\/product_tag?post=39033"}],"curies":[{"name":"wp","href":"https:\/\/api.w.org\/{rel}","templated":true}]}}