{"id":39087,"date":"2023-01-13T14:47:29","date_gmt":"2023-01-13T14:47:29","guid":{"rendered":"https:\/\/www.mysexualfantasy.eu\/?post_type=product&#038;p=39087"},"modified":"2023-12-06T17:26:04","modified_gmt":"2023-12-06T17:26:04","slug":"obsessive-filipines-tanga-bikini-s","status":"publish","type":"product","link":"https:\/\/www.mysexualfantasy.eu\/en\/product\/obsessive-filipines-tanga-bikini-s\/","title":{"rendered":"OBSESSIVE &#8211; FILIPINES TANGA BIKINI S"},"content":{"rendered":"<p>Son las caderas extremadamente sensuales y bellamente enfatizadas su sue\u00f1o? \u00a1Ll\u00e9valo a cabo con el tanga de bikini FILIPINES! \u00a1Este extraordinario corte sabe c\u00f3mo encantar y proporcionar muchas sensaciones agradables! \u00a1Los tentadores detalles de joyer\u00eda y un color dorado para enfatizar el bronceado te dar\u00e1n confianza en ti mismo y se encargar\u00e1n de infinitas capas de atractivo sexual! Quieres averiguarlo?<\/p>\n<p>Caracter\u00edsticas<\/p>\n<ul>\n<li>Feminine Filipinas thong<\/li>\n<li>dos correas tentadoras en las caderas: \u00a1formas bellamente enfatizadas!<\/li>\n<li>inserciones de joyas de oro en la parte delantera y encima del trasero: una adici\u00f3n deliciosa<\/li>\n<li>corte sexy &#8211; aspecto fant\u00e1stico del trasero y las piernas<\/li>\n<li>material suave y ligeramente brillante (74 % poliamida, 26 % elastano; forro: 95 % poli\u00e9ster, 5 % elastano)<\/li>\n<\/ul>\n<p>\u00a1Obsessive significa inspiraci\u00f3n en la mujer!\u00a0 Elegancia, sensualidad, amor a la costura&#8230;.significa mucho para la mujer, pocos son los adjetivos que pueden calificar a Obsessive, donde una labor de a\u00f1os han conseguido unir la mejor relaci\u00f3n calidad-precio.<\/p>\n<p 1.5=\"\" color:=\"\" font-size:=\"\" line-height:=\"\" margin-top:=\"\" roboto=\"\" style=\"box-sizing: border-box;\">\u00a1L\u00edderes mundiales en lencer\u00eda, nadie lo hace mejor!<\/p>\n<p>\u00a0<\/p>","protected":false},"excerpt":{"rendered":"<p>OBSESSIVE &#8211; FILIPINES BIKINI THONG S<\/p>","protected":false},"featured_media":71420,"comment_status":"open","ping_status":"closed","template":"","meta":{"_monsterinsights_skip_tracking":false,"_monsterinsights_sitenote_active":false,"_monsterinsights_sitenote_note":"","_monsterinsights_sitenote_category":0,"_joinchat":[]},"product_brand":[],"product_cat":[969,326,948,148,959,970],"product_tag":[],"class_list":{"0":"post-39087","1":"product","2":"type-product","3":"status-publish","4":"has-post-thumbnail","6":"product_cat-lencerialenceria-mujerbikinis","7":"product_cat-lenceria","8":"product_cat-lencerialenceria-mujer","9":"product_cat-ofertas","10":"product_cat-lencerialenceria-mujertangas-culots","11":"product_cat-lencerialenceria-mujerverano","12":"yith_product_brand-obsessive","13":"yith_product_brand-obsessiveobsessive-summer","15":"first","16":"instock","17":"taxable","18":"shipping-taxable","19":"purchasable","20":"product-type-variable"},"aioseo_notices":[],"_links":{"self":[{"href":"https:\/\/www.mysexualfantasy.eu\/en\/wp-json\/wp\/v2\/product\/39087","targetHints":{"allow":["GET"]}}],"collection":[{"href":"https:\/\/www.mysexualfantasy.eu\/en\/wp-json\/wp\/v2\/product"}],"about":[{"href":"https:\/\/www.mysexualfantasy.eu\/en\/wp-json\/wp\/v2\/types\/product"}],"replies":[{"embeddable":true,"href":"https:\/\/www.mysexualfantasy.eu\/en\/wp-json\/wp\/v2\/comments?post=39087"}],"wp:featuredmedia":[{"embeddable":true,"href":"https:\/\/www.mysexualfantasy.eu\/en\/wp-json\/wp\/v2\/media\/71420"}],"wp:attachment":[{"href":"https:\/\/www.mysexualfantasy.eu\/en\/wp-json\/wp\/v2\/media?parent=39087"}],"wp:term":[{"taxonomy":"product_brand","embeddable":true,"href":"https:\/\/www.mysexualfantasy.eu\/en\/wp-json\/wp\/v2\/product_brand?post=39087"},{"taxonomy":"product_cat","embeddable":true,"href":"https:\/\/www.mysexualfantasy.eu\/en\/wp-json\/wp\/v2\/product_cat?post=39087"},{"taxonomy":"product_tag","embeddable":true,"href":"https:\/\/www.mysexualfantasy.eu\/en\/wp-json\/wp\/v2\/product_tag?post=39087"}],"curies":[{"name":"wp","href":"https:\/\/api.w.org\/{rel}","templated":true}]}}